{"id":1336772,"date":"2020-10-16T11:36:27","date_gmt":"2020-10-16T09:36:27","guid":{"rendered":"https:\/\/laboklin.de\/leistungen\/genetik\/erbkrankheiten\/hund\/progressive-retinaatrophie-necap1-pra\/"},"modified":"2025-02-17T11:10:17","modified_gmt":"2025-02-17T10:10:17","slug":"progressive-retinaatrophie-necap1-pra","status":"publish","type":"page","link":"https:\/\/laboklin.de\/de-ch\/leistungen\/genetik\/erbkrankheiten\/hund\/progressive-retinaatrophie-necap1-pra\/","title":{"rendered":"Progressive Retinaatrophie (NECAP1-PRA)"},"content":{"rendered":"<h3 class=\"csc-firstHeader\">Progressive Retinaatrophie (NECAP1-PRA)<\/h3><p><span>LABOKLIN Leistungs-ID: 8374<\/span><\/p><p class=\"bodytext\">Progressive Retinaatrophien beim Hund stellen eine heterogene Gruppe genetisch bedingter Erkrankungen dar, die sich durch eine Retina-Degeneration und in den meisten F\u00e4llen eine damit einhergehende Blindheit kennzeichnen lassen.  W\u00e4hrend einige PRA verursachende Varianten in mehreren Rassen vorkommen k\u00f6nnen, wurden manche Varianten nur in bestimmten Rassen gefunden bzw. in Rassen desselben Ursprungs.  Bei einer klinischen Augenuntersuchung  k\u00f6nnen folgende typische Anzeichen einer PRA gefunden werden: bilaterale tapetale Hyperreflektivit\u00e4t und retinale Gef\u00e4\u00dfverengungen. Die genetische Untersuchung erg\u00e4nzt die klinische Augenuntersuchung mit dem Vorteil,  dass PRA verursachende Varianten bereits vor dem Zuchtalter und vor dem Auftreten klinischer Symptome erkannt werden k\u00f6nnen. <br \/>\nBeim Riesenschnauzer wurde eine Variante im sogenannten NECAP1-Gen gefunden, die mit einer neuen Form der PRA assoziiert werden kann.  Die ersten Symptome dieser PRA-Form werden in einem Alter von etwa 4 Jahren beschrieben. Das NECAP1-Gen codiert f\u00fcr ein Protein, das an der Clathrin-vermittelten Endozytose (CEM) in den Synapsen beteiligt ist. Man geht davon aus, dass durch das Verhindern dieser CEM in der Retina betroffener Hunde Rhodopsin in den Photorezeptoren akkumuliert, was zu Zelltod und einer Degeneration der Retina f\u00fchrt. <\/p><table class=\"tx-laboklinleistung-table contenttable contenttable-2\" style=\"margin-top: 35px;\"><tr><td class=\"td-0\"><strong>Methode<\/strong><\/td><td class=\"td-1\"><p class=\"bodytext\">TaqMan SNP Assay, ggf. Sequenzierung<\/p><\/td><\/tr><tr><td class=\"td-0\"><strong>Rasse<\/strong><\/td><td class=\"td-1\"><p class=\"bodytext\">Riesenschnauzer<\/p><\/td><\/tr><tr><td class=\"td-0\"><strong>Erbgang<\/strong><\/td><td class=\"td-1\"><p class=\"bodytext\">autosomal-rezessiv<\/p><\/td><\/tr><tr><td class=\"td-0\"><strong>Dauer<\/strong><\/td><td class=\"td-1\"><p class=\"bodytext\">3 - 5 Tage nach Erhalt der Probe (bei Sequenzierung 1 - 2 Wochen)<\/p><\/td><\/tr><\/table>\n","protected":false},"excerpt":{"rendered":"<p>Progressive Retinaatrophie (NECAP1-PRA)LABOKLIN Leistungs-ID: 8374Progressive Retinaatrophien beim Hund stellen eine heterogene Gruppe genetisch bedingter Erkrankungen dar, die sich durch eine Retina-Degeneration und in den meisten F\u00e4llen eine damit einhergehende Blindheit kennzeichnen lassen. W\u00e4hrend einige PRA verursachende Varianten in mehreren Rassen vorkommen k\u00f6nnen, wurden manche Varianten nur in bestimmten Rassen gefunden bzw. in Rassen desselben Ursprungs.&hellip;<\/p>\n","protected":false},"author":1,"featured_media":0,"parent":1332702,"menu_order":197,"comment_status":"closed","ping_status":"closed","template":"","meta":{"_seopress_robots_primary_cat":"","_seopress_titles_title":"","_seopress_titles_desc":"","_seopress_robots_index":"","footnotes":""},"class_list":["post-1336772","page","type-page","status-publish","hentry","description-off"],"_links":{"self":[{"href":"https:\/\/laboklin.de\/de-ch\/wp-json\/wp\/v2\/pages\/1336772","targetHints":{"allow":["GET"]}}],"collection":[{"href":"https:\/\/laboklin.de\/de-ch\/wp-json\/wp\/v2\/pages"}],"about":[{"href":"https:\/\/laboklin.de\/de-ch\/wp-json\/wp\/v2\/types\/page"}],"author":[{"embeddable":true,"href":"https:\/\/laboklin.de\/de-ch\/wp-json\/wp\/v2\/users\/1"}],"replies":[{"embeddable":true,"href":"https:\/\/laboklin.de\/de-ch\/wp-json\/wp\/v2\/comments?post=1336772"}],"version-history":[{"count":1,"href":"https:\/\/laboklin.de\/de-ch\/wp-json\/wp\/v2\/pages\/1336772\/revisions"}],"predecessor-version":[{"id":1509390,"href":"https:\/\/laboklin.de\/de-ch\/wp-json\/wp\/v2\/pages\/1336772\/revisions\/1509390"}],"up":[{"embeddable":true,"href":"https:\/\/laboklin.de\/de-ch\/wp-json\/wp\/v2\/pages\/1332702"}],"wp:attachment":[{"href":"https:\/\/laboklin.de\/de-ch\/wp-json\/wp\/v2\/media?parent=1336772"}],"curies":[{"name":"wp","href":"https:\/\/api.w.org\/{rel}","templated":true}]}}