{"id":1336748,"date":"2020-10-16T11:36:27","date_gmt":"2020-10-16T09:36:27","guid":{"rendered":"https:\/\/laboklin.de\/leistungen\/genetik\/erbkrankheiten\/hund\/neuronale-ceroidlipofuszinose-ncl-3\/"},"modified":"2025-12-17T14:39:42","modified_gmt":"2025-12-17T13:39:42","slug":"neuronale-ceroidlipofuszinose-ncl-3","status":"publish","type":"page","link":"https:\/\/laboklin.de\/de-ch\/leistungen\/genetik\/erbkrankheiten\/hund\/neuronale-ceroidlipofuszinose-ncl-3\/","title":{"rendered":"Neuronale Ceroidlipofuszinose (NCL)"},"content":{"rendered":"<h3 class=\"csc-firstHeader\">Neuronale Ceroidlipofuszinose (NCL)<\/h3><p><span>LABOKLIN Leistungs-ID: 8396<\/span><\/p><p class=\"bodytext\">Es handelt sich hierbei um eine neurodegenerative Erkrankung aufgrund von lysosomalen Speicherdefekten. Klinische Symptome sind Verhaltensver\u00e4nderungen (Unruhe, Aggressivit\u00e4t, Angst). Die Hunde k\u00f6nnen auch unter epileptischen Zust\u00e4nden und Sehst\u00f6rungen leiden. Die meisten Tiere verlieren die F\u00e4higkeit, die allt\u00e4glichen Muskelaktivit\u00e4ten wie Fressen und Laufen zu koordinieren. Das Alter, in dem die Erkrankung beginnt, sowie der Schweregrad k\u00f6nnen stark variieren. <\/p><table class=\"tx-laboklinleistung-table contenttable contenttable-2\" style=\"margin-top: 35px;\"><tr><td class=\"td-0\"><strong>Methode<\/strong><\/td><td class=\"td-1\"><p class=\"bodytext\">TaqMan SNP Assay, ggf. Sequenzierung<\/p><\/td><\/tr><tr><td class=\"td-0\"><strong>Rasse<\/strong><\/td><td class=\"td-1\"><p class=\"bodytext\">American Staffordshire Terrier<\/p><\/td><\/tr><tr><td class=\"td-0\"><strong>Erbgang<\/strong><\/td><td class=\"td-1\"><p class=\"bodytext\">autosomal-rezessiv<\/p><\/td><\/tr><tr><td class=\"td-0\"><strong>Dauer<\/strong><\/td><td class=\"td-1\"><p class=\"bodytext\">3 - 5 Werktage nach Erhalt der Probe, bei Sequenzierung 1 - 2 Woche<\/p><\/td><\/tr><\/table>\n","protected":false},"excerpt":{"rendered":"<p>Neuronale Ceroidlipofuszinose (NCL)LABOKLIN Leistungs-ID: 8396Es handelt sich hierbei um eine neurodegenerative Erkrankung aufgrund von lysosomalen Speicherdefekten. Klinische Symptome sind Verhaltensver\u00e4nderungen (Unruhe, Aggressivit\u00e4t, Angst). Die Hunde k\u00f6nnen auch unter epileptischen Zust\u00e4nden und Sehst\u00f6rungen leiden. Die meisten Tiere verlieren die F\u00e4higkeit, die allt\u00e4glichen Muskelaktivit\u00e4ten wie Fressen und Laufen zu koordinieren. Das Alter, in dem die Erkrankung beginnt,&hellip;<\/p>\n","protected":false},"author":1,"featured_media":0,"parent":1332702,"menu_order":187,"comment_status":"closed","ping_status":"closed","template":"","meta":{"_seopress_robots_primary_cat":"","_seopress_titles_title":"","_seopress_titles_desc":"","_seopress_robots_index":"","footnotes":""},"class_list":["post-1336748","page","type-page","status-publish","hentry","description-off"],"_links":{"self":[{"href":"https:\/\/laboklin.de\/de-ch\/wp-json\/wp\/v2\/pages\/1336748","targetHints":{"allow":["GET"]}}],"collection":[{"href":"https:\/\/laboklin.de\/de-ch\/wp-json\/wp\/v2\/pages"}],"about":[{"href":"https:\/\/laboklin.de\/de-ch\/wp-json\/wp\/v2\/types\/page"}],"author":[{"embeddable":true,"href":"https:\/\/laboklin.de\/de-ch\/wp-json\/wp\/v2\/users\/1"}],"replies":[{"embeddable":true,"href":"https:\/\/laboklin.de\/de-ch\/wp-json\/wp\/v2\/comments?post=1336748"}],"version-history":[{"count":2,"href":"https:\/\/laboklin.de\/de-ch\/wp-json\/wp\/v2\/pages\/1336748\/revisions"}],"predecessor-version":[{"id":1578644,"href":"https:\/\/laboklin.de\/de-ch\/wp-json\/wp\/v2\/pages\/1336748\/revisions\/1578644"}],"up":[{"embeddable":true,"href":"https:\/\/laboklin.de\/de-ch\/wp-json\/wp\/v2\/pages\/1332702"}],"wp:attachment":[{"href":"https:\/\/laboklin.de\/de-ch\/wp-json\/wp\/v2\/media?parent=1336748"}],"curies":[{"name":"wp","href":"https:\/\/api.w.org\/{rel}","templated":true}]}}