{"id":1336743,"date":"2020-10-16T11:36:27","date_gmt":"2020-10-16T09:36:27","guid":{"rendered":"https:\/\/laboklin.de\/leistungen\/genetik\/erbkrankheiten\/hund\/phosphofruktokinase-defizienz-pfkd\/"},"modified":"2025-02-17T09:49:55","modified_gmt":"2025-02-17T08:49:55","slug":"phosphofruktokinase-defizienz-pfkd","status":"publish","type":"page","link":"https:\/\/laboklin.de\/de-ch\/leistungen\/genetik\/erbkrankheiten\/hund\/phosphofruktokinase-defizienz-pfkd\/","title":{"rendered":"Phosphofruktokinase-Defizienz (PFKD)"},"content":{"rendered":"<h3 class=\"csc-firstHeader\">Phosphofruktokinase-Defizienz (PFKD)<\/h3><p><span>LABOKLIN Leistungs-ID: 8017<\/span><\/p><p class=\"bodytext\">Bei dieser Erkrankung handelt es sich um einen vererbten Mangel des Enzyms Phosphofruktokinase. Die Phosphofruktokinase gilt als das zentral regulierende Enzym in der Glykolyse. Ohne dieses k\u00f6nnen Muskelzellen und rote Blutk\u00f6rperchen nicht ausreichend Energie f\u00fcr ihren Bedarf produzieren. Der Enzymmangel f\u00fchrt durch die Zerst\u00f6rung von roten Blutk\u00f6rperchen zur Rotf\u00e4rbung des Harns, zur Blutarmut und Gelbsucht. Weitere Symptome dieser Erkrankung sind Bewegungsintoleranz und Muskelkr\u00e4mpfe. Ausgel\u00f6st werden solche Krisen insbesondere durch Aufregung, anstrengende Bewegung oder ausgiebiges Bellen. <\/p><table class=\"tx-laboklinleistung-table contenttable contenttable-2\" style=\"margin-top: 35px;\"><tr><td class=\"td-0\"><strong>Methode<\/strong><\/td><td class=\"td-1\"><p class=\"bodytext\">Sequenzierung<\/p><\/td><\/tr><tr><td class=\"td-0\"><strong>Rasse<\/strong><\/td><td class=\"td-1\"><p class=\"bodytext\">American Cocker Spaniel, Deutscher Wachtelhund, English Springer Spaniel, Whippet<\/p><\/td><\/tr><tr><td class=\"td-0\"><strong>Erbgang<\/strong><\/td><td class=\"td-1\"><p class=\"bodytext\">autosomal-rezessiv<\/p><\/td><\/tr><tr><td class=\"td-0\"><strong>Dauer<\/strong><\/td><td class=\"td-1\"><p class=\"bodytext\">1 - 2 Wochen nach Erhalt der Probe<\/p><\/td><\/tr><\/table>\n","protected":false},"excerpt":{"rendered":"<p>Phosphofruktokinase-Defizienz (PFKD)LABOKLIN Leistungs-ID: 8017Bei dieser Erkrankung handelt es sich um einen vererbten Mangel des Enzyms Phosphofruktokinase. Die Phosphofruktokinase gilt als das zentral regulierende Enzym in der Glykolyse. Ohne dieses k\u00f6nnen Muskelzellen und rote Blutk\u00f6rperchen nicht ausreichend Energie f\u00fcr ihren Bedarf produzieren. Der Enzymmangel f\u00fchrt durch die Zerst\u00f6rung von roten Blutk\u00f6rperchen zur Rotf\u00e4rbung des Harns, zur&hellip;<\/p>\n","protected":false},"author":1,"featured_media":0,"parent":1332702,"menu_order":185,"comment_status":"closed","ping_status":"closed","template":"","meta":{"_seopress_robots_primary_cat":"","_seopress_titles_title":"","_seopress_titles_desc":"","_seopress_robots_index":"","footnotes":""},"class_list":["post-1336743","page","type-page","status-publish","hentry","description-off"],"_links":{"self":[{"href":"https:\/\/laboklin.de\/de-ch\/wp-json\/wp\/v2\/pages\/1336743","targetHints":{"allow":["GET"]}}],"collection":[{"href":"https:\/\/laboklin.de\/de-ch\/wp-json\/wp\/v2\/pages"}],"about":[{"href":"https:\/\/laboklin.de\/de-ch\/wp-json\/wp\/v2\/types\/page"}],"author":[{"embeddable":true,"href":"https:\/\/laboklin.de\/de-ch\/wp-json\/wp\/v2\/users\/1"}],"replies":[{"embeddable":true,"href":"https:\/\/laboklin.de\/de-ch\/wp-json\/wp\/v2\/comments?post=1336743"}],"version-history":[{"count":1,"href":"https:\/\/laboklin.de\/de-ch\/wp-json\/wp\/v2\/pages\/1336743\/revisions"}],"predecessor-version":[{"id":1509190,"href":"https:\/\/laboklin.de\/de-ch\/wp-json\/wp\/v2\/pages\/1336743\/revisions\/1509190"}],"up":[{"embeddable":true,"href":"https:\/\/laboklin.de\/de-ch\/wp-json\/wp\/v2\/pages\/1332702"}],"wp:attachment":[{"href":"https:\/\/laboklin.de\/de-ch\/wp-json\/wp\/v2\/media?parent=1336743"}],"curies":[{"name":"wp","href":"https:\/\/api.w.org\/{rel}","templated":true}]}}