{"id":1336729,"date":"2020-10-16T11:36:27","date_gmt":"2020-10-16T09:36:27","guid":{"rendered":"https:\/\/laboklin.de\/leistungen\/genetik\/erbkrankheiten\/hund\/pyruvatkinase-defizienz-pk\/"},"modified":"2025-02-17T11:21:19","modified_gmt":"2025-02-17T10:21:19","slug":"pyruvatkinase-defizienz-pk","status":"publish","type":"page","link":"https:\/\/laboklin.de\/de-ch\/leistungen\/genetik\/erbkrankheiten\/hund\/pyruvatkinase-defizienz-pk\/","title":{"rendered":"Pyruvatkinase-Defizienz (PK)"},"content":{"rendered":"<h3 class=\"csc-firstHeader\">Pyruvatkinase-Defizienz (PK)<\/h3><p><span>LABOKLIN Leistungs-ID: 8015<\/span><\/p><p class=\"bodytext\">Aufgrund der fehlenden Pyruvatkinase ist die Glykolyse in den Erythrozyten beeintr\u00e4chtigt. Dadurch kommt es zur schweren chronischen, regenerativen h\u00e4molytischen An\u00e4mie und Retikulozytose. Weiterhin kommt es bei Hunden zur progressiven Myelofibrose und Osteosklerose. Dies sind mitunter die Hauptursachen f\u00fcr den fr\u00fchen Tod der betroffenen Hunde. Klinische Symptome der Erkrankung sind allgemeiner Schw\u00e4chezustand und eine vergr\u00f6\u00dferte Milz. <\/p><table class=\"tx-laboklinleistung-table contenttable contenttable-2\" style=\"margin-top: 35px;\"><tr><td class=\"td-0\"><strong>Methode<\/strong><\/td><td class=\"td-1\"><p class=\"bodytext\">Sequenzierung<\/p><\/td><\/tr><tr><td class=\"td-0\"><strong>Rasse<\/strong><\/td><td class=\"td-1\"><p class=\"bodytext\">Australian-Labradoodle (Cobberdog), Basenji, Beagle, Cairn Terrier, Labradoodle, Labrador Retriever, Mops, West Highland White Terrier<\/p><\/td><\/tr><tr><td class=\"td-0\"><strong>Erbgang<\/strong><\/td><td class=\"td-1\"><p class=\"bodytext\">autosomal-rezessiv<\/p><\/td><\/tr><tr><td class=\"td-0\"><strong>Dauer<\/strong><\/td><td class=\"td-1\"><p class=\"bodytext\">1 - 2 Wochen nach Erhalt der Probe<\/p><\/td><\/tr><\/table>\n","protected":false},"excerpt":{"rendered":"<p>Pyruvatkinase-Defizienz (PK)LABOKLIN Leistungs-ID: 8015Aufgrund der fehlenden Pyruvatkinase ist die Glykolyse in den Erythrozyten beeintr\u00e4chtigt. Dadurch kommt es zur schweren chronischen, regenerativen h\u00e4molytischen An\u00e4mie und Retikulozytose. Weiterhin kommt es bei Hunden zur progressiven Myelofibrose und Osteosklerose. Dies sind mitunter die Hauptursachen f\u00fcr den fr\u00fchen Tod der betroffenen Hunde. Klinische Symptome der Erkrankung sind allgemeiner Schw\u00e4chezustand und&hellip;<\/p>\n","protected":false},"author":1,"featured_media":0,"parent":1332702,"menu_order":179,"comment_status":"closed","ping_status":"closed","template":"","meta":{"_seopress_robots_primary_cat":"","_seopress_titles_title":"","_seopress_titles_desc":"","_seopress_robots_index":"","footnotes":""},"class_list":["post-1336729","page","type-page","status-publish","hentry","description-off"],"_links":{"self":[{"href":"https:\/\/laboklin.de\/de-ch\/wp-json\/wp\/v2\/pages\/1336729","targetHints":{"allow":["GET"]}}],"collection":[{"href":"https:\/\/laboklin.de\/de-ch\/wp-json\/wp\/v2\/pages"}],"about":[{"href":"https:\/\/laboklin.de\/de-ch\/wp-json\/wp\/v2\/types\/page"}],"author":[{"embeddable":true,"href":"https:\/\/laboklin.de\/de-ch\/wp-json\/wp\/v2\/users\/1"}],"replies":[{"embeddable":true,"href":"https:\/\/laboklin.de\/de-ch\/wp-json\/wp\/v2\/comments?post=1336729"}],"version-history":[{"count":1,"href":"https:\/\/laboklin.de\/de-ch\/wp-json\/wp\/v2\/pages\/1336729\/revisions"}],"predecessor-version":[{"id":1509433,"href":"https:\/\/laboklin.de\/de-ch\/wp-json\/wp\/v2\/pages\/1336729\/revisions\/1509433"}],"up":[{"embeddable":true,"href":"https:\/\/laboklin.de\/de-ch\/wp-json\/wp\/v2\/pages\/1332702"}],"wp:attachment":[{"href":"https:\/\/laboklin.de\/de-ch\/wp-json\/wp\/v2\/media?parent=1336729"}],"curies":[{"name":"wp","href":"https:\/\/api.w.org\/{rel}","templated":true}]}}