{"id":1336712,"date":"2020-10-16T11:36:27","date_gmt":"2020-10-16T09:36:27","guid":{"rendered":"https:\/\/laboklin.de\/leistungen\/genetik\/erbkrankheiten\/hund\/myostatin-mutation-bully-gen\/"},"modified":"2025-02-17T09:37:19","modified_gmt":"2025-02-17T08:37:19","slug":"myostatin-mutation-bully-gen","status":"publish","type":"page","link":"https:\/\/laboklin.de\/de-ch\/leistungen\/genetik\/erbkrankheiten\/hund\/myostatin-mutation-bully-gen\/","title":{"rendered":"Myostatin-Mutation (&#171;Bully&#187;-Gen)"},"content":{"rendered":"<h3 class=\"csc-firstHeader\">Myostatin-Mutation (\u201eBully\u201c-Gen)<\/h3><p><span>LABOKLIN Leistungs-ID: 8220<\/span><\/p><p class=\"bodytext\">Es wurde eine Mutation im Myostatin-Gen gefunden, bei der man einen signifikanten Zusammenhang zwischen der Mutation und der Renn-Leistungsf\u00e4higkeit beim Whippet feststellen konnte. Hunde mit einem \u201eBully\u201c-Allel (heterozygoter Fall) waren deutlich h\u00e4ufiger in der Top-Renn-Klasse vertreten. Hunde mit zwei \u201eBully\u201c-Allelen (homozygoter Fall) erscheinen extrem muskul\u00e4r, jedoch ist ihre Lauff\u00e4higkeit eingeschr\u00e4nkt. Au\u00dferdem weisen sie einen ungew\u00f6hnlichen K\u00f6rperbau mit einem breiten Kopf, einem betonten \u00dcberbiss, kurzen Beinen und einer dickeren Taille auf. Diese Whippets nennt man auch \u201eBully\u201c Whippets aufgrund ihres K\u00f6rperbaus, jedoch nicht aufgrund ihres Temperaments. Diese Mutation wurde nicht in anderen Rassen mit erh\u00f6hter Muskelmasse wie Boxer und Mastiff oder in anderen Windhunderassen wie Greyhounds oder Afghanischen Windhunden gefunden. <\/p><table class=\"tx-laboklinleistung-table contenttable contenttable-2\" style=\"margin-top: 35px;\"><tr><td class=\"td-0\"><strong>Methode<\/strong><\/td><td class=\"td-1\"><p class=\"bodytext\">Sequenzierung<\/p><\/td><\/tr><tr><td class=\"td-0\"><strong>Rasse<\/strong><\/td><td class=\"td-1\"><p class=\"bodytext\">Whippet<\/p><\/td><\/tr><tr><td class=\"td-0\"><strong>Erbgang<\/strong><\/td><td class=\"td-1\"><p class=\"bodytext\">autosomal-rezessiv<\/p><\/td><\/tr><tr><td class=\"td-0\"><strong>Dauer<\/strong><\/td><td class=\"td-1\"><p class=\"bodytext\">1 - 2 Wochen nach Erhalt der Probe<\/p><\/td><\/tr><\/table>\n","protected":false},"excerpt":{"rendered":"<p>Myostatin-Mutation (\u201eBully\u201c-Gen)LABOKLIN Leistungs-ID: 8220Es wurde eine Mutation im Myostatin-Gen gefunden, bei der man einen signifikanten Zusammenhang zwischen der Mutation und der Renn-Leistungsf\u00e4higkeit beim Whippet feststellen konnte. Hunde mit einem \u201eBully\u201c-Allel (heterozygoter Fall) waren deutlich h\u00e4ufiger in der Top-Renn-Klasse vertreten. Hunde mit zwei \u201eBully\u201c-Allelen (homozygoter Fall) erscheinen extrem muskul\u00e4r, jedoch ist ihre Lauff\u00e4higkeit eingeschr\u00e4nkt. Au\u00dferdem weisen&hellip;<\/p>\n","protected":false},"author":1,"featured_media":0,"parent":1332702,"menu_order":172,"comment_status":"closed","ping_status":"closed","template":"","meta":{"_seopress_robots_primary_cat":"","_seopress_titles_title":"","_seopress_titles_desc":"","_seopress_robots_index":"","footnotes":""},"class_list":["post-1336712","page","type-page","status-publish","hentry","description-off"],"_links":{"self":[{"href":"https:\/\/laboklin.de\/de-ch\/wp-json\/wp\/v2\/pages\/1336712","targetHints":{"allow":["GET"]}}],"collection":[{"href":"https:\/\/laboklin.de\/de-ch\/wp-json\/wp\/v2\/pages"}],"about":[{"href":"https:\/\/laboklin.de\/de-ch\/wp-json\/wp\/v2\/types\/page"}],"author":[{"embeddable":true,"href":"https:\/\/laboklin.de\/de-ch\/wp-json\/wp\/v2\/users\/1"}],"replies":[{"embeddable":true,"href":"https:\/\/laboklin.de\/de-ch\/wp-json\/wp\/v2\/comments?post=1336712"}],"version-history":[{"count":1,"href":"https:\/\/laboklin.de\/de-ch\/wp-json\/wp\/v2\/pages\/1336712\/revisions"}],"predecessor-version":[{"id":1509142,"href":"https:\/\/laboklin.de\/de-ch\/wp-json\/wp\/v2\/pages\/1336712\/revisions\/1509142"}],"up":[{"embeddable":true,"href":"https:\/\/laboklin.de\/de-ch\/wp-json\/wp\/v2\/pages\/1332702"}],"wp:attachment":[{"href":"https:\/\/laboklin.de\/de-ch\/wp-json\/wp\/v2\/media?parent=1336712"}],"curies":[{"name":"wp","href":"https:\/\/api.w.org\/{rel}","templated":true}]}}