{"id":1336664,"date":"2020-10-16T11:36:27","date_gmt":"2020-10-16T09:36:27","guid":{"rendered":"https:\/\/laboklin.de\/leistungen\/genetik\/erbkrankheiten\/hund\/shar-pei-autoinflammatory-disease-spaid\/"},"modified":"2025-02-17T13:53:00","modified_gmt":"2025-02-17T12:53:00","slug":"shar-pei-autoinflammatory-disease-spaid","status":"publish","type":"page","link":"https:\/\/laboklin.de\/de-ch\/leistungen\/genetik\/erbkrankheiten\/hund\/shar-pei-autoinflammatory-disease-spaid\/","title":{"rendered":"Shar Pei autoinflammatory disease (SPAID)"},"content":{"rendered":"<h3 class=\"csc-firstHeader\">Shar Pei autoinflammatory disease* (SPAID)<\/h3><p><span>LABOKLIN Leistungs-ID: 8642<\/span><\/p><p class=\"bodytext\">Beim Shar Pei werden Entz\u00fcndungssymptome wie Fieber und Arthritis h\u00e4ufig mit der rassespezifischen Pr\u00e4disposition f\u00fcr das Syndrom \u201eShar Pei Autoinflammatory Disease\u201c (SPAID) in Verbindung gebracht. Neben dem typischen Fieber k\u00f6nnen bei SPAID noch folgende Symptome vorkommen: Arthritis, Dermatitis, Otitis, systemische Amyloidose, Hautr\u00f6tungen im Bereich der Hautfalten, verklebte und verdickte Haut, Augen- und st\u00e4ndig wiederkehrende Darmentz\u00fcndungen. Die ersten klinischen Symptome zeigen sich meist im Alter von 1 bis 6 Jahren. Bez\u00fcglich der Komplexit\u00e4t der Krankheit und des variablen Zeitpunkts der ersten Symptome ist SPAID zu humanen autoinflammatorischen Krankheiten sehr \u00e4hnlich, wie zum Beispiel dem famili\u00e4ren Mittelmeerfieber. Es wurde eine Mutation im sogenannten MTBP-Gen gefunden, die sehr stark mit SPAID beim Shar Pei assoziiert ist.<\/p><table class=\"tx-laboklinleistung-table contenttable contenttable-2\" style=\"margin-top: 35px;\"><tr><td class=\"td-0\"><strong>Methode<\/strong><\/td><td class=\"td-1\"><p class=\"bodytext\">TaqMan SNP Assay<\/p><\/td><\/tr><tr><td class=\"td-0\"><strong>Rasse<\/strong><\/td><td class=\"td-1\"><p class=\"bodytext\">Shar Pei<\/p><\/td><\/tr><tr><td class=\"td-0\"><strong>Erbgang<\/strong><\/td><td class=\"td-1\"><p class=\"bodytext\">autosomal-dominant mit variabler Penetranz<\/p><\/td><\/tr><tr><td class=\"td-0\"><strong>Dauer<\/strong><\/td><td class=\"td-1\"><p class=\"bodytext\">3 - 5 Werktage nach Erhalt der Probe<\/p><\/td><\/tr><\/table>\n","protected":false},"excerpt":{"rendered":"<p>Shar Pei autoinflammatory disease* (SPAID)LABOKLIN Leistungs-ID: 8642Beim Shar Pei werden Entz\u00fcndungssymptome wie Fieber und Arthritis h\u00e4ufig mit der rassespezifischen Pr\u00e4disposition f\u00fcr das Syndrom \u201eShar Pei Autoinflammatory Disease\u201c (SPAID) in Verbindung gebracht. Neben dem typischen Fieber k\u00f6nnen bei SPAID noch folgende Symptome vorkommen: Arthritis, Dermatitis, Otitis, systemische Amyloidose, Hautr\u00f6tungen im Bereich der Hautfalten, verklebte und verdickte&hellip;<\/p>\n","protected":false},"author":1,"featured_media":0,"parent":1332702,"menu_order":152,"comment_status":"closed","ping_status":"closed","template":"","meta":{"_seopress_robots_primary_cat":"","_seopress_titles_title":"","_seopress_titles_desc":"","_seopress_robots_index":"","footnotes":""},"class_list":["post-1336664","page","type-page","status-publish","hentry","description-off"],"_links":{"self":[{"href":"https:\/\/laboklin.de\/de-ch\/wp-json\/wp\/v2\/pages\/1336664","targetHints":{"allow":["GET"]}}],"collection":[{"href":"https:\/\/laboklin.de\/de-ch\/wp-json\/wp\/v2\/pages"}],"about":[{"href":"https:\/\/laboklin.de\/de-ch\/wp-json\/wp\/v2\/types\/page"}],"author":[{"embeddable":true,"href":"https:\/\/laboklin.de\/de-ch\/wp-json\/wp\/v2\/users\/1"}],"replies":[{"embeddable":true,"href":"https:\/\/laboklin.de\/de-ch\/wp-json\/wp\/v2\/comments?post=1336664"}],"version-history":[{"count":1,"href":"https:\/\/laboklin.de\/de-ch\/wp-json\/wp\/v2\/pages\/1336664\/revisions"}],"predecessor-version":[{"id":1509465,"href":"https:\/\/laboklin.de\/de-ch\/wp-json\/wp\/v2\/pages\/1336664\/revisions\/1509465"}],"up":[{"embeddable":true,"href":"https:\/\/laboklin.de\/de-ch\/wp-json\/wp\/v2\/pages\/1332702"}],"wp:attachment":[{"href":"https:\/\/laboklin.de\/de-ch\/wp-json\/wp\/v2\/media?parent=1336664"}],"curies":[{"name":"wp","href":"https:\/\/api.w.org\/{rel}","templated":true}]}}