{"id":1336661,"date":"2020-10-16T11:36:27","date_gmt":"2020-10-16T09:36:27","guid":{"rendered":"https:\/\/laboklin.de\/leistungen\/genetik\/erbkrankheiten\/hund\/spondylokostale-dysostose-comma-defect\/"},"modified":"2025-02-17T13:54:30","modified_gmt":"2025-02-17T12:54:30","slug":"spondylokostale-dysostose-comma-defect","status":"publish","type":"page","link":"https:\/\/laboklin.de\/de-ch\/leistungen\/genetik\/erbkrankheiten\/hund\/spondylokostale-dysostose-comma-defect\/","title":{"rendered":"Spondylokostale Dysostose (Comma Defect)"},"content":{"rendered":"<h3 class=\"csc-firstHeader\">Spondylokostale Dysostose (Comma Defect)<\/h3><p><span>LABOKLIN Leistungs-ID: 8335<\/span><\/p><p class=\"bodytext\">Die spondylokostale Dysostose (Comma Defect) ist eine Erberkrankung, die vor allem durch Segmentationsst\u00f6rungen der Wirbels\u00e4ule und der Rippen charakterisiert ist. Der Erkrankung liegt eine Deletion im Gen HES7 zu Grunde. Betroffenen Hunden zeigen disproportioniertem Minderwuchs sowie Wirbels\u00e4ulenverk\u00fcrzung und Rippendefekte schon bei Neugeborenen. Der Sch\u00e4del weist eine prominente Stirn, sowie ein ausladendes Hinterhaupt auf. Zus\u00e4tzlich k\u00f6nnen Fehlbildungen der Zehenn und Bauchwanddefekte auftreten. Die fehlgebildeten Rippen verursachen einen verkleinerten Brustkorb, wodurch die Lungenfunktion eingeschr\u00e4nkt und Ateminsuffizienz verursacht wird.<\/p><table class=\"tx-laboklinleistung-table contenttable contenttable-2\" style=\"margin-top: 35px;\"><tr><td class=\"td-0\"><strong>Methode<\/strong><\/td><td class=\"td-1\"><p class=\"bodytext\">TaqMan SNP Assay; ggf. Sequenzierung<\/p><\/td><\/tr><tr><td class=\"td-0\"><strong>Rasse<\/strong><\/td><td class=\"td-1\"><p class=\"bodytext\">Zwergschnauzer<\/p><\/td><\/tr><tr><td class=\"td-0\"><strong>Erbgang<\/strong><\/td><td class=\"td-1\"><p class=\"bodytext\">autosomal-rezessiv<\/p><\/td><\/tr><tr><td class=\"td-0\"><strong>Dauer<\/strong><\/td><td class=\"td-1\"><p class=\"bodytext\">3 - 5 Werktage nach Erhalt der Probe (bei Sequenzierung 1 - 2 Wochen)<\/p><\/td><\/tr><\/table>\n","protected":false},"excerpt":{"rendered":"<p>Spondylokostale Dysostose (Comma Defect)LABOKLIN Leistungs-ID: 8335Die spondylokostale Dysostose (Comma Defect) ist eine Erberkrankung, die vor allem durch Segmentationsst\u00f6rungen der Wirbels\u00e4ule und der Rippen charakterisiert ist. Der Erkrankung liegt eine Deletion im Gen HES7 zu Grunde. Betroffenen Hunden zeigen disproportioniertem Minderwuchs sowie Wirbels\u00e4ulenverk\u00fcrzung und Rippendefekte schon bei Neugeborenen. Der Sch\u00e4del weist eine prominente Stirn, sowie ein&hellip;<\/p>\n","protected":false},"author":1,"featured_media":0,"parent":1332702,"menu_order":151,"comment_status":"closed","ping_status":"closed","template":"","meta":{"_seopress_robots_primary_cat":"","_seopress_titles_title":"","_seopress_titles_desc":"","_seopress_robots_index":"","footnotes":""},"class_list":["post-1336661","page","type-page","status-publish","hentry","description-off"],"_links":{"self":[{"href":"https:\/\/laboklin.de\/de-ch\/wp-json\/wp\/v2\/pages\/1336661","targetHints":{"allow":["GET"]}}],"collection":[{"href":"https:\/\/laboklin.de\/de-ch\/wp-json\/wp\/v2\/pages"}],"about":[{"href":"https:\/\/laboklin.de\/de-ch\/wp-json\/wp\/v2\/types\/page"}],"author":[{"embeddable":true,"href":"https:\/\/laboklin.de\/de-ch\/wp-json\/wp\/v2\/users\/1"}],"replies":[{"embeddable":true,"href":"https:\/\/laboklin.de\/de-ch\/wp-json\/wp\/v2\/comments?post=1336661"}],"version-history":[{"count":1,"href":"https:\/\/laboklin.de\/de-ch\/wp-json\/wp\/v2\/pages\/1336661\/revisions"}],"predecessor-version":[{"id":1336662,"href":"https:\/\/laboklin.de\/de-ch\/wp-json\/wp\/v2\/pages\/1336661\/revisions\/1336662"}],"up":[{"embeddable":true,"href":"https:\/\/laboklin.de\/de-ch\/wp-json\/wp\/v2\/pages\/1332702"}],"wp:attachment":[{"href":"https:\/\/laboklin.de\/de-ch\/wp-json\/wp\/v2\/media?parent=1336661"}],"curies":[{"name":"wp","href":"https:\/\/api.w.org\/{rel}","templated":true}]}}