{"id":1336659,"date":"2020-10-16T11:36:27","date_gmt":"2020-10-16T09:36:27","guid":{"rendered":"https:\/\/laboklin.de\/leistungen\/genetik\/erbkrankheiten\/hund\/spongioese-degeneration-mit-cerebellaerer-ataxie-typ-2-sdca2\/"},"modified":"2025-02-17T13:58:09","modified_gmt":"2025-02-17T12:58:09","slug":"spongioese-degeneration-mit-cerebellaerer-ataxie-typ-2-sdca2","status":"publish","type":"page","link":"https:\/\/laboklin.de\/de-ch\/leistungen\/genetik\/erbkrankheiten\/hund\/spongioese-degeneration-mit-cerebellaerer-ataxie-typ-2-sdca2\/","title":{"rendered":"Spongi\u00f6se Degeneration mit cerebell\u00e4rer Ataxie Typ 2 (SDCA2)"},"content":{"rendered":"<h3 class=\"csc-firstHeader\">Spongi\u00f6se Degeneration mit cerebell\u00e4rer Ataxie Typ 2 (SDCA2)<\/h3><p><span>LABOKLIN Leistungs-ID: 8582<\/span><\/p><p class=\"bodytext\">Spongi\u00f6se Degeneration mit cerebell\u00e4rer Ataxie (SDCA) ist eine neurodegenerative Krankheit beim Belgischen und Holl\u00e4ndischen Sch\u00e4ferhund, welche durch Mutationen im KCNJ10 Gen (SDCA1) und ATP1B2 Gen (SDCA2) verursacht wird. Welpen mit SDCA zeigen bereits im Alter von 5 - 8 Wochen klinische Symptome. Sie weisen einen ataktischen Gang auf, was haupts\u00e4chlich an den hinteren Extremit\u00e4ten sichtbar wird. Weitere klinische Symptome sind Straucheln und Torkeln, Intentionstremor, Muskelspasmen sowie der Verlust der Balance und Hinfallen. SDCA ist eine progressive Erkrankung, so dass  die Tiere meist im Alter von 12 Wochen euthanasiert werden m\u00fcssen.<\/p><table class=\"tx-laboklinleistung-table contenttable contenttable-2\" style=\"margin-top: 35px;\"><tr><td class=\"td-0\"><strong>Methode<\/strong><\/td><td class=\"td-1\"><p class=\"bodytext\">Fragmentl\u00e4ngenpolymorphismus<\/p><\/td><\/tr><tr><td class=\"td-0\"><strong>Rasse<\/strong><\/td><td class=\"td-1\"><p class=\"bodytext\">Belgischer Sch\u00e4ferhund, Groenendael, Holl\u00e4ndischer Sch\u00e4ferhund, Laekenois, Malinois, Tervueren<\/p><\/td><\/tr><tr><td class=\"td-0\"><strong>Erbgang<\/strong><\/td><td class=\"td-1\"><p class=\"bodytext\">autosomal-rezessiv<\/p><\/td><\/tr><tr><td class=\"td-0\"><strong>Dauer<\/strong><\/td><td class=\"td-1\"><p class=\"bodytext\">1 - 2 Wochen nach Erhalt der Probe<\/p><\/td><\/tr><\/table>\n","protected":false},"excerpt":{"rendered":"<p>Spongi\u00f6se Degeneration mit cerebell\u00e4rer Ataxie Typ 2 (SDCA2)LABOKLIN Leistungs-ID: 8582Spongi\u00f6se Degeneration mit cerebell\u00e4rer Ataxie (SDCA) ist eine neurodegenerative Krankheit beim Belgischen und Holl\u00e4ndischen Sch\u00e4ferhund, welche durch Mutationen im KCNJ10 Gen (SDCA1) und ATP1B2 Gen (SDCA2) verursacht wird. Welpen mit SDCA zeigen bereits im Alter von 5 &#8211; 8 Wochen klinische Symptome. Sie weisen einen ataktischen&hellip;<\/p>\n","protected":false},"author":1,"featured_media":0,"parent":1332702,"menu_order":150,"comment_status":"closed","ping_status":"closed","template":"","meta":{"_seopress_robots_primary_cat":"","_seopress_titles_title":"","_seopress_titles_desc":"","_seopress_robots_index":"","footnotes":""},"class_list":["post-1336659","page","type-page","status-publish","hentry","description-off"],"_links":{"self":[{"href":"https:\/\/laboklin.de\/de-ch\/wp-json\/wp\/v2\/pages\/1336659","targetHints":{"allow":["GET"]}}],"collection":[{"href":"https:\/\/laboklin.de\/de-ch\/wp-json\/wp\/v2\/pages"}],"about":[{"href":"https:\/\/laboklin.de\/de-ch\/wp-json\/wp\/v2\/types\/page"}],"author":[{"embeddable":true,"href":"https:\/\/laboklin.de\/de-ch\/wp-json\/wp\/v2\/users\/1"}],"replies":[{"embeddable":true,"href":"https:\/\/laboklin.de\/de-ch\/wp-json\/wp\/v2\/comments?post=1336659"}],"version-history":[{"count":1,"href":"https:\/\/laboklin.de\/de-ch\/wp-json\/wp\/v2\/pages\/1336659\/revisions"}],"predecessor-version":[{"id":1509474,"href":"https:\/\/laboklin.de\/de-ch\/wp-json\/wp\/v2\/pages\/1336659\/revisions\/1509474"}],"up":[{"embeddable":true,"href":"https:\/\/laboklin.de\/de-ch\/wp-json\/wp\/v2\/pages\/1332702"}],"wp:attachment":[{"href":"https:\/\/laboklin.de\/de-ch\/wp-json\/wp\/v2\/media?parent=1336659"}],"curies":[{"name":"wp","href":"https:\/\/api.w.org\/{rel}","templated":true}]}}