{"id":1336657,"date":"2020-10-16T11:36:27","date_gmt":"2020-10-16T09:36:27","guid":{"rendered":"https:\/\/laboklin.de\/leistungen\/genetik\/erbkrankheiten\/hund\/subakute-nekrotisierende-enzephalopathie-sne\/"},"modified":"2025-02-17T14:00:03","modified_gmt":"2025-02-17T13:00:03","slug":"subakute-nekrotisierende-enzephalopathie-sne","status":"publish","type":"page","link":"https:\/\/laboklin.de\/de-ch\/leistungen\/genetik\/erbkrankheiten\/hund\/subakute-nekrotisierende-enzephalopathie-sne\/","title":{"rendered":"Subakute nekrotisierende Enzephalopathie (SNE)"},"content":{"rendered":"<h3 class=\"csc-firstHeader\">Subakute nekrotisierende Enzephalopathie (SNE)<\/h3><p><span>LABOKLIN Leistungs-ID: 8673<\/span><\/p><p class=\"bodytext\">Die subakute nekrotisierende Enzephalopathie (SNE) beim Yorkshire Terrier ist gekennzeichnet durch einen abnormalen Gang, Ataxie und Spastizit\u00e4t sowie zentralnerv\u00f6se Seh- und Wahrnehmungsst\u00f6rungen. Erste Symptome treten im ersten Lebensjahr auf. Die Erkrankung f\u00fchrt letztlich zum Tod.<\/p><table class=\"tx-laboklinleistung-table contenttable contenttable-2\" style=\"margin-top: 35px;\"><tr><td class=\"td-0\"><strong>Methode<\/strong><\/td><td class=\"td-1\"><p class=\"bodytext\">Fragmentl\u00e4ngenanalyse<\/p><\/td><\/tr><tr><td class=\"td-0\"><strong>Rasse<\/strong><\/td><td class=\"td-1\"><p class=\"bodytext\">Yorkshire Terrier<\/p><\/td><\/tr><tr><td class=\"td-0\"><strong>Erbgang<\/strong><\/td><td class=\"td-1\"><p class=\"bodytext\">autosomal-rezessiv<\/p><\/td><\/tr><tr><td class=\"td-0\"><strong>Dauer<\/strong><\/td><td class=\"td-1\"><p class=\"bodytext\">1 - 2 Wochen nach Erhalt der Probe<\/p><\/td><\/tr><\/table>\n","protected":false},"excerpt":{"rendered":"<p>Subakute nekrotisierende Enzephalopathie (SNE)LABOKLIN Leistungs-ID: 8673Die subakute nekrotisierende Enzephalopathie (SNE) beim Yorkshire Terrier ist gekennzeichnet durch einen abnormalen Gang, Ataxie und Spastizit\u00e4t sowie zentralnerv\u00f6se Seh- und Wahrnehmungsst\u00f6rungen. Erste Symptome treten im ersten Lebensjahr auf. Die Erkrankung f\u00fchrt letztlich zum Tod.MethodeFragmentl\u00e4ngenanalyseRasseYorkshire TerrierErbgangautosomal-rezessivDauer1 &#8211; 2 Wochen nach Erhalt der Probe<\/p>\n","protected":false},"author":1,"featured_media":0,"parent":1332702,"menu_order":149,"comment_status":"closed","ping_status":"closed","template":"","meta":{"_seopress_robots_primary_cat":"","_seopress_titles_title":"","_seopress_titles_desc":"","_seopress_robots_index":"","footnotes":""},"class_list":["post-1336657","page","type-page","status-publish","hentry","description-off"],"_links":{"self":[{"href":"https:\/\/laboklin.de\/de-ch\/wp-json\/wp\/v2\/pages\/1336657","targetHints":{"allow":["GET"]}}],"collection":[{"href":"https:\/\/laboklin.de\/de-ch\/wp-json\/wp\/v2\/pages"}],"about":[{"href":"https:\/\/laboklin.de\/de-ch\/wp-json\/wp\/v2\/types\/page"}],"author":[{"embeddable":true,"href":"https:\/\/laboklin.de\/de-ch\/wp-json\/wp\/v2\/users\/1"}],"replies":[{"embeddable":true,"href":"https:\/\/laboklin.de\/de-ch\/wp-json\/wp\/v2\/comments?post=1336657"}],"version-history":[{"count":1,"href":"https:\/\/laboklin.de\/de-ch\/wp-json\/wp\/v2\/pages\/1336657\/revisions"}],"predecessor-version":[{"id":1509483,"href":"https:\/\/laboklin.de\/de-ch\/wp-json\/wp\/v2\/pages\/1336657\/revisions\/1509483"}],"up":[{"embeddable":true,"href":"https:\/\/laboklin.de\/de-ch\/wp-json\/wp\/v2\/pages\/1332702"}],"wp:attachment":[{"href":"https:\/\/laboklin.de\/de-ch\/wp-json\/wp\/v2\/media?parent=1336657"}],"curies":[{"name":"wp","href":"https:\/\/api.w.org\/{rel}","templated":true}]}}