{"id":1336647,"date":"2020-10-16T11:36:27","date_gmt":"2020-10-16T09:36:27","guid":{"rendered":"https:\/\/laboklin.de\/leistungen\/genetik\/erbkrankheiten\/hund\/von-willebrand-erkrankung-typ-3-vwd3\/"},"modified":"2025-02-17T14:06:39","modified_gmt":"2025-02-17T13:06:39","slug":"von-willebrand-erkrankung-typ-3-vwd3","status":"publish","type":"page","link":"https:\/\/laboklin.de\/de-ch\/leistungen\/genetik\/erbkrankheiten\/hund\/von-willebrand-erkrankung-typ-3-vwd3\/","title":{"rendered":"von Willebrand Erkrankung Typ 3 (vWD3)"},"content":{"rendered":"<h3 class=\"csc-firstHeader\">von Willebrand Erkrankung Typ 3 (vWD3)<\/h3><p><span>LABOKLIN Leistungs-ID: 8233<\/span><\/p><p class=\"bodytext\">Die Von Willebrand Erkrankung (vWD) ist die h\u00e4ufigste vererbte Blutgerinnungs-st\u00f6rung von unterschiedlichem Schweregrad, die aus einem defekten oder gar fehlenden Von-Willebrand-Faktor (vWF) im Blut resultiert. Der vWF ist ein wichtiger Faktor der Blutgerinnung. Ein fehlender oder defekter vWF hat zur Folge, da\u00df betroffene Tiere bei Verletzungen sehr lange nachbluten und u.U. verbluten k\u00f6nnen. Die Blutungen betreffen Schleimhautoberfl\u00e4chen und werden bei physischem und psychischem Stress und anderen Krankheiten st\u00e4rker. Typische Anzeichen sind: Wiederholte Magen-Darm-Blutungen, mit oder ohne Durchfall, Nasenbluten, Zahnfleischbluten, verl\u00e4ngerte Blutung bei der L\u00e4ufigkeit, Lahmheiten durch Blutungen in den Gelenken, Bluterg\u00fcsse auf der K\u00f6rperoberfl\u00e4che, exzessive Blutungen von zu kurz geschnittenen N\u00e4geln oder nach Operationen. Man unterscheidet drei verschiedene Formen dieser Erkrankung (Typ 1, 2 und 3). VWD Typ 3 ist als die schwerwiegendste der drei Formen bekannt. Zu den klassischen Symptomen geh\u00f6ren schwerwiegende Blutungen nach einer Verletzung bzw. postoperative oder auch schwere spontane Blutungen. Eine relative hohe Pr\u00e4valenzrate der vWD Typ 3 ist f\u00fcr die Rassen Scottisch Terrier und Shetland Sheepdogs beschrieben. <\/p><table class=\"tx-laboklinleistung-table contenttable contenttable-2\" style=\"margin-top: 35px;\"><tr><td class=\"td-0\"><strong>Methode<\/strong><\/td><td class=\"td-1\"><p class=\"bodytext\">TaqMan SNP Assay (Schottischer Terrier, Shetland Sheepdog);<br>Sequenzierung (Havaneser, Kooikerhondje)<\/p><\/td><\/tr><tr><td class=\"td-0\"><strong>Rasse<\/strong><\/td><td class=\"td-1\"><p class=\"bodytext\">Havaneser, Kooikerhondje, Schottischer Terrier, Shetland Sheepdog (Sheltie) <\/p><\/td><\/tr><tr><td class=\"td-0\"><strong>Erbgang<\/strong><\/td><td class=\"td-1\"><p class=\"bodytext\">autosomal-rezessiv<\/p><\/td><\/tr><tr><td class=\"td-0\"><strong>Dauer<\/strong><\/td><td class=\"td-1\"><p class=\"bodytext\">3 - 5 Werktage nach erhalt der Probe (Schottischer Terrier, Shetland Sheepdog); 1 - 2 Wochen nach Erhalt der Probe (Havaneser, Kooikerhondje)<\/p><\/td><\/tr><\/table>\n","protected":false},"excerpt":{"rendered":"<p>von Willebrand Erkrankung Typ 3 (vWD3)LABOKLIN Leistungs-ID: 8233Die Von Willebrand Erkrankung (vWD) ist die h\u00e4ufigste vererbte Blutgerinnungs-st\u00f6rung von unterschiedlichem Schweregrad, die aus einem defekten oder gar fehlenden Von-Willebrand-Faktor (vWF) im Blut resultiert. Der vWF ist ein wichtiger Faktor der Blutgerinnung. Ein fehlender oder defekter vWF hat zur Folge, da\u00df betroffene Tiere bei Verletzungen sehr lange&hellip;<\/p>\n","protected":false},"author":1,"featured_media":0,"parent":1332702,"menu_order":145,"comment_status":"closed","ping_status":"closed","template":"","meta":{"_seopress_robots_primary_cat":"","_seopress_titles_title":"","_seopress_titles_desc":"","_seopress_robots_index":"","footnotes":""},"class_list":["post-1336647","page","type-page","status-publish","hentry","description-off"],"_links":{"self":[{"href":"https:\/\/laboklin.de\/de-ch\/wp-json\/wp\/v2\/pages\/1336647","targetHints":{"allow":["GET"]}}],"collection":[{"href":"https:\/\/laboklin.de\/de-ch\/wp-json\/wp\/v2\/pages"}],"about":[{"href":"https:\/\/laboklin.de\/de-ch\/wp-json\/wp\/v2\/types\/page"}],"author":[{"embeddable":true,"href":"https:\/\/laboklin.de\/de-ch\/wp-json\/wp\/v2\/users\/1"}],"replies":[{"embeddable":true,"href":"https:\/\/laboklin.de\/de-ch\/wp-json\/wp\/v2\/comments?post=1336647"}],"version-history":[{"count":1,"href":"https:\/\/laboklin.de\/de-ch\/wp-json\/wp\/v2\/pages\/1336647\/revisions"}],"predecessor-version":[{"id":1509506,"href":"https:\/\/laboklin.de\/de-ch\/wp-json\/wp\/v2\/pages\/1336647\/revisions\/1509506"}],"up":[{"embeddable":true,"href":"https:\/\/laboklin.de\/de-ch\/wp-json\/wp\/v2\/pages\/1332702"}],"wp:attachment":[{"href":"https:\/\/laboklin.de\/de-ch\/wp-json\/wp\/v2\/media?parent=1336647"}],"curies":[{"name":"wp","href":"https:\/\/api.w.org\/{rel}","templated":true}]}}