{"id":1336645,"date":"2020-10-16T11:36:27","date_gmt":"2020-10-16T09:36:27","guid":{"rendered":"https:\/\/laboklin.de\/leistungen\/genetik\/erbkrankheiten\/hund\/progressive-retinaatrophie-crd-pra\/"},"modified":"2025-02-17T09:59:22","modified_gmt":"2025-02-17T08:59:22","slug":"progressive-retinaatrophie-crd-pra","status":"publish","type":"page","link":"https:\/\/laboklin.de\/de-ch\/leistungen\/genetik\/erbkrankheiten\/hund\/progressive-retinaatrophie-crd-pra\/","title":{"rendered":"Progressive Retinaatrophie (crd-PRA)"},"content":{"rendered":"<h3 class=\"csc-firstHeader\">Progressive Retinaatrophie (crd-PRA)<\/h3><p><span>LABOKLIN Leistungs-ID: 8135<\/span><\/p><p class=\"bodytext\">Die crd-PRA beim Rauhaardackel ist eine Erkrankung der Netzhaut (Retina) des Auges, der eine Deletion im Nephronophthisis 4 Gen (NPHP4) zugrunde liegt. Die Netzhaut ist eine Schicht von spezialisiertem Nervengewebe an der hinteren Innenseite des Auges. Man unterscheidet in der Netzhaut zwei Photorezeptortypen: St\u00e4bchen und Zapfen. Die St\u00e4bchen (rod) sind spezialisiert auf die Signalaufnahme im D\u00e4mmerlicht. Die Zapfen (cone) dagegen sind zust\u00e4ndig f\u00fcr die Verarbeitung des Tageslichts und f\u00fcr das Farbsehen. Eine Zerst\u00f6rung der Netzhaut f\u00fchrt zu einem fortschreitenden Verlust der Sehkraft und letztlich sehr h\u00e4ufig zu v\u00f6lliger Blindheit. W\u00e4hrend es bei den meisten anderen vererbbaren Erkrankungen der Netzhaut zuerst zu einer Zerst\u00f6rung der St\u00e4bchenzellen und nachfolgend zu einer Zerst\u00f6rung der Zapfenzellen der Retina kommt, ist f\u00fcr die crd-PRA der fr\u00fchzeitige Verlust der Zapfenzellen der Netzhaut charakteristisch. Durch diese Zerst\u00f6rung kommt es haupts\u00e4chlich zu einem Verlust des Farbsehens. Die Funktion der St\u00e4bchen (Nachtsicht) bleibt gr\u00f6\u00dftenteils erhalten, sodass es bei vollst\u00e4ndiger Auspr\u00e4gung des Krankheitsbildes zu einem Verlust des Tagesehens kommt. Die ersten klinischen Symptome der crd-PRA k\u00f6nnen im Alter von sechs Monaten auftreten. Nach ca. 1 bis 2 Jahren kommt es zur Auspr\u00e4gung des vollst\u00e4ndigen Krankheitsbildes (Tagblindheit). <\/p><table class=\"tx-laboklinleistung-table contenttable contenttable-2\" style=\"margin-top: 35px;\"><tr><td class=\"td-0\"><strong>Methode<\/strong><\/td><td class=\"td-1\"><p class=\"bodytext\">Fragmentl\u00e4ngenanalyse<\/p><\/td><\/tr><tr><td class=\"td-0\"><strong>Rasse<\/strong><\/td><td class=\"td-1\"><p class=\"bodytext\">Dackel (Dachshund), Rauhhaardackel<\/p><\/td><\/tr><tr><td class=\"td-0\"><strong>Erbgang<\/strong><\/td><td class=\"td-1\"><p class=\"bodytext\">autosomal-rezessiv<\/p><\/td><\/tr><tr><td class=\"td-0\"><strong>Dauer<\/strong><\/td><td class=\"td-1\"><p class=\"bodytext\">1 - 2 Wochen nach Erhalt der Probe<\/p><\/td><\/tr><\/table>\n","protected":false},"excerpt":{"rendered":"<p>Progressive Retinaatrophie (crd-PRA)LABOKLIN Leistungs-ID: 8135Die crd-PRA beim Rauhaardackel ist eine Erkrankung der Netzhaut (Retina) des Auges, der eine Deletion im Nephronophthisis 4 Gen (NPHP4) zugrunde liegt. Die Netzhaut ist eine Schicht von spezialisiertem Nervengewebe an der hinteren Innenseite des Auges. Man unterscheidet in der Netzhaut zwei Photorezeptortypen: St\u00e4bchen und Zapfen. Die St\u00e4bchen (rod) sind spezialisiert&hellip;<\/p>\n","protected":false},"author":1,"featured_media":0,"parent":1332702,"menu_order":144,"comment_status":"closed","ping_status":"closed","template":"","meta":{"_seopress_robots_primary_cat":"","_seopress_titles_title":"","_seopress_titles_desc":"","_seopress_robots_index":"","footnotes":""},"class_list":["post-1336645","page","type-page","status-publish","hentry","description-off"],"_links":{"self":[{"href":"https:\/\/laboklin.de\/de-ch\/wp-json\/wp\/v2\/pages\/1336645","targetHints":{"allow":["GET"]}}],"collection":[{"href":"https:\/\/laboklin.de\/de-ch\/wp-json\/wp\/v2\/pages"}],"about":[{"href":"https:\/\/laboklin.de\/de-ch\/wp-json\/wp\/v2\/types\/page"}],"author":[{"embeddable":true,"href":"https:\/\/laboklin.de\/de-ch\/wp-json\/wp\/v2\/users\/1"}],"replies":[{"embeddable":true,"href":"https:\/\/laboklin.de\/de-ch\/wp-json\/wp\/v2\/comments?post=1336645"}],"version-history":[{"count":1,"href":"https:\/\/laboklin.de\/de-ch\/wp-json\/wp\/v2\/pages\/1336645\/revisions"}],"predecessor-version":[{"id":1509321,"href":"https:\/\/laboklin.de\/de-ch\/wp-json\/wp\/v2\/pages\/1336645\/revisions\/1509321"}],"up":[{"embeddable":true,"href":"https:\/\/laboklin.de\/de-ch\/wp-json\/wp\/v2\/pages\/1332702"}],"wp:attachment":[{"href":"https:\/\/laboklin.de\/de-ch\/wp-json\/wp\/v2\/media?parent=1336645"}],"curies":[{"name":"wp","href":"https:\/\/api.w.org\/{rel}","templated":true}]}}