{"id":1336640,"date":"2022-10-18T13:43:29","date_gmt":"2022-10-18T11:43:29","guid":{"rendered":"https:\/\/laboklin.de\/leistungen\/genetik\/erbkrankheiten\/hund\/mcad-defizienz\/"},"modified":"2025-02-17T09:27:18","modified_gmt":"2025-02-17T08:27:18","slug":"mcad-defizienz","status":"publish","type":"page","link":"https:\/\/laboklin.de\/de-ch\/leistungen\/genetik\/erbkrankheiten\/hund\/mcad-defizienz\/","title":{"rendered":"MCAD-Defizienz"},"content":{"rendered":"<h3 class=\"csc-firstHeader\">MCAD-Defizienz<\/h3><p><span>LABOKLIN Leistungs-ID: 8288<\/span><\/p><p class=\"bodytext\">Bei der Rasse Cavalier King Charles Spaniel verursacht eine Mutation im ACADM-Gen einen Mangel an mittelkettiger Acyl-CoA-Dehydrogenase (MCAD). Betroffene Hunde zeigten fokale Anf\u00e4lle mit verl\u00e4ngerter Lethargie, geringerer Reaktionsf\u00e4higkeit und propriozeptiver Ataxie. Diese Zust\u00e4nde traten mehrmals w\u00f6chentlich auf und dauerten von 20 Minuten bis zu 24 Stunden. Urin- und Blutanalysen zeigten einen erh\u00f6hten Gehalt an mittelkettigen Fetts\u00e4uren. Die Symptome verbesserten sich unter medizinischer Behandlung und Ern\u00e4hrungsumstellung hin zu einer fettarmen Ern\u00e4hrung, wodurch mehrere anfallsfreie Monate erzielt werden konnten. Die Allelfrequenz innerhalb der in der Publikation getesteten CKCS-Population betrug 23,5 %.<\/p><table class=\"tx-laboklinleistung-table contenttable contenttable-2\" style=\"margin-top: 35px;\"><tr><td class=\"td-0\"><strong>Methode<\/strong><\/td><td class=\"td-1\"><p class=\"bodytext\">Fragmentl\u00e4ngenanalyse<\/p><\/td><\/tr><tr><td class=\"td-0\"><strong>Rasse<\/strong><\/td><td class=\"td-1\"><p class=\"bodytext\">Cavalier King Charles Spaniel, Cavapoo, King Charles Spaniel<\/p><\/td><\/tr><tr><td class=\"td-0\"><strong>Erbgang<\/strong><\/td><td class=\"td-1\"><p class=\"bodytext\">autosomal-rezessiv<\/p><\/td><\/tr><tr><td class=\"td-0\"><strong>Dauer<\/strong><\/td><td class=\"td-1\"><p class=\"bodytext\">1 - 2 Wochen nach Erhalt der Probe <\/p><\/td><\/tr><\/table>\n","protected":false},"excerpt":{"rendered":"<p>MCAD-DefizienzLABOKLIN Leistungs-ID: 8288Bei der Rasse Cavalier King Charles Spaniel verursacht eine Mutation im ACADM-Gen einen Mangel an mittelkettiger Acyl-CoA-Dehydrogenase (MCAD). Betroffene Hunde zeigten fokale Anf\u00e4lle mit verl\u00e4ngerter Lethargie, geringerer Reaktionsf\u00e4higkeit und propriozeptiver Ataxie. Diese Zust\u00e4nde traten mehrmals w\u00f6chentlich auf und dauerten von 20 Minuten bis zu 24 Stunden. Urin- und Blutanalysen zeigten einen erh\u00f6hten Gehalt&hellip;<\/p>\n","protected":false},"author":10,"featured_media":0,"parent":1332702,"menu_order":143,"comment_status":"closed","ping_status":"closed","template":"","meta":{"_seopress_robots_primary_cat":"","_seopress_titles_title":"","_seopress_titles_desc":"","_seopress_robots_index":"","footnotes":""},"class_list":["post-1336640","page","type-page","status-publish","hentry","description-off"],"_links":{"self":[{"href":"https:\/\/laboklin.de\/de-ch\/wp-json\/wp\/v2\/pages\/1336640","targetHints":{"allow":["GET"]}}],"collection":[{"href":"https:\/\/laboklin.de\/de-ch\/wp-json\/wp\/v2\/pages"}],"about":[{"href":"https:\/\/laboklin.de\/de-ch\/wp-json\/wp\/v2\/types\/page"}],"author":[{"embeddable":true,"href":"https:\/\/laboklin.de\/de-ch\/wp-json\/wp\/v2\/users\/10"}],"replies":[{"embeddable":true,"href":"https:\/\/laboklin.de\/de-ch\/wp-json\/wp\/v2\/comments?post=1336640"}],"version-history":[{"count":1,"href":"https:\/\/laboklin.de\/de-ch\/wp-json\/wp\/v2\/pages\/1336640\/revisions"}],"predecessor-version":[{"id":1509115,"href":"https:\/\/laboklin.de\/de-ch\/wp-json\/wp\/v2\/pages\/1336640\/revisions\/1509115"}],"up":[{"embeddable":true,"href":"https:\/\/laboklin.de\/de-ch\/wp-json\/wp\/v2\/pages\/1332702"}],"wp:attachment":[{"href":"https:\/\/laboklin.de\/de-ch\/wp-json\/wp\/v2\/media?parent=1336640"}],"curies":[{"name":"wp","href":"https:\/\/api.w.org\/{rel}","templated":true}]}}