{"id":1336630,"date":"2022-10-18T14:02:05","date_gmt":"2022-10-18T12:02:05","guid":{"rendered":"https:\/\/laboklin.de\/leistungen\/genetik\/erbkrankheiten\/hund\/cone-degeneration-cd\/"},"modified":"2025-02-05T11:46:44","modified_gmt":"2025-02-05T10:46:44","slug":"cone-degeneration-cd","status":"publish","type":"page","link":"https:\/\/laboklin.de\/de-ch\/leistungen\/genetik\/erbkrankheiten\/hund\/cone-degeneration-cd\/","title":{"rendered":"Cone degeneration (CD)"},"content":{"rendered":"<h3 class=\"csc-firstHeader\">Cone degeneration (CD)<\/h3><p><span>LABOKLIN Leistungs-ID: 8780<\/span><\/p><p class=\"bodytext\">Eine Mutation im Gen CNFB3 f\u00fchrt zu Cone Degeneration (CD) bei der Rasse Deutsch Kurzhaar. Cone Degeneration ist eine genetische Erkrankung, bei betroffenen Welpen degenerieren die Zapfenzellen der Retina bereits im Welpenalter. Im Alter von 8-12 Wochen sind bei betroffenen Welpen erste Symptome der Erkrankung zu erkennen. Die Zapfen sind f\u00fcr das Sehen bei Tag verantwortlich, daher resultiert daraus eine Tagblindheit. Betroffene Welpen meiden helles Licht, unter Umst\u00e4nden kann grelles Licht sogar schmerzhaft sein. Das Sehverm\u00f6gen bei Nacht und in schwachem Licht ist dagegen nicht gest\u00f6rt. Mit zunehmendem Alter schreitet die Degeneration der Zapfenzellen und somit auch die Symptomatik fort.<\/p><table class=\"tx-laboklinleistung-table contenttable contenttable-2\" style=\"margin-top: 35px;\"><tr><td class=\"td-0\"><strong>Methode<\/strong><\/td><td class=\"td-1\"><p class=\"bodytext\">Sequenzierung<\/p><\/td><\/tr><tr><td class=\"td-0\"><strong>Rasse<\/strong><\/td><td class=\"td-1\"><p class=\"bodytext\">Deutsch Kurzhaar<\/p><\/td><\/tr><tr><td class=\"td-0\"><strong>Erbgang<\/strong><\/td><td class=\"td-1\"><p class=\"bodytext\">autosomal-rezessiv<\/p><\/td><\/tr><tr><td class=\"td-0\"><strong>Dauer<\/strong><\/td><td class=\"td-1\"><p class=\"bodytext\">1 - 2 Wochen nach Erhalt der Probe<\/p><\/td><\/tr><\/table>\n","protected":false},"excerpt":{"rendered":"<p>Cone degeneration (CD)LABOKLIN Leistungs-ID: 8780Eine Mutation im Gen CNFB3 f\u00fchrt zu Cone Degeneration (CD) bei der Rasse Deutsch Kurzhaar. Cone Degeneration ist eine genetische Erkrankung, bei betroffenen Welpen degenerieren die Zapfenzellen der Retina bereits im Welpenalter. Im Alter von 8-12 Wochen sind bei betroffenen Welpen erste Symptome der Erkrankung zu erkennen. Die Zapfen sind f\u00fcr&hellip;<\/p>\n","protected":false},"author":10,"featured_media":0,"parent":1332702,"menu_order":142,"comment_status":"closed","ping_status":"closed","template":"","meta":{"_seopress_robots_primary_cat":"","_seopress_titles_title":"","_seopress_titles_desc":"","_seopress_robots_index":"","footnotes":""},"class_list":["post-1336630","page","type-page","status-publish","hentry","description-off"],"_links":{"self":[{"href":"https:\/\/laboklin.de\/de-ch\/wp-json\/wp\/v2\/pages\/1336630","targetHints":{"allow":["GET"]}}],"collection":[{"href":"https:\/\/laboklin.de\/de-ch\/wp-json\/wp\/v2\/pages"}],"about":[{"href":"https:\/\/laboklin.de\/de-ch\/wp-json\/wp\/v2\/types\/page"}],"author":[{"embeddable":true,"href":"https:\/\/laboklin.de\/de-ch\/wp-json\/wp\/v2\/users\/10"}],"replies":[{"embeddable":true,"href":"https:\/\/laboklin.de\/de-ch\/wp-json\/wp\/v2\/comments?post=1336630"}],"version-history":[{"count":1,"href":"https:\/\/laboklin.de\/de-ch\/wp-json\/wp\/v2\/pages\/1336630\/revisions"}],"predecessor-version":[{"id":1506940,"href":"https:\/\/laboklin.de\/de-ch\/wp-json\/wp\/v2\/pages\/1336630\/revisions\/1506940"}],"up":[{"embeddable":true,"href":"https:\/\/laboklin.de\/de-ch\/wp-json\/wp\/v2\/pages\/1332702"}],"wp:attachment":[{"href":"https:\/\/laboklin.de\/de-ch\/wp-json\/wp\/v2\/media?parent=1336630"}],"curies":[{"name":"wp","href":"https:\/\/api.w.org\/{rel}","templated":true}]}}