{"id":1336628,"date":"2020-10-16T11:36:27","date_gmt":"2020-10-16T09:36:27","guid":{"rendered":"https:\/\/laboklin.de\/leistungen\/genetik\/erbkrankheiten\/hund\/craniomandibulaere-osteopathie-cmo\/"},"modified":"2025-02-05T11:49:27","modified_gmt":"2025-02-05T10:49:27","slug":"craniomandibulaere-osteopathie-cmo","status":"publish","type":"page","link":"https:\/\/laboklin.de\/de-ch\/leistungen\/genetik\/erbkrankheiten\/hund\/craniomandibulaere-osteopathie-cmo\/","title":{"rendered":"Craniomandibul\u00e4re Osteopathie (CMO)"},"content":{"rendered":"<h3 class=\"csc-firstHeader\">Craniomandibul\u00e4re Osteopathie (CMO)<\/h3><p><span>LABOKLIN Leistungs-ID: 8348<\/span><\/p><p class=\"bodytext\">Die craniomandibul\u00e4re Osteopathie (CMO) ist eine schmerzhafte proliferative Erkrankung der Kieferknochen, die bei Hunden beiden Geschlechts im ersten Lebensjahr auftritt. Klinische Symptome der Erkrankung sind wiederkehrende Fiebersch\u00fcbe und schmerzende Kieferschwellungen. Im R\u00f6ntgenbild ist eine vermehrte Proliferation der Kieferknochen zu erkennen. Erste Anzeichen der Erkrankung sind h\u00e4ufig Schmerzen beim Fressen kombiniert mit wiederkehrenden Fiebersch\u00fcben bei jungen Hunden.<\/p><table class=\"tx-laboklinleistung-table contenttable contenttable-2\" style=\"margin-top: 35px;\"><tr><td class=\"td-0\"><strong>Methode<\/strong><\/td><td class=\"td-1\"><p class=\"bodytext\">TaqMan SNP Assay<\/p><\/td><\/tr><tr><td class=\"td-0\"><strong>Rasse<\/strong><\/td><td class=\"td-1\"><p class=\"bodytext\">Cairn Terrier, Schottischer Terrier, West Highland White Terrier<\/p><\/td><\/tr><tr><td class=\"td-0\"><strong>Erbgang<\/strong><\/td><td class=\"td-1\"><p class=\"bodytext\">autosomal-dominant mit variabler Penetranz<\/p><\/td><\/tr><tr><td class=\"td-0\"><strong>Dauer<\/strong><\/td><td class=\"td-1\"><p class=\"bodytext\">3 - 5 Werktage nach Erhalt der Probe<\/p><\/td><\/tr><\/table>\n","protected":false},"excerpt":{"rendered":"<p>Craniomandibul\u00e4re Osteopathie (CMO)LABOKLIN Leistungs-ID: 8348Die craniomandibul\u00e4re Osteopathie (CMO) ist eine schmerzhafte proliferative Erkrankung der Kieferknochen, die bei Hunden beiden Geschlechts im ersten Lebensjahr auftritt. Klinische Symptome der Erkrankung sind wiederkehrende Fiebersch\u00fcbe und schmerzende Kieferschwellungen. Im R\u00f6ntgenbild ist eine vermehrte Proliferation der Kieferknochen zu erkennen. Erste Anzeichen der Erkrankung sind h\u00e4ufig Schmerzen beim Fressen kombiniert mit&hellip;<\/p>\n","protected":false},"author":1,"featured_media":0,"parent":1332702,"menu_order":141,"comment_status":"closed","ping_status":"closed","template":"","meta":{"_seopress_robots_primary_cat":"","_seopress_titles_title":"","_seopress_titles_desc":"","_seopress_robots_index":"","footnotes":""},"class_list":["post-1336628","page","type-page","status-publish","hentry","description-off"],"_links":{"self":[{"href":"https:\/\/laboklin.de\/de-ch\/wp-json\/wp\/v2\/pages\/1336628","targetHints":{"allow":["GET"]}}],"collection":[{"href":"https:\/\/laboklin.de\/de-ch\/wp-json\/wp\/v2\/pages"}],"about":[{"href":"https:\/\/laboklin.de\/de-ch\/wp-json\/wp\/v2\/types\/page"}],"author":[{"embeddable":true,"href":"https:\/\/laboklin.de\/de-ch\/wp-json\/wp\/v2\/users\/1"}],"replies":[{"embeddable":true,"href":"https:\/\/laboklin.de\/de-ch\/wp-json\/wp\/v2\/comments?post=1336628"}],"version-history":[{"count":1,"href":"https:\/\/laboklin.de\/de-ch\/wp-json\/wp\/v2\/pages\/1336628\/revisions"}],"predecessor-version":[{"id":1506950,"href":"https:\/\/laboklin.de\/de-ch\/wp-json\/wp\/v2\/pages\/1336628\/revisions\/1506950"}],"up":[{"embeddable":true,"href":"https:\/\/laboklin.de\/de-ch\/wp-json\/wp\/v2\/pages\/1332702"}],"wp:attachment":[{"href":"https:\/\/laboklin.de\/de-ch\/wp-json\/wp\/v2\/media?parent=1336628"}],"curies":[{"name":"wp","href":"https:\/\/api.w.org\/{rel}","templated":true}]}}