{"id":1336623,"date":"2020-10-16T11:36:27","date_gmt":"2020-10-16T09:36:27","guid":{"rendered":"https:\/\/laboklin.de\/leistungen\/genetik\/erbkrankheiten\/hund\/digitale-hyperkeratose-dh-hfh\/"},"modified":"2025-02-05T12:37:42","modified_gmt":"2025-02-05T11:37:42","slug":"digitale-hyperkeratose-dh-hfh","status":"publish","type":"page","link":"https:\/\/laboklin.de\/de-ch\/leistungen\/genetik\/erbkrankheiten\/hund\/digitale-hyperkeratose-dh-hfh\/","title":{"rendered":"Digitale Hyperkeratose (DH\/HFH)"},"content":{"rendered":"<h3 class=\"csc-firstHeader\">Digitale Hyperkeratose (DH\/HFH)<\/h3><p><span>LABOKLIN Leistungs-ID: 8472<\/span><\/p><p class=\"bodytext\">Erste Symptome dieser Erkrankung zeigen sich ab einem Alter von 4-9-Monaten (Irish Terrier\/Kromfohrl\u00e4nder) bzw. zwischen 10 Wochen bis 12 Monaten: die Ballen werden zunehmend spr\u00f6der, bis sich Risse und Br\u00fcche zeigen, durch die es zu Sekund\u00e4rinfektionen kommen kann, was zu mangelndem Laufdrang bis hin zu L\u00e4hmungsersscheinigungen f\u00fchrt. Die Ballen sind nicht rund und elastisch, sondern eher platt. Au\u00dferdem kann es zu Wucherungen, den sog. Hornzapfen, kommen. Die Krallen wachsen beim Irish Terrier und beim Kromfohrl\u00e4nder \u00fcberm\u00e4\u00dfig schnell, wodurch diese nicht abgelaufen werden k\u00f6nnen und sich verformen. Aufgrund der Symptome wird diese Erkrankung auch als \u201eCorny feet\u201c bezeichnet. Auf Lebensdauer und \u2013qualit\u00e4t hat diese Erkrankung bei guter Pflege der Ballen und Krallen kaum Einfluss. Jedoch ist der Pflegeaufwand gr\u00f6\u00dfer als bei einem gesunden Hund.<\/p><table class=\"tx-laboklinleistung-table contenttable contenttable-2\" style=\"margin-top: 35px;\"><tr><td class=\"td-0\"><strong>Methode<\/strong><\/td><td class=\"td-1\"><p class=\"bodytext\">TaqMan SNP Assay<\/p><\/td><\/tr><tr><td class=\"td-0\"><strong>Rasse<\/strong><\/td><td class=\"td-1\"><p class=\"bodytext\">Bordeauxdogge, Irischer Terrier, Kromfohrl\u00e4nder<\/p><\/td><\/tr><tr><td class=\"td-0\"><strong>Erbgang<\/strong><\/td><td class=\"td-1\"><p class=\"bodytext\">autosomal-rezessiv<\/p><\/td><\/tr><tr><td class=\"td-0\"><strong>Dauer<\/strong><\/td><td class=\"td-1\"><p class=\"bodytext\">3 - 5 Werktage nach Erhalt der Probe<\/p><\/td><\/tr><\/table>\n","protected":false},"excerpt":{"rendered":"<p>Digitale Hyperkeratose (DH\/HFH)LABOKLIN Leistungs-ID: 8472Erste Symptome dieser Erkrankung zeigen sich ab einem Alter von 4-9-Monaten (Irish Terrier\/Kromfohrl\u00e4nder) bzw. zwischen 10 Wochen bis 12 Monaten: die Ballen werden zunehmend spr\u00f6der, bis sich Risse und Br\u00fcche zeigen, durch die es zu Sekund\u00e4rinfektionen kommen kann, was zu mangelndem Laufdrang bis hin zu L\u00e4hmungsersscheinigungen f\u00fchrt. Die Ballen sind nicht&hellip;<\/p>\n","protected":false},"author":1,"featured_media":0,"parent":1332702,"menu_order":139,"comment_status":"closed","ping_status":"closed","template":"","meta":{"_seopress_robots_primary_cat":"","_seopress_titles_title":"","_seopress_titles_desc":"","_seopress_robots_index":"","footnotes":""},"class_list":["post-1336623","page","type-page","status-publish","hentry","description-off"],"_links":{"self":[{"href":"https:\/\/laboklin.de\/de-ch\/wp-json\/wp\/v2\/pages\/1336623","targetHints":{"allow":["GET"]}}],"collection":[{"href":"https:\/\/laboklin.de\/de-ch\/wp-json\/wp\/v2\/pages"}],"about":[{"href":"https:\/\/laboklin.de\/de-ch\/wp-json\/wp\/v2\/types\/page"}],"author":[{"embeddable":true,"href":"https:\/\/laboklin.de\/de-ch\/wp-json\/wp\/v2\/users\/1"}],"replies":[{"embeddable":true,"href":"https:\/\/laboklin.de\/de-ch\/wp-json\/wp\/v2\/comments?post=1336623"}],"version-history":[{"count":1,"href":"https:\/\/laboklin.de\/de-ch\/wp-json\/wp\/v2\/pages\/1336623\/revisions"}],"predecessor-version":[{"id":1506967,"href":"https:\/\/laboklin.de\/de-ch\/wp-json\/wp\/v2\/pages\/1336623\/revisions\/1506967"}],"up":[{"embeddable":true,"href":"https:\/\/laboklin.de\/de-ch\/wp-json\/wp\/v2\/pages\/1332702"}],"wp:attachment":[{"href":"https:\/\/laboklin.de\/de-ch\/wp-json\/wp\/v2\/media?parent=1336623"}],"curies":[{"name":"wp","href":"https:\/\/api.w.org\/{rel}","templated":true}]}}