{"id":1336621,"date":"2020-10-16T11:36:27","date_gmt":"2020-10-16T09:36:27","guid":{"rendered":"https:\/\/laboklin.de\/leistungen\/genetik\/erbkrankheiten\/hund\/dry-eye-curly-coat-syndrome-ccs\/"},"modified":"2025-02-05T12:51:17","modified_gmt":"2025-02-05T11:51:17","slug":"dry-eye-curly-coat-syndrome-ccs","status":"publish","type":"page","link":"https:\/\/laboklin.de\/de-ch\/leistungen\/genetik\/erbkrankheiten\/hund\/dry-eye-curly-coat-syndrome-ccs\/","title":{"rendered":"Dry eye curly coat syndrome (CCS)"},"content":{"rendered":"<h3 class=\"csc-firstHeader\">Dry eye curly coat syndrome (CCS)<\/h3><p><span>LABOKLIN Leistungs-ID: 8406<\/span><\/p><p class=\"bodytext\">Symptome treten bereits zum Zeitpunkt der Geburt auf. Betroffene Welpen weisen ein ungew\u00f6hnliches Fell (rau und lockig) sowie Symptome einer Keratoconjunctivitis sicca (Binde\/Hornhautentz\u00fcndung aufgrund mangelnder Tr\u00e4nenfl\u00fcssigkeit) auf. Au\u00dferdem erscheinen betroffene Welpen kleiner als ihre Wurfgeschwister. Haarmangel sowie das raue Fell f\u00fchren zu Kratzen. Ver\u00e4nderungen an der Haut der Ballenhaut sowie an den Krallen l\u00f6sen Schmerzen und Lahmheit aus. Auch die Z\u00e4hne werden in Mitleidenschaft gezogen.<\/p><table class=\"tx-laboklinleistung-table contenttable contenttable-2\" style=\"margin-top: 35px;\"><tr><td class=\"td-0\"><strong>Methode<\/strong><\/td><td class=\"td-1\"><p class=\"bodytext\">TaqMan SNP Assay, ggf. Sequenzierung<\/p><\/td><\/tr><tr><td class=\"td-0\"><strong>Rasse<\/strong><\/td><td class=\"td-1\"><p class=\"bodytext\">Cavalier King Charles Spaniel, Cavapoo, King Charles Spaniel<\/p><\/td><\/tr><tr><td class=\"td-0\"><strong>Erbgang<\/strong><\/td><td class=\"td-1\"><p class=\"bodytext\">autosomal-rezessiv<\/p><\/td><\/tr><tr><td class=\"td-0\"><strong>Dauer<\/strong><\/td><td class=\"td-1\"><p class=\"bodytext\">3 - 5 Werktage nach Erhalt der Probe (bei Sequenzierung 1 - 2 Wochen)<\/p><\/td><\/tr><\/table>\n","protected":false},"excerpt":{"rendered":"<p>Dry eye curly coat syndrome (CCS)LABOKLIN Leistungs-ID: 8406Symptome treten bereits zum Zeitpunkt der Geburt auf. Betroffene Welpen weisen ein ungew\u00f6hnliches Fell (rau und lockig) sowie Symptome einer Keratoconjunctivitis sicca (Binde\/Hornhautentz\u00fcndung aufgrund mangelnder Tr\u00e4nenfl\u00fcssigkeit) auf. Au\u00dferdem erscheinen betroffene Welpen kleiner als ihre Wurfgeschwister. Haarmangel sowie das raue Fell f\u00fchren zu Kratzen. Ver\u00e4nderungen an der Haut der&hellip;<\/p>\n","protected":false},"author":1,"featured_media":0,"parent":1332702,"menu_order":138,"comment_status":"closed","ping_status":"closed","template":"","meta":{"_seopress_robots_primary_cat":"","_seopress_titles_title":"","_seopress_titles_desc":"","_seopress_robots_index":"","footnotes":""},"class_list":["post-1336621","page","type-page","status-publish","hentry","description-off"],"_links":{"self":[{"href":"https:\/\/laboklin.de\/de-ch\/wp-json\/wp\/v2\/pages\/1336621","targetHints":{"allow":["GET"]}}],"collection":[{"href":"https:\/\/laboklin.de\/de-ch\/wp-json\/wp\/v2\/pages"}],"about":[{"href":"https:\/\/laboklin.de\/de-ch\/wp-json\/wp\/v2\/types\/page"}],"author":[{"embeddable":true,"href":"https:\/\/laboklin.de\/de-ch\/wp-json\/wp\/v2\/users\/1"}],"replies":[{"embeddable":true,"href":"https:\/\/laboklin.de\/de-ch\/wp-json\/wp\/v2\/comments?post=1336621"}],"version-history":[{"count":1,"href":"https:\/\/laboklin.de\/de-ch\/wp-json\/wp\/v2\/pages\/1336621\/revisions"}],"predecessor-version":[{"id":1506974,"href":"https:\/\/laboklin.de\/de-ch\/wp-json\/wp\/v2\/pages\/1336621\/revisions\/1506974"}],"up":[{"embeddable":true,"href":"https:\/\/laboklin.de\/de-ch\/wp-json\/wp\/v2\/pages\/1332702"}],"wp:attachment":[{"href":"https:\/\/laboklin.de\/de-ch\/wp-json\/wp\/v2\/media?parent=1336621"}],"curies":[{"name":"wp","href":"https:\/\/api.w.org\/{rel}","templated":true}]}}