{"id":1336618,"date":"2022-11-29T12:16:18","date_gmt":"2022-11-29T11:16:18","guid":{"rendered":"https:\/\/laboklin.de\/leistungen\/genetik\/erbkrankheiten\/hund\/dyserythropoetische-anaemie-and-myopathy-dams\/"},"modified":"2025-02-05T12:52:08","modified_gmt":"2025-02-05T11:52:08","slug":"dyserythropoetische-anaemie-and-myopathy-dams","status":"publish","type":"page","link":"https:\/\/laboklin.de\/de-ch\/leistungen\/genetik\/erbkrankheiten\/hund\/dyserythropoetische-anaemie-and-myopathy-dams\/","title":{"rendered":"Dyserythropoetische Anaemie and Myopathy (DAMS)"},"content":{"rendered":"<h3 class=\"csc-firstHeader\">Dyserythropoetische An\u00e4mie und Myopathie (DAMS)<\/h3><p><span>LABOKLIN Leistungs-ID: 8805<\/span><\/p><p class=\"bodytext\">Eine Mutation im EHBP1L1-Gen f\u00fchrt bei der Rasse Labrador Retriever zu dyserythropoetischer An\u00e4mie und Myopathie (DAMS). Klinische Symptome sind Muskelatrophie, Schw\u00e4che insbesondere der Hinterhandmuskulatur sowie Regurgitation. Blutuntersuchungen zeigten eine ausgepr\u00e4gte Mikrozytose und Ver\u00e4nderungen der Erythrozyten. Anzeichen einer Myopathie ebenso wie Mega\u00f6sophagus wurden im Alter von etwa 5 Jahren festgestellt, Mikrozytose und Erythrozytenanomalien wurden bei betroffenen Hunden jedoch bereits fr\u00fcher festgestellt.<br \/>\nBei der Rasse English Springer Spaniel verursacht eine weitere Variante im selben Gen ebenfalls DAMS. Bei dieser Rasse zeigt die Krankheit einen fr\u00fchen Beginn von An\u00e4mie, Mega\u00f6sophagus, Kardiomyopathie und allgemeiner langsam fortschreitender Muskelatrophie.<br \/>\nTrotz der unterschiedlichen klinischen Symptome zeigten beide Rassen \u00e4hnliche Ver\u00e4nderungen in der Erythrozytenmorphologie und Muskelhistopathologie.<br \/>\n<\/p><table class=\"tx-laboklinleistung-table contenttable contenttable-2\" style=\"margin-top: 35px;\"><tr><td class=\"td-0\"><strong>Methode<\/strong><\/td><td class=\"td-1\"><p class=\"bodytext\">TaqMan SNP Assay, ggf. Sequenzierung (English Springer Spaniel)<br>Sequenzierung (Labrador Retriever)<\/p><\/td><\/tr><tr><td class=\"td-0\"><strong>Rasse<\/strong><\/td><td class=\"td-1\"><p class=\"bodytext\">Australian-Labradoodle (Cobberdog), English Springer Spaniel, Labradoodle, Labrador Retriever<\/p><\/td><\/tr><tr><td class=\"td-0\"><strong>Erbgang<\/strong><\/td><td class=\"td-1\"><p class=\"bodytext\">autosomal-rezessiv<\/p><\/td><\/tr><tr><td class=\"td-0\"><strong>Dauer<\/strong><\/td><td class=\"td-1\"><p class=\"bodytext\">3 - 5 Werktage nach Erhalt der Probe (bei Sequenzierung 1 - 2 Wochen)(English Springer Spaniel)<br>1 - 2 Wochen nach Erhalt der Probe (Labrador Retriever)<\/p><\/td><\/tr><\/table>\n","protected":false},"excerpt":{"rendered":"<p>Dyserythropoetische An\u00e4mie und Myopathie (DAMS)LABOKLIN Leistungs-ID: 8805Eine Mutation im EHBP1L1-Gen f\u00fchrt bei der Rasse Labrador Retriever zu dyserythropoetischer An\u00e4mie und Myopathie (DAMS). Klinische Symptome sind Muskelatrophie, Schw\u00e4che insbesondere der Hinterhandmuskulatur sowie Regurgitation. Blutuntersuchungen zeigten eine ausgepr\u00e4gte Mikrozytose und Ver\u00e4nderungen der Erythrozyten. Anzeichen einer Myopathie ebenso wie Mega\u00f6sophagus wurden im Alter von etwa 5 Jahren festgestellt,&hellip;<\/p>\n","protected":false},"author":16,"featured_media":0,"parent":1332702,"menu_order":138,"comment_status":"closed","ping_status":"closed","template":"","meta":{"_seopress_robots_primary_cat":"","_seopress_titles_title":"","_seopress_titles_desc":"","_seopress_robots_index":"","footnotes":""},"class_list":["post-1336618","page","type-page","status-publish","hentry","description-off"],"_links":{"self":[{"href":"https:\/\/laboklin.de\/de-ch\/wp-json\/wp\/v2\/pages\/1336618","targetHints":{"allow":["GET"]}}],"collection":[{"href":"https:\/\/laboklin.de\/de-ch\/wp-json\/wp\/v2\/pages"}],"about":[{"href":"https:\/\/laboklin.de\/de-ch\/wp-json\/wp\/v2\/types\/page"}],"author":[{"embeddable":true,"href":"https:\/\/laboklin.de\/de-ch\/wp-json\/wp\/v2\/users\/16"}],"replies":[{"embeddable":true,"href":"https:\/\/laboklin.de\/de-ch\/wp-json\/wp\/v2\/comments?post=1336618"}],"version-history":[{"count":1,"href":"https:\/\/laboklin.de\/de-ch\/wp-json\/wp\/v2\/pages\/1336618\/revisions"}],"predecessor-version":[{"id":1506976,"href":"https:\/\/laboklin.de\/de-ch\/wp-json\/wp\/v2\/pages\/1336618\/revisions\/1506976"}],"up":[{"embeddable":true,"href":"https:\/\/laboklin.de\/de-ch\/wp-json\/wp\/v2\/pages\/1332702"}],"wp:attachment":[{"href":"https:\/\/laboklin.de\/de-ch\/wp-json\/wp\/v2\/media?parent=1336618"}],"curies":[{"name":"wp","href":"https:\/\/api.w.org\/{rel}","templated":true}]}}