{"id":1336592,"date":"2022-05-06T17:19:46","date_gmt":"2022-05-06T15:19:46","guid":{"rendered":"https:\/\/laboklin.de\/leistungen\/genetik\/erbkrankheiten\/hund\/afibrinogenaemie-afg\/"},"modified":"2025-02-05T11:28:30","modified_gmt":"2025-02-05T10:28:30","slug":"afibrinogenaemie-afg","status":"publish","type":"page","link":"https:\/\/laboklin.de\/de-ch\/leistungen\/genetik\/erbkrankheiten\/hund\/afibrinogenaemie-afg\/","title":{"rendered":"Afibrinogen\u00e4mie (AFG)"},"content":{"rendered":"<h3 class=\"csc-firstHeader\">Afibrinogen\u00e4mie (AFG)<\/h3><p><span>LABOKLIN Leistungs-ID: 8737<\/span><\/p><p class=\"bodytext\">Eine verz\u00f6gerte Blutgerinnung, Schleimhaut- oder Gelenkblutungen und H\u00e4matome sind typische Anzeichen einer Blutungsst\u00f6rung. Diese kann  bei Operationen, Verletzungen oder aber auch spontan zu unkontrollierten schweren Blutungen f\u00fchren. <br \/>\nBeim Dackel kann eine genetische Variante des FGA (Fibrinogen-Alpha-Kette)-Gens mit Afibrinogen\u00e4mie assoziiert werden, einer schweren Form der Blutungsneigung. Afibrinogen\u00e4mie l\u00e4sst sich durch Fehlen des Gerinnungsfaktors I (Fibrinogen) charakterisieren, einem Glykoprotein, welches eine wichtige Rolle beim finalen Schritt der Gerinnungskaskade der H\u00e4mostase einnimmt. <br \/>\nBetroffene Hunde zeigen bei verschiedenen Gerinnungstests (Quick, aPTT, TZ) eine extrem verz\u00f6gerte Gerinnung, jedoch eine normale Aktivit\u00e4t der Faktoren II, V, VII und X sowie eine normale Thrombozytenzahl.  <br \/>\n<\/p><table class=\"tx-laboklinleistung-table contenttable contenttable-2\" style=\"margin-top: 35px;\"><tr><td class=\"td-0\"><strong>Methode<\/strong><\/td><td class=\"td-1\"><p class=\"bodytext\">Sequenzierung<\/p><\/td><\/tr><tr><td class=\"td-0\"><strong>Rasse<\/strong><\/td><td class=\"td-1\"><p class=\"bodytext\">Dackel (Dachshund), Kurzhaardackel, Langhaardackel, Rauhhaardackel<\/p><\/td><\/tr><tr><td class=\"td-0\"><strong>Erbgang<\/strong><\/td><td class=\"td-1\"><p class=\"bodytext\">autosomal-rezessiv<\/p><\/td><\/tr><tr><td class=\"td-0\"><strong>Dauer<\/strong><\/td><td class=\"td-1\"><p class=\"bodytext\">1 - 2 Wochen nach Erhalt der Probe<\/p><\/td><\/tr><\/table>\n","protected":false},"excerpt":{"rendered":"<p>Afibrinogen\u00e4mie (AFG)LABOKLIN Leistungs-ID: 8737Eine verz\u00f6gerte Blutgerinnung, Schleimhaut- oder Gelenkblutungen und H\u00e4matome sind typische Anzeichen einer Blutungsst\u00f6rung. Diese kann bei Operationen, Verletzungen oder aber auch spontan zu unkontrollierten schweren Blutungen f\u00fchren. Beim Dackel kann eine genetische Variante des FGA (Fibrinogen-Alpha-Kette)-Gens mit Afibrinogen\u00e4mie assoziiert werden, einer schweren Form der Blutungsneigung. Afibrinogen\u00e4mie l\u00e4sst sich durch Fehlen des Gerinnungsfaktors&hellip;<\/p>\n","protected":false},"author":10,"featured_media":0,"parent":1332702,"menu_order":129,"comment_status":"closed","ping_status":"closed","template":"","meta":{"_seopress_robots_primary_cat":"","_seopress_titles_title":"","_seopress_titles_desc":"","_seopress_robots_index":"","footnotes":""},"class_list":["post-1336592","page","type-page","status-publish","hentry","description-off"],"_links":{"self":[{"href":"https:\/\/laboklin.de\/de-ch\/wp-json\/wp\/v2\/pages\/1336592","targetHints":{"allow":["GET"]}}],"collection":[{"href":"https:\/\/laboklin.de\/de-ch\/wp-json\/wp\/v2\/pages"}],"about":[{"href":"https:\/\/laboklin.de\/de-ch\/wp-json\/wp\/v2\/types\/page"}],"author":[{"embeddable":true,"href":"https:\/\/laboklin.de\/de-ch\/wp-json\/wp\/v2\/users\/10"}],"replies":[{"embeddable":true,"href":"https:\/\/laboklin.de\/de-ch\/wp-json\/wp\/v2\/comments?post=1336592"}],"version-history":[{"count":1,"href":"https:\/\/laboklin.de\/de-ch\/wp-json\/wp\/v2\/pages\/1336592\/revisions"}],"predecessor-version":[{"id":1506894,"href":"https:\/\/laboklin.de\/de-ch\/wp-json\/wp\/v2\/pages\/1336592\/revisions\/1506894"}],"up":[{"embeddable":true,"href":"https:\/\/laboklin.de\/de-ch\/wp-json\/wp\/v2\/pages\/1332702"}],"wp:attachment":[{"href":"https:\/\/laboklin.de\/de-ch\/wp-json\/wp\/v2\/media?parent=1336592"}],"curies":[{"name":"wp","href":"https:\/\/api.w.org\/{rel}","templated":true}]}}