{"id":1336585,"date":"2020-10-16T11:36:27","date_gmt":"2020-10-16T09:36:27","guid":{"rendered":"https:\/\/laboklin.de\/leistungen\/genetik\/erbkrankheiten\/hund\/bardet-biedl-syndrom-bbs\/"},"modified":"2025-02-17T09:57:43","modified_gmt":"2025-02-17T08:57:43","slug":"progressive-retinaatrophie-bbs4-pra","status":"publish","type":"page","link":"https:\/\/laboklin.de\/de-ch\/leistungen\/genetik\/erbkrankheiten\/hund\/progressive-retinaatrophie-bbs4-pra\/","title":{"rendered":"Progressive Retinaatrophie (BBS4-PRA)"},"content":{"rendered":"<h3 class=\"csc-firstHeader\">Progressive Retinaatrophie (BBS4-PRA) <\/h3><p><span>LABOKLIN Leistungs-ID: 8207<\/span><\/p><p class=\"bodytext\">Progressive Retinaatrophien (PRA) beim Hund stellen eine heterogene Gruppe genetisch bedingter Erkrankungen dar, die sich durch eine Retinadegeneration und in den meisten F\u00e4llen eine damit einhergehende Blindheit kennzeichnen lassen. W\u00e4hrend einige PRA-verursachende Varianten in mehreren Rassen vorkommen k\u00f6nnen, wurden manche Varianten nur in bestimmten Rassen gefunden bzw. in Rassen desselben Ursprungs. Bei einer klinischen Augenuntersuchung k\u00f6nnen folgende typische Anzeichen einer PRA gefunden werden: bilaterale Hyperreflexion und R\u00fcckbildung der Netzhautgef\u00e4\u00dfe. Die genetische Untersuchung erg\u00e4nzt die klinische Augenuntersuchung mit dem Vorteil, dass PRA-verursachende Varianten bereits vor dem Zuchtalter und vor dem Auftreten klinischer Symptome erkannt werden k\u00f6nnen.<br \/>\nBeim Puli wurde eine genetische Variante im BBS4-Gen gefunden, die mit einer PRA einhergeht. Bei betroffenen Hunden wurde im Alter von 2 Jahren eine PRA diagnostiziert, Symptome waren verringertes Sehverm\u00f6gen durch ophthalmologische Ver\u00e4nderungen wie eine verringerte Myelinisierung des Sehnervs. Weitere klinische Anzeichen waren Fettleibigkeit (Adipositas) und Unfruchtbarkeit (Infertilit\u00e4t). Diese sehr variablen Symptome zeigen sich in unterschiedlicher Auspr\u00e4gung bei den betroffenen Hunden.<br \/>\n<\/p><table class=\"tx-laboklinleistung-table contenttable contenttable-2\" style=\"margin-top: 35px;\"><tr><td class=\"td-0\"><strong>Methode<\/strong><\/td><td class=\"td-1\"><p class=\"bodytext\">Sequenzierung<\/p><\/td><\/tr><tr><td class=\"td-0\"><strong>Rasse<\/strong><\/td><td class=\"td-1\"><p class=\"bodytext\">Puli<\/p><\/td><\/tr><tr><td class=\"td-0\"><strong>Erbgang<\/strong><\/td><td class=\"td-1\"><p class=\"bodytext\">autosomal-rezessiv<\/p><\/td><\/tr><tr><td class=\"td-0\"><strong>Dauer<\/strong><\/td><td class=\"td-1\"><p class=\"bodytext\">1 - 2 Wochen nach Erhalt der Probe<\/p><\/td><\/tr><\/table>\n","protected":false},"excerpt":{"rendered":"<p>Progressive Retinaatrophie (BBS4-PRA) LABOKLIN Leistungs-ID: 8207Progressive Retinaatrophien (PRA) beim Hund stellen eine heterogene Gruppe genetisch bedingter Erkrankungen dar, die sich durch eine Retinadegeneration und in den meisten F\u00e4llen eine damit einhergehende Blindheit kennzeichnen lassen. W\u00e4hrend einige PRA-verursachende Varianten in mehreren Rassen vorkommen k\u00f6nnen, wurden manche Varianten nur in bestimmten Rassen gefunden bzw. in Rassen desselben&hellip;<\/p>\n","protected":false},"author":1,"featured_media":0,"parent":1332702,"menu_order":126,"comment_status":"closed","ping_status":"closed","template":"","meta":{"_seopress_robots_primary_cat":"","_seopress_titles_title":"","_seopress_titles_desc":"","_seopress_robots_index":"","footnotes":""},"class_list":["post-1336585","page","type-page","status-publish","hentry","description-off"],"_links":{"self":[{"href":"https:\/\/laboklin.de\/de-ch\/wp-json\/wp\/v2\/pages\/1336585","targetHints":{"allow":["GET"]}}],"collection":[{"href":"https:\/\/laboklin.de\/de-ch\/wp-json\/wp\/v2\/pages"}],"about":[{"href":"https:\/\/laboklin.de\/de-ch\/wp-json\/wp\/v2\/types\/page"}],"author":[{"embeddable":true,"href":"https:\/\/laboklin.de\/de-ch\/wp-json\/wp\/v2\/users\/1"}],"replies":[{"embeddable":true,"href":"https:\/\/laboklin.de\/de-ch\/wp-json\/wp\/v2\/comments?post=1336585"}],"version-history":[{"count":1,"href":"https:\/\/laboklin.de\/de-ch\/wp-json\/wp\/v2\/pages\/1336585\/revisions"}],"predecessor-version":[{"id":1431610,"href":"https:\/\/laboklin.de\/de-ch\/wp-json\/wp\/v2\/pages\/1336585\/revisions\/1431610"}],"up":[{"embeddable":true,"href":"https:\/\/laboklin.de\/de-ch\/wp-json\/wp\/v2\/pages\/1332702"}],"wp:attachment":[{"href":"https:\/\/laboklin.de\/de-ch\/wp-json\/wp\/v2\/media?parent=1336585"}],"curies":[{"name":"wp","href":"https:\/\/api.w.org\/{rel}","templated":true}]}}