{"id":1336580,"date":"2020-10-16T11:36:27","date_gmt":"2020-10-16T09:36:27","guid":{"rendered":"https:\/\/laboklin.de\/leistungen\/genetik\/erbkrankheiten\/hund\/c3-defizienz-c3\/"},"modified":"2025-02-05T11:36:26","modified_gmt":"2025-02-05T10:36:26","slug":"c3-defizienz-c3","status":"publish","type":"page","link":"https:\/\/laboklin.de\/de-ch\/leistungen\/genetik\/erbkrankheiten\/hund\/c3-defizienz-c3\/","title":{"rendered":"C3-Defizienz (C3)"},"content":{"rendered":"<h3 class=\"csc-firstHeader\">C3-Defizienz (C3)<\/h3><p><span>LABOKLIN Leistungs-ID: 8184<\/span><\/p><p class=\"bodytext\">Die dritte Komponente des Komplementsystems (C3) ist ein wichtiger Faktor f\u00fcr die Immunabwehr des K\u00f6rpers zur Bek\u00e4mpfung von Mikroorganismen wie Bakterien, Pilzen und Parasiten. Durch eine Mutation im C3-Gen wird die vollst\u00e4ndige Bildung von C3 verhindert und die Abwehrkaskade unterbrochen. Betroffene Hunde neigen zu erh\u00f6hter Empf\u00e4nglichkeit f\u00fcr bakterielle Infektionen. Eine h\u00e4ufige Nebenerkrankung ist die Glomerulonephritis, bei der Zellsch\u00e4den aufgrund der C3-bedingt unregulierten Komponenten des Komplementsystems herbeigef\u00fchrt werden.<\/p><table class=\"tx-laboklinleistung-table contenttable contenttable-2\" style=\"margin-top: 35px;\"><tr><td class=\"td-0\"><strong>Methode<\/strong><\/td><td class=\"td-1\"><p class=\"bodytext\">Sequenzierung<\/p><\/td><\/tr><tr><td class=\"td-0\"><strong>Rasse<\/strong><\/td><td class=\"td-1\"><p class=\"bodytext\">Bretonischer Spaniel<\/p><\/td><\/tr><tr><td class=\"td-0\"><strong>Erbgang<\/strong><\/td><td class=\"td-1\"><p class=\"bodytext\">autosomal-rezessiv<\/p><\/td><\/tr><tr><td class=\"td-0\"><strong>Dauer<\/strong><\/td><td class=\"td-1\"><p class=\"bodytext\">1 - 2 Wochen nach Erhalt der Probe<\/p><\/td><\/tr><\/table>\n","protected":false},"excerpt":{"rendered":"<p>C3-Defizienz (C3)LABOKLIN Leistungs-ID: 8184Die dritte Komponente des Komplementsystems (C3) ist ein wichtiger Faktor f\u00fcr die Immunabwehr des K\u00f6rpers zur Bek\u00e4mpfung von Mikroorganismen wie Bakterien, Pilzen und Parasiten. Durch eine Mutation im C3-Gen wird die vollst\u00e4ndige Bildung von C3 verhindert und die Abwehrkaskade unterbrochen. Betroffene Hunde neigen zu erh\u00f6hter Empf\u00e4nglichkeit f\u00fcr bakterielle Infektionen. Eine h\u00e4ufige Nebenerkrankung&hellip;<\/p>\n","protected":false},"author":1,"featured_media":0,"parent":1332702,"menu_order":124,"comment_status":"closed","ping_status":"closed","template":"","meta":{"_seopress_robots_primary_cat":"","_seopress_titles_title":"","_seopress_titles_desc":"","_seopress_robots_index":"","footnotes":""},"class_list":["post-1336580","page","type-page","status-publish","hentry","description-off"],"_links":{"self":[{"href":"https:\/\/laboklin.de\/de-ch\/wp-json\/wp\/v2\/pages\/1336580","targetHints":{"allow":["GET"]}}],"collection":[{"href":"https:\/\/laboklin.de\/de-ch\/wp-json\/wp\/v2\/pages"}],"about":[{"href":"https:\/\/laboklin.de\/de-ch\/wp-json\/wp\/v2\/types\/page"}],"author":[{"embeddable":true,"href":"https:\/\/laboklin.de\/de-ch\/wp-json\/wp\/v2\/users\/1"}],"replies":[{"embeddable":true,"href":"https:\/\/laboklin.de\/de-ch\/wp-json\/wp\/v2\/comments?post=1336580"}],"version-history":[{"count":1,"href":"https:\/\/laboklin.de\/de-ch\/wp-json\/wp\/v2\/pages\/1336580\/revisions"}],"predecessor-version":[{"id":1506911,"href":"https:\/\/laboklin.de\/de-ch\/wp-json\/wp\/v2\/pages\/1336580\/revisions\/1506911"}],"up":[{"embeddable":true,"href":"https:\/\/laboklin.de\/de-ch\/wp-json\/wp\/v2\/pages\/1332702"}],"wp:attachment":[{"href":"https:\/\/laboklin.de\/de-ch\/wp-json\/wp\/v2\/media?parent=1336580"}],"curies":[{"name":"wp","href":"https:\/\/api.w.org\/{rel}","templated":true}]}}