{"id":1336570,"date":"2020-10-16T11:36:27","date_gmt":"2020-10-16T09:36:27","guid":{"rendered":"https:\/\/laboklin.de\/leistungen\/genetik\/erbkrankheiten\/hund\/glycogenspeicherkrankheit-gsd-1a\/"},"modified":"2025-02-05T13:14:38","modified_gmt":"2025-02-05T12:14:38","slug":"glycogenspeicherkrankheit-gsd-1a","status":"publish","type":"page","link":"https:\/\/laboklin.de\/de-ch\/leistungen\/genetik\/erbkrankheiten\/hund\/glycogenspeicherkrankheit-gsd-1a\/","title":{"rendered":"Glycogenspeicherkrankheit GSD 1a"},"content":{"rendered":"<h3 class=\"csc-firstHeader\">Glycogenspeicherkrankheit GSD Ia<\/h3><p><span>LABOKLIN Leistungs-ID: 8322<\/span><\/p><p class=\"bodytext\">Die Glykogenspeicherkrankheit Typ Ia (GSD Ia) liegt eine angeborene St\u00f6rung des Glukosestoffwechsels zugrunde, die sich durch \u00fcbersch\u00fcssige Speicherung von Glykogen in Organen zeigt. Die Ursache ist eine Ver\u00e4nderung des Enzyms \u201eGlycogen Branching Enzyme (GBE)\u201c, das f\u00fcr die korrekte r\u00e4umliche Anordnung des gespeicherten Glycogens zust\u00e4ndig ist. Dadurch ist die R\u00fcckumwandlung zur Glukose nicht mehr m\u00f6glich, wodurch das ver\u00e4nderte Glykogen in Zellen des Muskel-, Leber- und Nervensystems akkumuliert. Dieser Zustand f\u00fchrt zu Organfehlfunktionen von unterschiedlichem Schweregrad. Bei betroffenen Welpen kommt es schon sehr fr\u00fch nach der Geburt zur Auspr\u00e4gung von Symptomen wie Depressionen, Unterversorgung und langsamem Wachstum.<\/p><table class=\"tx-laboklinleistung-table contenttable contenttable-2\" style=\"margin-top: 35px;\"><tr><td class=\"td-0\"><strong>Methode<\/strong><\/td><td class=\"td-1\"><p class=\"bodytext\">Sequenzierung<\/p><\/td><\/tr><tr><td class=\"td-0\"><strong>Rasse<\/strong><\/td><td class=\"td-1\"><p class=\"bodytext\">Deutscher Pinscher, Malteser, Maltipoo<\/p><\/td><\/tr><tr><td class=\"td-0\"><strong>Erbgang<\/strong><\/td><td class=\"td-1\"><p class=\"bodytext\">autosomal-rezessiv<\/p><\/td><\/tr><tr><td class=\"td-0\"><strong>Dauer<\/strong><\/td><td class=\"td-1\"><p class=\"bodytext\">1 - 2 Wochen nach Erhalt der Probe<\/p><\/td><\/tr><\/table>\n","protected":false},"excerpt":{"rendered":"<p>Glycogenspeicherkrankheit GSD IaLABOKLIN Leistungs-ID: 8322Die Glykogenspeicherkrankheit Typ Ia (GSD Ia) liegt eine angeborene St\u00f6rung des Glukosestoffwechsels zugrunde, die sich durch \u00fcbersch\u00fcssige Speicherung von Glykogen in Organen zeigt. Die Ursache ist eine Ver\u00e4nderung des Enzyms \u201eGlycogen Branching Enzyme (GBE)\u201c, das f\u00fcr die korrekte r\u00e4umliche Anordnung des gespeicherten Glycogens zust\u00e4ndig ist. Dadurch ist die R\u00fcckumwandlung zur Glukose&hellip;<\/p>\n","protected":false},"author":1,"featured_media":0,"parent":1332702,"menu_order":120,"comment_status":"closed","ping_status":"closed","template":"","meta":{"_seopress_robots_primary_cat":"","_seopress_titles_title":"","_seopress_titles_desc":"","_seopress_robots_index":"","footnotes":""},"class_list":["post-1336570","page","type-page","status-publish","hentry","description-off"],"_links":{"self":[{"href":"https:\/\/laboklin.de\/de-ch\/wp-json\/wp\/v2\/pages\/1336570","targetHints":{"allow":["GET"]}}],"collection":[{"href":"https:\/\/laboklin.de\/de-ch\/wp-json\/wp\/v2\/pages"}],"about":[{"href":"https:\/\/laboklin.de\/de-ch\/wp-json\/wp\/v2\/types\/page"}],"author":[{"embeddable":true,"href":"https:\/\/laboklin.de\/de-ch\/wp-json\/wp\/v2\/users\/1"}],"replies":[{"embeddable":true,"href":"https:\/\/laboklin.de\/de-ch\/wp-json\/wp\/v2\/comments?post=1336570"}],"version-history":[{"count":1,"href":"https:\/\/laboklin.de\/de-ch\/wp-json\/wp\/v2\/pages\/1336570\/revisions"}],"predecessor-version":[{"id":1507027,"href":"https:\/\/laboklin.de\/de-ch\/wp-json\/wp\/v2\/pages\/1336570\/revisions\/1507027"}],"up":[{"embeddable":true,"href":"https:\/\/laboklin.de\/de-ch\/wp-json\/wp\/v2\/pages\/1332702"}],"wp:attachment":[{"href":"https:\/\/laboklin.de\/de-ch\/wp-json\/wp\/v2\/media?parent=1336570"}],"curies":[{"name":"wp","href":"https:\/\/api.w.org\/{rel}","templated":true}]}}