{"id":1336561,"date":"2020-10-16T11:36:27","date_gmt":"2020-10-16T09:36:27","guid":{"rendered":"https:\/\/laboklin.de\/leistungen\/genetik\/erbkrankheiten\/hund\/ichthyose-2\/"},"modified":"2025-02-17T09:07:48","modified_gmt":"2025-02-17T08:07:48","slug":"ichthyose-2","status":"publish","type":"page","link":"https:\/\/laboklin.de\/de-ch\/leistungen\/genetik\/erbkrankheiten\/hund\/ichthyose-2\/","title":{"rendered":"Ichthyose*"},"content":{"rendered":"<h3 class=\"csc-firstHeader\">Ichthyose*<\/h3><p><span>LABOKLIN Leistungs-ID: 8481<\/span><\/p><p class=\"bodytext\">Die Ichthyose ist eine angeborene St\u00f6rung der normalen Abschuppung der Haut, der eine Ver\u00e4nderung der Keratinisierung zugrunde liegt. Der Name Ichthyose leitet sich vom griechischen Wort f\u00fcr Fisch (Ichth\u00fds) ab, da sich bei betroffenen Hunden unterschiedlich pigmentierte, gro\u00dfe Schuppen abl\u00f6sen. Zus\u00e4tzlich kann die Haut selbst auch unterschiedlich stark pigmentiert erscheinen. Erste Symptome der Erkrankung zeigen sich schon nach wenigen Lebenswochen. Bisher gibt es keine Heilm\u00f6glichkeit f\u00fcr die Ichthyose, auch wenn die Schuppenbildung mit zunehmendem Alter abnehmen kann. <\/p><table class=\"tx-laboklinleistung-table contenttable contenttable-2\" style=\"margin-top: 35px;\"><tr><td class=\"td-0\"><strong>Methode<\/strong><\/td><td class=\"td-1\"><p class=\"bodytext\">Partnerlabor in Bratislava, Slowakei<\/p><\/td><\/tr><tr><td class=\"td-0\"><strong>Rasse<\/strong><\/td><td class=\"td-1\"><p class=\"bodytext\">Golden Retriever, Goldendoodle<\/p><\/td><\/tr><tr><td class=\"td-0\"><strong>Erbgang<\/strong><\/td><td class=\"td-1\"><p class=\"bodytext\">autosomal-rezessiv<\/p><\/td><\/tr><tr><td class=\"td-0\"><strong>Dauer<\/strong><\/td><td class=\"td-1\"><p class=\"bodytext\">1 - 2 Wochen nach Erhalt der Probe<\/p><\/td><\/tr><\/table>\n","protected":false},"excerpt":{"rendered":"<p>Ichthyose*LABOKLIN Leistungs-ID: 8481Die Ichthyose ist eine angeborene St\u00f6rung der normalen Abschuppung der Haut, der eine Ver\u00e4nderung der Keratinisierung zugrunde liegt. Der Name Ichthyose leitet sich vom griechischen Wort f\u00fcr Fisch (Ichth\u00fds) ab, da sich bei betroffenen Hunden unterschiedlich pigmentierte, gro\u00dfe Schuppen abl\u00f6sen. Zus\u00e4tzlich kann die Haut selbst auch unterschiedlich stark pigmentiert erscheinen. Erste Symptome der&hellip;<\/p>\n","protected":false},"author":1,"featured_media":0,"parent":1332702,"menu_order":116,"comment_status":"closed","ping_status":"closed","template":"","meta":{"_seopress_robots_primary_cat":"","_seopress_titles_title":"","_seopress_titles_desc":"","_seopress_robots_index":"","footnotes":""},"class_list":["post-1336561","page","type-page","status-publish","hentry","description-off"],"_links":{"self":[{"href":"https:\/\/laboklin.de\/de-ch\/wp-json\/wp\/v2\/pages\/1336561","targetHints":{"allow":["GET"]}}],"collection":[{"href":"https:\/\/laboklin.de\/de-ch\/wp-json\/wp\/v2\/pages"}],"about":[{"href":"https:\/\/laboklin.de\/de-ch\/wp-json\/wp\/v2\/types\/page"}],"author":[{"embeddable":true,"href":"https:\/\/laboklin.de\/de-ch\/wp-json\/wp\/v2\/users\/1"}],"replies":[{"embeddable":true,"href":"https:\/\/laboklin.de\/de-ch\/wp-json\/wp\/v2\/comments?post=1336561"}],"version-history":[{"count":1,"href":"https:\/\/laboklin.de\/de-ch\/wp-json\/wp\/v2\/pages\/1336561\/revisions"}],"predecessor-version":[{"id":1509052,"href":"https:\/\/laboklin.de\/de-ch\/wp-json\/wp\/v2\/pages\/1336561\/revisions\/1509052"}],"up":[{"embeddable":true,"href":"https:\/\/laboklin.de\/de-ch\/wp-json\/wp\/v2\/pages\/1332702"}],"wp:attachment":[{"href":"https:\/\/laboklin.de\/de-ch\/wp-json\/wp\/v2\/media?parent=1336561"}],"curies":[{"name":"wp","href":"https:\/\/api.w.org\/{rel}","templated":true}]}}