{"id":1336529,"date":"2020-10-16T11:36:27","date_gmt":"2020-10-16T09:36:27","guid":{"rendered":"https:\/\/laboklin.de\/leistungen\/genetik\/erbkrankheiten\/hund\/glycogenspeicherkrankheit-gsd-3a\/"},"modified":"2025-02-05T13:15:51","modified_gmt":"2025-02-05T12:15:51","slug":"glycogenspeicherkrankheit-gsd-3a","status":"publish","type":"page","link":"https:\/\/laboklin.de\/de-ch\/leistungen\/genetik\/erbkrankheiten\/hund\/glycogenspeicherkrankheit-gsd-3a\/","title":{"rendered":"Glycogenspeicherkrankheit GSD 3a"},"content":{"rendered":"<h3 class=\"csc-firstHeader\">Glycogenspeicherkrankheit GSD IIIa<\/h3><p><span>LABOKLIN Leistungs-ID: 8156<\/span><\/p><p class=\"bodytext\">Bei der Glykogenspeicherkrankheit Typ IIIa handelt es sich um eine Fehlfunktion des Glukosestoffwechsels aufgrund einer Mutation im AGL-Gen, die beim Curly Coated Retriever beschrieben ist. Die F\u00e4higkeit, Glukose effizient an Glykogen zu binden und wieder abzuspalten ist von der stark verzweigten Struktur des Glykogen abh\u00e4ngig. Das \"Glycogen Branching Enzym\" (GBE) ist n\u00f6tig f\u00fcr die Ausbildung dieser verzweigten Struktur, das \u201cGlycogen Debranching Enzyme\u201d (GDE) f\u00fcr deren Abbau. Ein Ausfall der GDE-Aktivit\u00e4t f\u00fchrt zu einer abnormen Anh\u00e4ufung von Glykogen in Leber- und Muskelzellen was zu fortschreitenden Organfehlfunktionen f\u00fchrt. Betroffene Hunde zeigen in den ersten Lebensjahren oft nur wenig klinische Symptome, mit fortschreitendem Alter \u00e4u\u00dfert sich die Krankheit immer h\u00e4ufiger durch Lethargie und episodische Hypoglyk\u00e4mie mit Kollaps. <\/p><table class=\"tx-laboklinleistung-table contenttable contenttable-2\" style=\"margin-top: 35px;\"><tr><td class=\"td-0\"><strong>Methode<\/strong><\/td><td class=\"td-1\"><p class=\"bodytext\">Sequenzierung<\/p><\/td><\/tr><tr><td class=\"td-0\"><strong>Rasse<\/strong><\/td><td class=\"td-1\"><p class=\"bodytext\">Curly Coated Retriever<\/p><\/td><\/tr><tr><td class=\"td-0\"><strong>Erbgang<\/strong><\/td><td class=\"td-1\"><p class=\"bodytext\">autosomal-rezessiv<\/p><\/td><\/tr><tr><td class=\"td-0\"><strong>Dauer<\/strong><\/td><td class=\"td-1\"><p class=\"bodytext\">1 - 2 Wochen nach Erhalt der Probe<\/p><\/td><\/tr><\/table>\n","protected":false},"excerpt":{"rendered":"<p>Glycogenspeicherkrankheit GSD IIIaLABOKLIN Leistungs-ID: 8156Bei der Glykogenspeicherkrankheit Typ IIIa handelt es sich um eine Fehlfunktion des Glukosestoffwechsels aufgrund einer Mutation im AGL-Gen, die beim Curly Coated Retriever beschrieben ist. Die F\u00e4higkeit, Glukose effizient an Glykogen zu binden und wieder abzuspalten ist von der stark verzweigten Struktur des Glykogen abh\u00e4ngig. Das &#171;Glycogen Branching Enzym&#187; (GBE) ist&hellip;<\/p>\n","protected":false},"author":1,"featured_media":0,"parent":1332702,"menu_order":103,"comment_status":"closed","ping_status":"closed","template":"","meta":{"_seopress_robots_primary_cat":"","_seopress_titles_title":"","_seopress_titles_desc":"","_seopress_robots_index":"","footnotes":""},"class_list":["post-1336529","page","type-page","status-publish","hentry","description-off"],"_links":{"self":[{"href":"https:\/\/laboklin.de\/de-ch\/wp-json\/wp\/v2\/pages\/1336529","targetHints":{"allow":["GET"]}}],"collection":[{"href":"https:\/\/laboklin.de\/de-ch\/wp-json\/wp\/v2\/pages"}],"about":[{"href":"https:\/\/laboklin.de\/de-ch\/wp-json\/wp\/v2\/types\/page"}],"author":[{"embeddable":true,"href":"https:\/\/laboklin.de\/de-ch\/wp-json\/wp\/v2\/users\/1"}],"replies":[{"embeddable":true,"href":"https:\/\/laboklin.de\/de-ch\/wp-json\/wp\/v2\/comments?post=1336529"}],"version-history":[{"count":1,"href":"https:\/\/laboklin.de\/de-ch\/wp-json\/wp\/v2\/pages\/1336529\/revisions"}],"predecessor-version":[{"id":1336530,"href":"https:\/\/laboklin.de\/de-ch\/wp-json\/wp\/v2\/pages\/1336529\/revisions\/1336530"}],"up":[{"embeddable":true,"href":"https:\/\/laboklin.de\/de-ch\/wp-json\/wp\/v2\/pages\/1332702"}],"wp:attachment":[{"href":"https:\/\/laboklin.de\/de-ch\/wp-json\/wp\/v2\/media?parent=1336529"}],"curies":[{"name":"wp","href":"https:\/\/api.w.org\/{rel}","templated":true}]}}