{"id":1336522,"date":"2020-10-16T11:36:27","date_gmt":"2020-10-16T09:36:27","guid":{"rendered":"https:\/\/laboklin.de\/leistungen\/genetik\/erbkrankheiten\/hund\/haemophilie-b-faktor-ix\/"},"modified":"2025-02-06T12:46:18","modified_gmt":"2025-02-06T11:46:18","slug":"haemophilie-b-faktor-ix","status":"publish","type":"page","link":"https:\/\/laboklin.de\/de-ch\/leistungen\/genetik\/erbkrankheiten\/hund\/haemophilie-b-faktor-ix\/","title":{"rendered":"H\u00e4mophilie B (Faktor IX)"},"content":{"rendered":"<h3 class=\"csc-firstHeader\">H\u00e4mophilie B (Faktor IX)<\/h3><p><span>LABOKLIN Leistungs-ID: 8221<\/span><\/p><p class=\"bodytext\">Die H\u00e4mophilie B geh\u00f6rt zu den wichtigsten vererbbaren Blutgerinnungsst\u00f6rungen in der Rasse Rhodesien Ridgeback. Die Erkrankung ist auf einen Mangel oder eine reduzierte Aktivit\u00e4t des Faktors IX zur\u00fcckzuf\u00fchren, der eine Schl\u00fcsselfunktion in der Blutgerinnungskaskade besitzt. Je nach Auspr\u00e4gung des Faktor IX-Mangels kommt es zu einer leichten bis schweren Blutungsneigung. Anzeichen einer H\u00e4mophilie sind gr\u00f6\u00dfere H\u00e4matome, Nasenbluten, Haut-, Muskel- und Gelenkblutungen. Schwere Verl\u00e4ufe nach gr\u00f6\u00dferen Verletzungen oder Operationen k\u00f6nnen ohne Therapie oder Prophylaxe t\u00f6dlich verlaufen. Weitere genetische Ursachen der H\u00e4mophilie B konnten in wenigen F\u00e4llen beim Amerikanischen Akita, Hovawart und Lhasa Apso gefunden werden.<\/p><table class=\"tx-laboklinleistung-table contenttable contenttable-2\" style=\"margin-top: 35px;\"><tr><td class=\"td-0\"><strong>Methode<\/strong><\/td><td class=\"td-1\"><p class=\"bodytext\">TaqMan SNP Assay (Rhodesian Ridgeback);<br> Sequenzierung (Amerikanischer Akita, Hovawart, Lhasa Apso)<\/p><\/td><\/tr><tr><td class=\"td-0\"><strong>Rasse<\/strong><\/td><td class=\"td-1\"><p class=\"bodytext\">Amerikanischer Akita, Hovawart, Lhasa Apso, Rhodesian Ridgeback<\/p><\/td><\/tr><tr><td class=\"td-0\"><strong>Erbgang<\/strong><\/td><td class=\"td-1\"><p class=\"bodytext\">X-chromosomal-rezessiv<\/p><\/td><\/tr><tr><td class=\"td-0\"><strong>Dauer<\/strong><\/td><td class=\"td-1\"><p class=\"bodytext\">3 - 5 Arbeitstage nach Erhalt der Probe (Rhodesian Ridgeback);<br>1 - 2 Wochen nach Erhalt der Probe (Amerikanischer Akita, Hovawart, Lhasa Apso)<\/p><\/td><\/tr><\/table>\n","protected":false},"excerpt":{"rendered":"<p>H\u00e4mophilie B (Faktor IX)LABOKLIN Leistungs-ID: 8221Die H\u00e4mophilie B geh\u00f6rt zu den wichtigsten vererbbaren Blutgerinnungsst\u00f6rungen in der Rasse Rhodesien Ridgeback. Die Erkrankung ist auf einen Mangel oder eine reduzierte Aktivit\u00e4t des Faktors IX zur\u00fcckzuf\u00fchren, der eine Schl\u00fcsselfunktion in der Blutgerinnungskaskade besitzt. Je nach Auspr\u00e4gung des Faktor IX-Mangels kommt es zu einer leichten bis schweren Blutungsneigung. Anzeichen&hellip;<\/p>\n","protected":false},"author":1,"featured_media":0,"parent":1332702,"menu_order":100,"comment_status":"closed","ping_status":"closed","template":"","meta":{"_seopress_robots_primary_cat":"","_seopress_titles_title":"","_seopress_titles_desc":"","_seopress_robots_index":"","footnotes":""},"class_list":["post-1336522","page","type-page","status-publish","hentry","description-off"],"_links":{"self":[{"href":"https:\/\/laboklin.de\/de-ch\/wp-json\/wp\/v2\/pages\/1336522","targetHints":{"allow":["GET"]}}],"collection":[{"href":"https:\/\/laboklin.de\/de-ch\/wp-json\/wp\/v2\/pages"}],"about":[{"href":"https:\/\/laboklin.de\/de-ch\/wp-json\/wp\/v2\/types\/page"}],"author":[{"embeddable":true,"href":"https:\/\/laboklin.de\/de-ch\/wp-json\/wp\/v2\/users\/1"}],"replies":[{"embeddable":true,"href":"https:\/\/laboklin.de\/de-ch\/wp-json\/wp\/v2\/comments?post=1336522"}],"version-history":[{"count":1,"href":"https:\/\/laboklin.de\/de-ch\/wp-json\/wp\/v2\/pages\/1336522\/revisions"}],"predecessor-version":[{"id":1507235,"href":"https:\/\/laboklin.de\/de-ch\/wp-json\/wp\/v2\/pages\/1336522\/revisions\/1507235"}],"up":[{"embeddable":true,"href":"https:\/\/laboklin.de\/de-ch\/wp-json\/wp\/v2\/pages\/1332702"}],"wp:attachment":[{"href":"https:\/\/laboklin.de\/de-ch\/wp-json\/wp\/v2\/media?parent=1336522"}],"curies":[{"name":"wp","href":"https:\/\/api.w.org\/{rel}","templated":true}]}}