{"id":1336515,"date":"2020-10-16T11:36:27","date_gmt":"2020-10-16T09:36:27","guid":{"rendered":"https:\/\/laboklin.de\/leistungen\/genetik\/erbkrankheiten\/hund\/progressive-retinaatrophie-early-onset-eo-pra\/"},"modified":"2025-02-17T11:18:31","modified_gmt":"2025-02-17T10:18:31","slug":"progressive-retinaatrophie-early-onset-eo-pra","status":"publish","type":"page","link":"https:\/\/laboklin.de\/de-ch\/leistungen\/genetik\/erbkrankheiten\/hund\/progressive-retinaatrophie-early-onset-eo-pra\/","title":{"rendered":"Progressive Retinaatrophie early-onset (eo-PRA)"},"content":{"rendered":"<h3 class=\"csc-firstHeader\">Progressive Retinaatrophie (early-onset, eo-PRA)<\/h3><p><span>LABOKLIN Leistungs-ID: 8617<\/span><\/p><p class=\"bodytext\">Progressive Retinaatrophien beim Hund stellen eine heterogene Gruppe genetisch bedingter Erkrankungen dar, die sich durch eine Retinadegeneration und in den meisten F\u00e4llen eine damit einhergehende Blindheit kennzeichnen lassen. W\u00e4hrend einige PRA-verursachende Varianten in mehreren Rassen vorkommen k\u00f6nnen, wurden manche Varianten nur in bestimmten Rassen gefunden bzw. in Rassen desselben Ursprungs. Bei einer klinischen Augenuntersuchung k\u00f6nnen folgende typische Anzeichen einer PRA gefunden werden: bilaterale Hyperreflexion des Tapetums undR\u00fcckbildung der Netzhautgef\u00e4\u00dfe. Die genetische Untersuchung erg\u00e4nzt die klinische Augenuntersuchung mit dem Vorteil, dass PRA-verursachende Varianten bereits vor dem Zuchtalter und vor dem Auftreten klinischer Symptome erkannt werden k\u00f6nnen.<br \/>\r\nBeim Portugiesischen Wasserhund und Spanischen Wasserhund kommt neben der prcd-PRA, deren Symptome eher in einem fortgeschrittenerem Alter auftreten, die sogenannte early-onset-PRA (eo-PRA) vor, die schon in einem jungen Alter zu Sehbeeintr\u00e4chtigungen f\u00fchren kann. Besitzer von eo-PRA betroffenen Hunden berichten von ersten Sehst\u00f6rungen im Alter von etwa 1,5 Jahren, w\u00e4hrend die Hunde im Alter von 4,5 Jahren bereits als weitgehend blind beschrieben werden. Die eo-PRA wird durch eine Variante im PDE6B-Gen verursacht, die autosomal-rezessiv vererbt wird. Bei dieser Form der PRA kann h\u00e4ufig eine Diagnose durch eine klinische Augenuntersuchung erst einige Zeit sp\u00e4ter gestellt werden, nachdem die Besitzer bereits erste Ver\u00e4nderungen festgestellt haben.<br \/>\r\n<\/p><table class=\"tx-laboklinleistung-table contenttable contenttable-2\" style=\"margin-top: 35px;\"><tr><td class=\"td-0\"><strong>Methode<\/strong><\/td><td class=\"td-1\"><p class=\"bodytext\">Sequenzierung<\/p><\/td><\/tr><tr><td class=\"td-0\"><strong>Rasse<\/strong><\/td><td class=\"td-1\"><p class=\"bodytext\">Portugiesischer Wasserhund, Spanischer Wasserhund<\/p><\/td><\/tr><tr><td class=\"td-0\"><strong>Erbgang<\/strong><\/td><td class=\"td-1\"><p class=\"bodytext\">autosomal-rezessiv<\/p><\/td><\/tr><tr><td class=\"td-0\"><strong>Dauer<\/strong><\/td><td class=\"td-1\"><p class=\"bodytext\">1 - 2 Wochen nach Erhalt der Probe<\/p><\/td><\/tr><\/table>\n","protected":false},"excerpt":{"rendered":"<p>Progressive Retinaatrophie (early-onset, eo-PRA)LABOKLIN Leistungs-ID: 8617Progressive Retinaatrophien beim Hund stellen eine heterogene Gruppe genetisch bedingter Erkrankungen dar, die sich durch eine Retinadegeneration und in den meisten F\u00e4llen eine damit einhergehende Blindheit kennzeichnen lassen. W\u00e4hrend einige PRA-verursachende Varianten in mehreren Rassen vorkommen k\u00f6nnen, wurden manche Varianten nur in bestimmten Rassen gefunden bzw. in Rassen desselben Ursprungs.&hellip;<\/p>\n","protected":false},"author":1,"featured_media":0,"parent":1332702,"menu_order":97,"comment_status":"closed","ping_status":"closed","template":"","meta":{"_seopress_robots_primary_cat":"","_seopress_titles_title":"","_seopress_titles_desc":"","_seopress_robots_index":"","footnotes":""},"class_list":["post-1336515","page","type-page","status-publish","hentry","description-off"],"_links":{"self":[{"href":"https:\/\/laboklin.de\/de-ch\/wp-json\/wp\/v2\/pages\/1336515","targetHints":{"allow":["GET"]}}],"collection":[{"href":"https:\/\/laboklin.de\/de-ch\/wp-json\/wp\/v2\/pages"}],"about":[{"href":"https:\/\/laboklin.de\/de-ch\/wp-json\/wp\/v2\/types\/page"}],"author":[{"embeddable":true,"href":"https:\/\/laboklin.de\/de-ch\/wp-json\/wp\/v2\/users\/1"}],"replies":[{"embeddable":true,"href":"https:\/\/laboklin.de\/de-ch\/wp-json\/wp\/v2\/comments?post=1336515"}],"version-history":[{"count":1,"href":"https:\/\/laboklin.de\/de-ch\/wp-json\/wp\/v2\/pages\/1336515\/revisions"}],"predecessor-version":[{"id":1509421,"href":"https:\/\/laboklin.de\/de-ch\/wp-json\/wp\/v2\/pages\/1336515\/revisions\/1509421"}],"up":[{"embeddable":true,"href":"https:\/\/laboklin.de\/de-ch\/wp-json\/wp\/v2\/pages\/1332702"}],"wp:attachment":[{"href":"https:\/\/laboklin.de\/de-ch\/wp-json\/wp\/v2\/media?parent=1336515"}],"curies":[{"name":"wp","href":"https:\/\/api.w.org\/{rel}","templated":true}]}}