{"id":1336508,"date":"2020-10-16T11:36:27","date_gmt":"2020-10-16T09:36:27","guid":{"rendered":"https:\/\/laboklin.de\/leistungen\/genetik\/erbkrankheiten\/hund\/leukoenzephalopathie-lep\/"},"modified":"2025-02-17T09:21:32","modified_gmt":"2025-02-17T08:21:32","slug":"leukoenzephalopathie-lep","status":"publish","type":"page","link":"https:\/\/laboklin.de\/de-ch\/leistungen\/genetik\/erbkrankheiten\/hund\/leukoenzephalopathie-lep\/","title":{"rendered":"Leukoenzephalopathie (LEP)"},"content":{"rendered":"<h3 class=\"csc-firstHeader\">Leukoenzephalopathie (LEP)<\/h3><p><span>LABOKLIN Leistungs-ID: 8364<\/span><\/p><p class=\"bodytext\">Der Begriff Leukoenzephalopathie beschreibt Erkrankungen der wei\u00dfen Substanz des zentralen Nervensystems (ZNS). In den meisten F\u00e4llen f\u00fchren Defekte des Myelinproteins und\/oder metabolische Defekte der Oligodendrozyten zu einer unzureichenden Bildung oder Aufrechterhaltung der Myelinscheide. <br \/>\nEin Schnauzer-Z\u00fcchter berichtete von mehreren Welpen, welche neurologische Symptome wie Schluckbeschwerden, Tetraparese und Ataxie, Im-Kreis-Gehen, Missstimmung, Kopfneigen, Strabismus und tonisch-klonische Krampfanf\u00e4lle zeigten oder pl\u00f6tzlich starben.  Anhand des Genomvergleichs betroffener Welpen mit Schnauzern ohne jegliche Symptome konnte eine Variante identifiziert werden, die mit Leukoenzephalopathie beim Schnauzer assoziiert werden kann. Weitere Untersuchungen zeigten bei Gehirnen von betroffenen Hunden L\u00e4sionen der wei\u00dfen Substanz des Cerebrums, eine verringerte Abgrenzung zwischen grauer und wei\u00dfer Substanz und milden Hydrozephalus. Aufgrund der schwerwiegenden klinischen Symptomatik wurden die betroffenen Welpen bereits wenige Tage nach der Geburt euthanasiert.   <\/p><table class=\"tx-laboklinleistung-table contenttable contenttable-2\" style=\"margin-top: 35px;\"><tr><td class=\"td-0\"><strong>Methode<\/strong><\/td><td class=\"td-1\"><p class=\"bodytext\">Sequenzierung<\/p><\/td><\/tr><tr><td class=\"td-0\"><strong>Rasse<\/strong><\/td><td class=\"td-1\"><p class=\"bodytext\">Schnauzer<\/p><\/td><\/tr><tr><td class=\"td-0\"><strong>Erbgang<\/strong><\/td><td class=\"td-1\"><p class=\"bodytext\">autosomal-rezessiv <\/p><\/td><\/tr><tr><td class=\"td-0\"><strong>Dauer<\/strong><\/td><td class=\"td-1\"><p class=\"bodytext\">1 - 2 Wochen nach Erhalt der Probe<\/p><\/td><\/tr><\/table>\n","protected":false},"excerpt":{"rendered":"<p>Leukoenzephalopathie (LEP)LABOKLIN Leistungs-ID: 8364Der Begriff Leukoenzephalopathie beschreibt Erkrankungen der wei\u00dfen Substanz des zentralen Nervensystems (ZNS). In den meisten F\u00e4llen f\u00fchren Defekte des Myelinproteins und\/oder metabolische Defekte der Oligodendrozyten zu einer unzureichenden Bildung oder Aufrechterhaltung der Myelinscheide. Ein Schnauzer-Z\u00fcchter berichtete von mehreren Welpen, welche neurologische Symptome wie Schluckbeschwerden, Tetraparese und Ataxie, Im-Kreis-Gehen, Missstimmung, Kopfneigen, Strabismus und&hellip;<\/p>\n","protected":false},"author":1,"featured_media":0,"parent":1332702,"menu_order":94,"comment_status":"closed","ping_status":"closed","template":"","meta":{"_seopress_robots_primary_cat":"","_seopress_titles_title":"","_seopress_titles_desc":"","_seopress_robots_index":"","footnotes":""},"class_list":["post-1336508","page","type-page","status-publish","hentry","description-off"],"_links":{"self":[{"href":"https:\/\/laboklin.de\/de-ch\/wp-json\/wp\/v2\/pages\/1336508","targetHints":{"allow":["GET"]}}],"collection":[{"href":"https:\/\/laboklin.de\/de-ch\/wp-json\/wp\/v2\/pages"}],"about":[{"href":"https:\/\/laboklin.de\/de-ch\/wp-json\/wp\/v2\/types\/page"}],"author":[{"embeddable":true,"href":"https:\/\/laboklin.de\/de-ch\/wp-json\/wp\/v2\/users\/1"}],"replies":[{"embeddable":true,"href":"https:\/\/laboklin.de\/de-ch\/wp-json\/wp\/v2\/comments?post=1336508"}],"version-history":[{"count":1,"href":"https:\/\/laboklin.de\/de-ch\/wp-json\/wp\/v2\/pages\/1336508\/revisions"}],"predecessor-version":[{"id":1509096,"href":"https:\/\/laboklin.de\/de-ch\/wp-json\/wp\/v2\/pages\/1336508\/revisions\/1509096"}],"up":[{"embeddable":true,"href":"https:\/\/laboklin.de\/de-ch\/wp-json\/wp\/v2\/pages\/1332702"}],"wp:attachment":[{"href":"https:\/\/laboklin.de\/de-ch\/wp-json\/wp\/v2\/media?parent=1336508"}],"curies":[{"name":"wp","href":"https:\/\/api.w.org\/{rel}","templated":true}]}}