{"id":1336496,"date":"2020-10-16T11:36:27","date_gmt":"2020-10-16T09:36:27","guid":{"rendered":"https:\/\/laboklin.de\/leistungen\/genetik\/erbkrankheiten\/hund\/retinale-dysplasie-osd\/"},"modified":"2025-02-17T13:48:14","modified_gmt":"2025-02-17T12:48:14","slug":"retinale-dysplasie-osd","status":"publish","type":"page","link":"https:\/\/laboklin.de\/de-ch\/leistungen\/genetik\/erbkrankheiten\/hund\/retinale-dysplasie-osd\/","title":{"rendered":"Retinale Dysplasie (OSD)"},"content":{"rendered":"<h3 class=\"csc-firstHeader\">Retinale Dysplasie (OSD)<\/h3><p><span>LABOKLIN Leistungs-ID: 8677<\/span><\/p><p class=\"bodytext\">Bei den Rassen Northern Inuit und Tamaskan konnte eine genetische Variante im COL9A3-Gen (Exon 14) gefunden werden, die mit einer okulo-skeletalen Dysplasie (OSD) einhergeht. Die Symptome einer OSD bei diesen beiden Rassen und beim Labrador Retriever \u00e4hneln sich sehr. Neben Zwergwuchs (verk\u00fcrzte Gliedma\u00dfen, aber normal proportioniertes Achsenskelett) und Skelettdysplasie kann es auch zu Einschr\u00e4nkungen des Sehverm\u00f6gens bis hin zur Erblindung durch Netzhautabl\u00f6sung, Netzhautdegeneration und\/oder Katarakt (Linsentr\u00fcbung) kommen. <br \/>\r\n<\/p><table class=\"tx-laboklinleistung-table contenttable contenttable-2\" style=\"margin-top: 35px;\"><tr><td class=\"td-0\"><strong>Methode<\/strong><\/td><td class=\"td-1\"><p class=\"bodytext\">Sequenzierung<\/p><\/td><\/tr><tr><td class=\"td-0\"><strong>Rasse<\/strong><\/td><td class=\"td-1\"><p class=\"bodytext\">Northern Inuit, Tamaskan<\/p><\/td><\/tr><tr><td class=\"td-0\"><strong>Erbgang<\/strong><\/td><td class=\"td-1\"><p class=\"bodytext\">autosomal-rezessiv<\/p><\/td><\/tr><tr><td class=\"td-0\"><strong>Dauer<\/strong><\/td><td class=\"td-1\"><p class=\"bodytext\">1 - 2 Wochen nach Erhalt der Probe<\/p><\/td><\/tr><\/table>\n","protected":false},"excerpt":{"rendered":"<p>Retinale Dysplasie (OSD)LABOKLIN Leistungs-ID: 8677Bei den Rassen Northern Inuit und Tamaskan konnte eine genetische Variante im COL9A3-Gen (Exon 14) gefunden werden, die mit einer okulo-skeletalen Dysplasie (OSD) einhergeht. Die Symptome einer OSD bei diesen beiden Rassen und beim Labrador Retriever \u00e4hneln sich sehr. Neben Zwergwuchs (verk\u00fcrzte Gliedma\u00dfen, aber normal proportioniertes Achsenskelett) und Skelettdysplasie kann es&hellip;<\/p>\n","protected":false},"author":1,"featured_media":0,"parent":1332702,"menu_order":89,"comment_status":"closed","ping_status":"closed","template":"","meta":{"_seopress_robots_primary_cat":"","_seopress_titles_title":"","_seopress_titles_desc":"","_seopress_robots_index":"","footnotes":""},"class_list":["post-1336496","page","type-page","status-publish","hentry","description-off"],"_links":{"self":[{"href":"https:\/\/laboklin.de\/de-ch\/wp-json\/wp\/v2\/pages\/1336496","targetHints":{"allow":["GET"]}}],"collection":[{"href":"https:\/\/laboklin.de\/de-ch\/wp-json\/wp\/v2\/pages"}],"about":[{"href":"https:\/\/laboklin.de\/de-ch\/wp-json\/wp\/v2\/types\/page"}],"author":[{"embeddable":true,"href":"https:\/\/laboklin.de\/de-ch\/wp-json\/wp\/v2\/users\/1"}],"replies":[{"embeddable":true,"href":"https:\/\/laboklin.de\/de-ch\/wp-json\/wp\/v2\/comments?post=1336496"}],"version-history":[{"count":1,"href":"https:\/\/laboklin.de\/de-ch\/wp-json\/wp\/v2\/pages\/1336496\/revisions"}],"predecessor-version":[{"id":1509451,"href":"https:\/\/laboklin.de\/de-ch\/wp-json\/wp\/v2\/pages\/1336496\/revisions\/1509451"}],"up":[{"embeddable":true,"href":"https:\/\/laboklin.de\/de-ch\/wp-json\/wp\/v2\/pages\/1332702"}],"wp:attachment":[{"href":"https:\/\/laboklin.de\/de-ch\/wp-json\/wp\/v2\/media?parent=1336496"}],"curies":[{"name":"wp","href":"https:\/\/api.w.org\/{rel}","templated":true}]}}