{"id":1336489,"date":"2020-10-16T11:36:27","date_gmt":"2020-10-16T09:36:27","guid":{"rendered":"https:\/\/laboklin.de\/leistungen\/genetik\/erbkrankheiten\/hund\/canine-leukozyten-adhaesionsdefizienz-clad\/"},"modified":"2025-02-05T11:37:12","modified_gmt":"2025-02-05T10:37:12","slug":"canine-leukozyten-adhaesionsdefizienz-clad","status":"publish","type":"page","link":"https:\/\/laboklin.de\/de-ch\/leistungen\/genetik\/erbkrankheiten\/hund\/canine-leukozyten-adhaesionsdefizienz-clad\/","title":{"rendered":"Canine Leukozyten-Adh\u00e4sionsdefizienz (CLAD)"},"content":{"rendered":"<h3 class=\"csc-firstHeader\">Canine Leukozyten-Adh\u00e4sionsdefizienz (CLAD)<\/h3><p><span>LABOKLIN Leistungs-ID: 8012<\/span><\/p><p class=\"bodytext\">Canine Leukozyten Adh\u00e4sionsdefizienz (CLAD) ist eine in der Regel t\u00f6dlich verlaufende erbliche Immunschw\u00e4che. Der Erkrankung liegt eine Mutation in dem Oberfl\u00e4chenmolek\u00fcl CD18 auf den Leukozyten zugrunde. Dadurch sind wichtige Funktionen des Immunsystems, wie die Phagozytose, gest\u00f6rt. Aufgrund der Immundefizienz zeigen betroffene Welpen h\u00e4ufiger schwere Infektion wie Nabelentz\u00fcndungen, Gingivitiden, Tonsillitiden und oft chronische Dermatitiden. Im Alter von etwa 8 - 12 Wochen kommen h\u00e4ufig Gelenkentz\u00fcndungen hinzu; es kommt zur Gelenkschwellung und die Tiere zeigen den f\u00fcr CLAD typischen schwankenden Gang. Auch ein Anschwellen der Kieferknochen wird h\u00e4ufig beschrieben.<\/p><table class=\"tx-laboklinleistung-table contenttable contenttable-2\" style=\"margin-top: 35px;\"><tr><td class=\"td-0\"><strong>Methode<\/strong><\/td><td class=\"td-1\"><p class=\"bodytext\">TaqMan SNP Assay<\/p><\/td><\/tr><tr><td class=\"td-0\"><strong>Rasse<\/strong><\/td><td class=\"td-1\"><p class=\"bodytext\">Irish Red Setter, Irish Red and White Setter<\/p><\/td><\/tr><tr><td class=\"td-0\"><strong>Erbgang<\/strong><\/td><td class=\"td-1\"><p class=\"bodytext\">autosomal-rezessiv<\/p><\/td><\/tr><tr><td class=\"td-0\"><strong>Dauer<\/strong><\/td><td class=\"td-1\"><p class=\"bodytext\">3 - 5 Werktage nach Erhalt der Probe<\/p><\/td><\/tr><\/table>\n","protected":false},"excerpt":{"rendered":"<p>Canine Leukozyten-Adh\u00e4sionsdefizienz (CLAD)LABOKLIN Leistungs-ID: 8012Canine Leukozyten Adh\u00e4sionsdefizienz (CLAD) ist eine in der Regel t\u00f6dlich verlaufende erbliche Immunschw\u00e4che. Der Erkrankung liegt eine Mutation in dem Oberfl\u00e4chenmolek\u00fcl CD18 auf den Leukozyten zugrunde. Dadurch sind wichtige Funktionen des Immunsystems, wie die Phagozytose, gest\u00f6rt. Aufgrund der Immundefizienz zeigen betroffene Welpen h\u00e4ufiger schwere Infektion wie Nabelentz\u00fcndungen, Gingivitiden, Tonsillitiden und oft&hellip;<\/p>\n","protected":false},"author":1,"featured_media":0,"parent":1332702,"menu_order":86,"comment_status":"closed","ping_status":"closed","template":"","meta":{"_seopress_robots_primary_cat":"","_seopress_titles_title":"","_seopress_titles_desc":"","_seopress_robots_index":"","footnotes":""},"class_list":["post-1336489","page","type-page","status-publish","hentry","description-off"],"_links":{"self":[{"href":"https:\/\/laboklin.de\/de-ch\/wp-json\/wp\/v2\/pages\/1336489","targetHints":{"allow":["GET"]}}],"collection":[{"href":"https:\/\/laboklin.de\/de-ch\/wp-json\/wp\/v2\/pages"}],"about":[{"href":"https:\/\/laboklin.de\/de-ch\/wp-json\/wp\/v2\/types\/page"}],"author":[{"embeddable":true,"href":"https:\/\/laboklin.de\/de-ch\/wp-json\/wp\/v2\/users\/1"}],"replies":[{"embeddable":true,"href":"https:\/\/laboklin.de\/de-ch\/wp-json\/wp\/v2\/comments?post=1336489"}],"version-history":[{"count":1,"href":"https:\/\/laboklin.de\/de-ch\/wp-json\/wp\/v2\/pages\/1336489\/revisions"}],"predecessor-version":[{"id":1506915,"href":"https:\/\/laboklin.de\/de-ch\/wp-json\/wp\/v2\/pages\/1336489\/revisions\/1506915"}],"up":[{"embeddable":true,"href":"https:\/\/laboklin.de\/de-ch\/wp-json\/wp\/v2\/pages\/1332702"}],"wp:attachment":[{"href":"https:\/\/laboklin.de\/de-ch\/wp-json\/wp\/v2\/media?parent=1336489"}],"curies":[{"name":"wp","href":"https:\/\/api.w.org\/{rel}","templated":true}]}}