{"id":1336486,"date":"2020-10-16T11:36:27","date_gmt":"2020-10-16T09:36:27","guid":{"rendered":"https:\/\/laboklin.de\/leistungen\/genetik\/erbkrankheiten\/hund\/akrales-mutilationssyndrom-ams\/"},"modified":"2025-02-05T11:30:26","modified_gmt":"2025-02-05T10:30:26","slug":"akrales-mutilationssyndrom-ams","status":"publish","type":"page","link":"https:\/\/laboklin.de\/de-ch\/leistungen\/genetik\/erbkrankheiten\/hund\/akrales-mutilationssyndrom-ams\/","title":{"rendered":"Akrales Mutilationssyndrom (AMS)"},"content":{"rendered":"<h3 class=\"csc-firstHeader\">Akrales Mutilationssyndrom (AMS)<\/h3><p><span>LABOKLIN Leistungs-ID: 8038<\/span><\/p><p class=\"bodytext\">Das akrale Mutilationssyndrom ist durch eine sensorische Neuropathie  der peripheren K\u00f6rperteile, also der \u00e4u\u00dferen Gliedma\u00dfen und Zehen gekennzeichnet. Betroffene Welpen zeigen eine Insensitivit\u00e4t gegen\u00fcber Schmerz in ihren distalen Extremit\u00e4ten.  H\u00e4ufig wird die Krankheit allerdings nicht vor einem Alter von circa 4 Monaten erkannt, denn zu diesem Zeitpunkt beginnen die Welpen sich an den Pfoten und Zehen zu lecken, bei\u00dfen oder sogar selbst zu verletzen. Die Propriozeption, motorischen F\u00e4higkeiten und spinalen Reflexe bleiben dabei intakt. Zudem zeigt sich  die Schmerzempfindung oberhalb der Knie zunehmend normal. Manche betroffenen Welpen weisen nur eine Schmerzunempfindlichkeit in den distalen Extremit\u00e4ten auf, ohne sich dabei selbst zu verletzen, was die Diagnose erschwert.<\/p><table class=\"tx-laboklinleistung-table contenttable contenttable-2\" style=\"margin-top: 35px;\"><tr><td class=\"td-0\"><strong>Methode<\/strong><\/td><td class=\"td-1\"><p class=\"bodytext\">TaqMan SNP Assay<\/p><\/td><\/tr><tr><td class=\"td-0\"><strong>Rasse<\/strong><\/td><td class=\"td-1\"><p class=\"bodytext\">Cockapoo, Deutsch Kurzhaar, Deutscher Spitz, Englischer Pointer, English Cocker Spaniel, English Springer Spaniel, Franz\u00f6sischer Spaniel<\/p><\/td><\/tr><tr><td class=\"td-0\"><strong>Erbgang<\/strong><\/td><td class=\"td-1\"><p class=\"bodytext\">autosomal-rezessiv<\/p><\/td><\/tr><tr><td class=\"td-0\"><strong>Dauer<\/strong><\/td><td class=\"td-1\"><p class=\"bodytext\">3 - 14 Werktage nach Erhalt der Probe<\/p><\/td><\/tr><\/table>\n","protected":false},"excerpt":{"rendered":"<p>Akrales Mutilationssyndrom (AMS)LABOKLIN Leistungs-ID: 8038Das akrale Mutilationssyndrom ist durch eine sensorische Neuropathie der peripheren K\u00f6rperteile, also der \u00e4u\u00dferen Gliedma\u00dfen und Zehen gekennzeichnet. Betroffene Welpen zeigen eine Insensitivit\u00e4t gegen\u00fcber Schmerz in ihren distalen Extremit\u00e4ten. H\u00e4ufig wird die Krankheit allerdings nicht vor einem Alter von circa 4 Monaten erkannt, denn zu diesem Zeitpunkt beginnen die Welpen sich&hellip;<\/p>\n","protected":false},"author":1,"featured_media":0,"parent":1332702,"menu_order":85,"comment_status":"closed","ping_status":"closed","template":"","meta":{"_seopress_robots_primary_cat":"","_seopress_titles_title":"","_seopress_titles_desc":"","_seopress_robots_index":"","footnotes":""},"class_list":["post-1336486","page","type-page","status-publish","hentry","description-off"],"_links":{"self":[{"href":"https:\/\/laboklin.de\/de-ch\/wp-json\/wp\/v2\/pages\/1336486","targetHints":{"allow":["GET"]}}],"collection":[{"href":"https:\/\/laboklin.de\/de-ch\/wp-json\/wp\/v2\/pages"}],"about":[{"href":"https:\/\/laboklin.de\/de-ch\/wp-json\/wp\/v2\/types\/page"}],"author":[{"embeddable":true,"href":"https:\/\/laboklin.de\/de-ch\/wp-json\/wp\/v2\/users\/1"}],"replies":[{"embeddable":true,"href":"https:\/\/laboklin.de\/de-ch\/wp-json\/wp\/v2\/comments?post=1336486"}],"version-history":[{"count":1,"href":"https:\/\/laboklin.de\/de-ch\/wp-json\/wp\/v2\/pages\/1336486\/revisions"}],"predecessor-version":[{"id":1506899,"href":"https:\/\/laboklin.de\/de-ch\/wp-json\/wp\/v2\/pages\/1336486\/revisions\/1506899"}],"up":[{"embeddable":true,"href":"https:\/\/laboklin.de\/de-ch\/wp-json\/wp\/v2\/pages\/1332702"}],"wp:attachment":[{"href":"https:\/\/laboklin.de\/de-ch\/wp-json\/wp\/v2\/media?parent=1336486"}],"curies":[{"name":"wp","href":"https:\/\/api.w.org\/{rel}","templated":true}]}}