{"id":1336477,"date":"2020-10-16T11:36:27","date_gmt":"2020-10-16T09:36:27","guid":{"rendered":"https:\/\/laboklin.de\/leistungen\/genetik\/erbkrankheiten\/hund\/paroxysmale-dyskinesie-pxd\/"},"modified":"2025-02-17T09:48:47","modified_gmt":"2025-02-17T08:48:47","slug":"paroxysmale-dyskinesie-pxd","status":"publish","type":"page","link":"https:\/\/laboklin.de\/de-ch\/leistungen\/genetik\/erbkrankheiten\/hund\/paroxysmale-dyskinesie-pxd\/","title":{"rendered":"Paroxysmale Dyskinesie (PxD)"},"content":{"rendered":"<h3 class=\"csc-firstHeader\">Paroxysmale Dyskinesie (PxD)<\/h3><p><span>LABOKLIN Leistungs-ID: 8630<\/span><\/p><p class=\"bodytext\">Paroxysmale Dyskinesie umfasst eine Gruppe von heterogenen Bewegungsst\u00f6rungen. In der Rasse Irischer Soft Coated Wheaten Terrier zeigt sich eine fr\u00fche Form dieser St\u00f6rung, die autosomal-rezessiv vererbt wird. Betroffene Hunde leiden unter Episoden von unwillk\u00fcrlichen, pl\u00f6tzlichen, unregelm\u00e4\u00dfigen und nicht vorhersehbaren Bewegungen der Extremit\u00e4ten, insbesondere der Hinterbeine, sog. Hyperkinesien. Diese Anf\u00e4lle dauern Minuten bis Stunden und treten bis zu 10-mal am Tag auf. Die Symptome beginnen typischerweise in einem Alter von 2 Jahren und verschlechtern sich im Laufe des Lebens.<\/p><table class=\"tx-laboklinleistung-table contenttable contenttable-2\" style=\"margin-top: 35px;\"><tr><td class=\"td-0\"><strong>Methode<\/strong><\/td><td class=\"td-1\"><p class=\"bodytext\">Sequenzierung<\/p><\/td><\/tr><tr><td class=\"td-0\"><strong>Rasse<\/strong><\/td><td class=\"td-1\"><p class=\"bodytext\">Irischer Soft Coated Wheaten Terrier<\/p><\/td><\/tr><tr><td class=\"td-0\"><strong>Erbgang<\/strong><\/td><td class=\"td-1\"><p class=\"bodytext\">autosomal-rezessiv<\/p><\/td><\/tr><tr><td class=\"td-0\"><strong>Dauer<\/strong><\/td><td class=\"td-1\"><p class=\"bodytext\">1 - 2 Wochen nach Erhalt der Probe<\/p><\/td><\/tr><\/table>\n","protected":false},"excerpt":{"rendered":"<p>Paroxysmale Dyskinesie (PxD)LABOKLIN Leistungs-ID: 8630Paroxysmale Dyskinesie umfasst eine Gruppe von heterogenen Bewegungsst\u00f6rungen. In der Rasse Irischer Soft Coated Wheaten Terrier zeigt sich eine fr\u00fche Form dieser St\u00f6rung, die autosomal-rezessiv vererbt wird. Betroffene Hunde leiden unter Episoden von unwillk\u00fcrlichen, pl\u00f6tzlichen, unregelm\u00e4\u00dfigen und nicht vorhersehbaren Bewegungen der Extremit\u00e4ten, insbesondere der Hinterbeine, sog. Hyperkinesien. Diese Anf\u00e4lle dauern Minuten&hellip;<\/p>\n","protected":false},"author":1,"featured_media":0,"parent":1332702,"menu_order":81,"comment_status":"closed","ping_status":"closed","template":"","meta":{"_seopress_robots_primary_cat":"","_seopress_titles_title":"","_seopress_titles_desc":"","_seopress_robots_index":"","footnotes":""},"class_list":["post-1336477","page","type-page","status-publish","hentry","description-off"],"_links":{"self":[{"href":"https:\/\/laboklin.de\/de-ch\/wp-json\/wp\/v2\/pages\/1336477","targetHints":{"allow":["GET"]}}],"collection":[{"href":"https:\/\/laboklin.de\/de-ch\/wp-json\/wp\/v2\/pages"}],"about":[{"href":"https:\/\/laboklin.de\/de-ch\/wp-json\/wp\/v2\/types\/page"}],"author":[{"embeddable":true,"href":"https:\/\/laboklin.de\/de-ch\/wp-json\/wp\/v2\/users\/1"}],"replies":[{"embeddable":true,"href":"https:\/\/laboklin.de\/de-ch\/wp-json\/wp\/v2\/comments?post=1336477"}],"version-history":[{"count":1,"href":"https:\/\/laboklin.de\/de-ch\/wp-json\/wp\/v2\/pages\/1336477\/revisions"}],"predecessor-version":[{"id":1509185,"href":"https:\/\/laboklin.de\/de-ch\/wp-json\/wp\/v2\/pages\/1336477\/revisions\/1509185"}],"up":[{"embeddable":true,"href":"https:\/\/laboklin.de\/de-ch\/wp-json\/wp\/v2\/pages\/1332702"}],"wp:attachment":[{"href":"https:\/\/laboklin.de\/de-ch\/wp-json\/wp\/v2\/media?parent=1336477"}],"curies":[{"name":"wp","href":"https:\/\/api.w.org\/{rel}","templated":true}]}}