{"id":1336472,"date":"2020-10-16T11:36:27","date_gmt":"2020-10-16T09:36:27","guid":{"rendered":"https:\/\/laboklin.de\/leistungen\/genetik\/erbkrankheiten\/hund\/praekallikrein-defizienz-klk\/"},"modified":"2025-02-17T11:20:13","modified_gmt":"2025-02-17T10:20:13","slug":"praekallikrein-defizienz-klk","status":"publish","type":"page","link":"https:\/\/laboklin.de\/de-ch\/leistungen\/genetik\/erbkrankheiten\/hund\/praekallikrein-defizienz-klk\/","title":{"rendered":"Pr\u00e4kallikrein Defizienz (KLK)"},"content":{"rendered":"<h3 class=\"csc-firstHeader\">Pr\u00e4kallikrein Defizienz (KLK)<\/h3><p><span>LABOKLIN Leistungs-ID: 8141<\/span><\/p><p class=\"bodytext\">Die Pr\u00e4kallikrein-Defizienz (KLK) f\u00fchrt zwar zum Ausfall von Pr\u00e4kallikrein, einem Bestandteil der Gerinnungskaskade, ist jedoch nicht mit einer verst\u00e4rkten Blutungsneigung assoziiert. Lediglich im Zusammenhang mit anderen Ausf\u00e4llen in der Gerinnungskaskade (Defizienzen der Faktoren VII, VIII und IX) wurde eine verst\u00e4rkte Blutungsneigung in wenigen F\u00e4llen beschrieben. Die urs\u00e4chliche Mutation ist beim Shih Tzu bekannt.<\/p><table class=\"tx-laboklinleistung-table contenttable contenttable-2\" style=\"margin-top: 35px;\"><tr><td class=\"td-0\"><strong>Methode<\/strong><\/td><td class=\"td-1\"><p class=\"bodytext\">Sequenzierung<\/p><\/td><\/tr><tr><td class=\"td-0\"><strong>Rasse<\/strong><\/td><td class=\"td-1\"><p class=\"bodytext\">Shih Tzu<\/p><\/td><\/tr><tr><td class=\"td-0\"><strong>Erbgang<\/strong><\/td><td class=\"td-1\"><p class=\"bodytext\">autosomal-rezessiv<\/p><\/td><\/tr><tr><td class=\"td-0\"><strong>Dauer<\/strong><\/td><td class=\"td-1\"><p class=\"bodytext\">1 - 2 Wochen nach Erhalt der Probe<\/p><\/td><\/tr><\/table>\n","protected":false},"excerpt":{"rendered":"<p>Pr\u00e4kallikrein Defizienz (KLK)LABOKLIN Leistungs-ID: 8141Die Pr\u00e4kallikrein-Defizienz (KLK) f\u00fchrt zwar zum Ausfall von Pr\u00e4kallikrein, einem Bestandteil der Gerinnungskaskade, ist jedoch nicht mit einer verst\u00e4rkten Blutungsneigung assoziiert. Lediglich im Zusammenhang mit anderen Ausf\u00e4llen in der Gerinnungskaskade (Defizienzen der Faktoren VII, VIII und IX) wurde eine verst\u00e4rkte Blutungsneigung in wenigen F\u00e4llen beschrieben. Die urs\u00e4chliche Mutation ist beim Shih&hellip;<\/p>\n","protected":false},"author":1,"featured_media":0,"parent":1332702,"menu_order":79,"comment_status":"closed","ping_status":"closed","template":"","meta":{"_seopress_robots_primary_cat":"","_seopress_titles_title":"","_seopress_titles_desc":"","_seopress_robots_index":"","footnotes":""},"class_list":["post-1336472","page","type-page","status-publish","hentry","description-off"],"_links":{"self":[{"href":"https:\/\/laboklin.de\/de-ch\/wp-json\/wp\/v2\/pages\/1336472","targetHints":{"allow":["GET"]}}],"collection":[{"href":"https:\/\/laboklin.de\/de-ch\/wp-json\/wp\/v2\/pages"}],"about":[{"href":"https:\/\/laboklin.de\/de-ch\/wp-json\/wp\/v2\/types\/page"}],"author":[{"embeddable":true,"href":"https:\/\/laboklin.de\/de-ch\/wp-json\/wp\/v2\/users\/1"}],"replies":[{"embeddable":true,"href":"https:\/\/laboklin.de\/de-ch\/wp-json\/wp\/v2\/comments?post=1336472"}],"version-history":[{"count":1,"href":"https:\/\/laboklin.de\/de-ch\/wp-json\/wp\/v2\/pages\/1336472\/revisions"}],"predecessor-version":[{"id":1509426,"href":"https:\/\/laboklin.de\/de-ch\/wp-json\/wp\/v2\/pages\/1336472\/revisions\/1509426"}],"up":[{"embeddable":true,"href":"https:\/\/laboklin.de\/de-ch\/wp-json\/wp\/v2\/pages\/1332702"}],"wp:attachment":[{"href":"https:\/\/laboklin.de\/de-ch\/wp-json\/wp\/v2\/media?parent=1336472"}],"curies":[{"name":"wp","href":"https:\/\/api.w.org\/{rel}","templated":true}]}}