{"id":1336465,"date":"2020-10-16T11:36:27","date_gmt":"2020-10-16T09:36:27","guid":{"rendered":"https:\/\/laboklin.de\/leistungen\/genetik\/erbkrankheiten\/hund\/pyruvat-dehydrogenase-phosphatase-1-defizienz-pdp1\/"},"modified":"2025-02-17T11:20:45","modified_gmt":"2025-02-17T10:20:45","slug":"pyruvat-dehydrogenase-phosphatase-1-defizienz-pdp1","status":"publish","type":"page","link":"https:\/\/laboklin.de\/de-ch\/leistungen\/genetik\/erbkrankheiten\/hund\/pyruvat-dehydrogenase-phosphatase-1-defizienz-pdp1\/","title":{"rendered":"Pyruvat Dehydrogenase Phosphatase 1 Defizienz (PDP1)"},"content":{"rendered":"<h3 class=\"csc-firstHeader\">Pyruvat Dehydrogenase Phosphatase 1 Defizienz (PDP1)<\/h3><p><span>LABOKLIN Leistungs-ID: 8104<\/span><\/p><p class=\"bodytext\">Die Pyruvatdehydrogenase ist ein Multienzymkomplex, der f\u00fcr die Energiegewinnung aus Kohlenhydraten (Glukose) in der Zelle n\u00f6tig ist. Das Enzym Pyruvat Dehydrogenase Phosphatase ist dabei f\u00fcr die Reaktivierung des Enzymkomplex wichtig. Hunde, die unter PDP1-Defizienz leiden, zeigen nach kleinsten Anstrengungen starke Erm\u00fcdungserscheinungen, die bis zum Zusammenbruch f\u00fchren k\u00f6nnen. Es k\u00f6nnen auch neurologische Symptome auftreten. <\/p><table class=\"tx-laboklinleistung-table contenttable contenttable-2\" style=\"margin-top: 35px;\"><tr><td class=\"td-0\"><strong>Methode<\/strong><\/td><td class=\"td-1\"><p class=\"bodytext\">Sequenzierung<\/p><\/td><\/tr><tr><td class=\"td-0\"><strong>Rasse<\/strong><\/td><td class=\"td-1\"><p class=\"bodytext\">Clumber Spaniel, Sussex Spaniel<\/p><\/td><\/tr><tr><td class=\"td-0\"><strong>Erbgang<\/strong><\/td><td class=\"td-1\"><p class=\"bodytext\">autosomal-rezessiv<\/p><\/td><\/tr><tr><td class=\"td-0\"><strong>Dauer<\/strong><\/td><td class=\"td-1\"><p class=\"bodytext\">1 - 2 Wochen nach Erhalt der Probe<\/p><\/td><\/tr><\/table>\n","protected":false},"excerpt":{"rendered":"<p>Pyruvat Dehydrogenase Phosphatase 1 Defizienz (PDP1)LABOKLIN Leistungs-ID: 8104Die Pyruvatdehydrogenase ist ein Multienzymkomplex, der f\u00fcr die Energiegewinnung aus Kohlenhydraten (Glukose) in der Zelle n\u00f6tig ist. Das Enzym Pyruvat Dehydrogenase Phosphatase ist dabei f\u00fcr die Reaktivierung des Enzymkomplex wichtig. Hunde, die unter PDP1-Defizienz leiden, zeigen nach kleinsten Anstrengungen starke Erm\u00fcdungserscheinungen, die bis zum Zusammenbruch f\u00fchren k\u00f6nnen. Es&hellip;<\/p>\n","protected":false},"author":1,"featured_media":0,"parent":1332702,"menu_order":76,"comment_status":"closed","ping_status":"closed","template":"","meta":{"_seopress_robots_primary_cat":"","_seopress_titles_title":"","_seopress_titles_desc":"","_seopress_robots_index":"","footnotes":""},"class_list":["post-1336465","page","type-page","status-publish","hentry","description-off"],"_links":{"self":[{"href":"https:\/\/laboklin.de\/de-ch\/wp-json\/wp\/v2\/pages\/1336465","targetHints":{"allow":["GET"]}}],"collection":[{"href":"https:\/\/laboklin.de\/de-ch\/wp-json\/wp\/v2\/pages"}],"about":[{"href":"https:\/\/laboklin.de\/de-ch\/wp-json\/wp\/v2\/types\/page"}],"author":[{"embeddable":true,"href":"https:\/\/laboklin.de\/de-ch\/wp-json\/wp\/v2\/users\/1"}],"replies":[{"embeddable":true,"href":"https:\/\/laboklin.de\/de-ch\/wp-json\/wp\/v2\/comments?post=1336465"}],"version-history":[{"count":1,"href":"https:\/\/laboklin.de\/de-ch\/wp-json\/wp\/v2\/pages\/1336465\/revisions"}],"predecessor-version":[{"id":1509430,"href":"https:\/\/laboklin.de\/de-ch\/wp-json\/wp\/v2\/pages\/1336465\/revisions\/1509430"}],"up":[{"embeddable":true,"href":"https:\/\/laboklin.de\/de-ch\/wp-json\/wp\/v2\/pages\/1332702"}],"wp:attachment":[{"href":"https:\/\/laboklin.de\/de-ch\/wp-json\/wp\/v2\/media?parent=1336465"}],"curies":[{"name":"wp","href":"https:\/\/api.w.org\/{rel}","templated":true}]}}