{"id":1336453,"date":"2020-10-16T11:36:27","date_gmt":"2020-10-16T09:36:27","guid":{"rendered":"https:\/\/laboklin.de\/leistungen\/genetik\/erbkrankheiten\/hund\/mueller-gang-persistenz-syndrom-pmds\/"},"modified":"2025-02-17T09:38:31","modified_gmt":"2025-02-17T08:38:31","slug":"mueller-gang-persistenz-syndrom-pmds","status":"publish","type":"page","link":"https:\/\/laboklin.de\/de-ch\/leistungen\/genetik\/erbkrankheiten\/hund\/mueller-gang-persistenz-syndrom-pmds\/","title":{"rendered":"M\u00fcller-Gang-Persistenz-Syndrom (PMDS)"},"content":{"rendered":"<h3 class=\"csc-firstHeader\">M\u00fcller-Gang-Persistenz-Syndrom (PMDS)<\/h3><p><span>LABOKLIN Leistungs-ID: 8462<\/span><\/p><p class=\"bodytext\">Das M\u00fcller-Gang-Persistenz-Syndrom (PMDS) wird durch eine Mutation im MISRII-Gen hervorgerufen. Die Auswirkungen sind eine fehlende R\u00fcckbildung des M\u00fcllerschen Gangs w\u00e4hrend der Geschlechtsdifferenzierung bei R\u00fcden. Die \u00e4u\u00dferen Genitalien sind im Normalfall voll ausgebildet. Bei 50% der betroffenen Tiere sinken die Hoden nicht ab, was zu Unfruchtbarkeit und ggf. Tumorbildung f\u00fchren kann.<\/p><table class=\"tx-laboklinleistung-table contenttable contenttable-2\" style=\"margin-top: 35px;\"><tr><td class=\"td-0\"><strong>Methode<\/strong><\/td><td class=\"td-1\"><p class=\"bodytext\">TaqMan SNP Assay<\/p><\/td><\/tr><tr><td class=\"td-0\"><strong>Rasse<\/strong><\/td><td class=\"td-1\"><p class=\"bodytext\">Zwergschnauzer<\/p><\/td><\/tr><tr><td class=\"td-0\"><strong>Erbgang<\/strong><\/td><td class=\"td-1\"><p class=\"bodytext\">autosomal-rezessiv<\/p><\/td><\/tr><tr><td class=\"td-0\"><strong>Dauer<\/strong><\/td><td class=\"td-1\"><p class=\"bodytext\">3 - 5 Werktage nach Erhalt der Probe<\/p><\/td><\/tr><\/table>\n","protected":false},"excerpt":{"rendered":"<p>M\u00fcller-Gang-Persistenz-Syndrom (PMDS)LABOKLIN Leistungs-ID: 8462Das M\u00fcller-Gang-Persistenz-Syndrom (PMDS) wird durch eine Mutation im MISRII-Gen hervorgerufen. Die Auswirkungen sind eine fehlende R\u00fcckbildung des M\u00fcllerschen Gangs w\u00e4hrend der Geschlechtsdifferenzierung bei R\u00fcden. Die \u00e4u\u00dferen Genitalien sind im Normalfall voll ausgebildet. Bei 50% der betroffenen Tiere sinken die Hoden nicht ab, was zu Unfruchtbarkeit und ggf. Tumorbildung f\u00fchren kann.MethodeTaqMan SNP AssayRasseZwergschnauzerErbgangautosomal-rezessivDauer3&hellip;<\/p>\n","protected":false},"author":1,"featured_media":0,"parent":1332702,"menu_order":71,"comment_status":"closed","ping_status":"closed","template":"","meta":{"_seopress_robots_primary_cat":"","_seopress_titles_title":"","_seopress_titles_desc":"","_seopress_robots_index":"","footnotes":""},"class_list":["post-1336453","page","type-page","status-publish","hentry","description-off"],"_links":{"self":[{"href":"https:\/\/laboklin.de\/de-ch\/wp-json\/wp\/v2\/pages\/1336453","targetHints":{"allow":["GET"]}}],"collection":[{"href":"https:\/\/laboklin.de\/de-ch\/wp-json\/wp\/v2\/pages"}],"about":[{"href":"https:\/\/laboklin.de\/de-ch\/wp-json\/wp\/v2\/types\/page"}],"author":[{"embeddable":true,"href":"https:\/\/laboklin.de\/de-ch\/wp-json\/wp\/v2\/users\/1"}],"replies":[{"embeddable":true,"href":"https:\/\/laboklin.de\/de-ch\/wp-json\/wp\/v2\/comments?post=1336453"}],"version-history":[{"count":1,"href":"https:\/\/laboklin.de\/de-ch\/wp-json\/wp\/v2\/pages\/1336453\/revisions"}],"predecessor-version":[{"id":1509148,"href":"https:\/\/laboklin.de\/de-ch\/wp-json\/wp\/v2\/pages\/1336453\/revisions\/1509148"}],"up":[{"embeddable":true,"href":"https:\/\/laboklin.de\/de-ch\/wp-json\/wp\/v2\/pages\/1332702"}],"wp:attachment":[{"href":"https:\/\/laboklin.de\/de-ch\/wp-json\/wp\/v2\/media?parent=1336453"}],"curies":[{"name":"wp","href":"https:\/\/api.w.org\/{rel}","templated":true}]}}