{"id":1336443,"date":"2020-10-16T11:36:27","date_gmt":"2020-10-16T09:36:27","guid":{"rendered":"https:\/\/laboklin.de\/leistungen\/genetik\/erbkrankheiten\/hund\/neonatale-cerebellaere-abiotrophie-nccd\/"},"modified":"2025-02-17T09:42:00","modified_gmt":"2025-02-17T08:42:00","slug":"neonatale-cerebellaere-abiotrophie-nccd","status":"publish","type":"page","link":"https:\/\/laboklin.de\/de-ch\/leistungen\/genetik\/erbkrankheiten\/hund\/neonatale-cerebellaere-abiotrophie-nccd\/","title":{"rendered":"Neonatale cerebell\u00e4re Abiotrophie (NCCD)"},"content":{"rendered":"<h3 class=\"csc-firstHeader\">Neonatale cerebell\u00e4re Abiotrophie (NCCD)<\/h3><p><span>LABOKLIN Leistungs-ID: 8457<\/span><\/p><p class=\"bodytext\">Die cerebell\u00e4re Abiotrophie ist eine Erbkrankheit, die zum programmierten Zelltod der Purkinje-Zellen im Kleinhirn f\u00fchrt. Durch das Absterben der Zellen kommt es zu St\u00f6rungen in der Motorik und des Gleichgewichts. Betroffene Tiere zeigen schon kurz nach der Geburt oder im sehr jungen Alter Symptome wie Tremor, Ataxien und spastische L\u00e4hmungen. <\/p><table class=\"tx-laboklinleistung-table contenttable contenttable-2\" style=\"margin-top: 35px;\"><tr><td class=\"td-0\"><strong>Methode<\/strong><\/td><td class=\"td-1\"><p class=\"bodytext\">Fragmentl\u00e4ngenanalyse (Beagle); Sequenzierung (Magyar Viszla)<\/p><\/td><\/tr><tr><td class=\"td-0\"><strong>Rasse<\/strong><\/td><td class=\"td-1\"><p class=\"bodytext\">Beagle, Magyar Vizsla<\/p><\/td><\/tr><tr><td class=\"td-0\"><strong>Erbgang<\/strong><\/td><td class=\"td-1\"><p class=\"bodytext\">autosomal-rezessiv<\/p><\/td><\/tr><tr><td class=\"td-0\"><strong>Dauer<\/strong><\/td><td class=\"td-1\"><p class=\"bodytext\">1 - 2 Wochen nach Erhalt der Probe<\/p><\/td><\/tr><\/table>\n","protected":false},"excerpt":{"rendered":"<p>Neonatale cerebell\u00e4re Abiotrophie (NCCD)LABOKLIN Leistungs-ID: 8457Die cerebell\u00e4re Abiotrophie ist eine Erbkrankheit, die zum programmierten Zelltod der Purkinje-Zellen im Kleinhirn f\u00fchrt. Durch das Absterben der Zellen kommt es zu St\u00f6rungen in der Motorik und des Gleichgewichts. Betroffene Tiere zeigen schon kurz nach der Geburt oder im sehr jungen Alter Symptome wie Tremor, Ataxien und spastische L\u00e4hmungen.&hellip;<\/p>\n","protected":false},"author":1,"featured_media":0,"parent":1332702,"menu_order":67,"comment_status":"closed","ping_status":"closed","template":"","meta":{"_seopress_robots_primary_cat":"","_seopress_titles_title":"","_seopress_titles_desc":"","_seopress_robots_index":"","footnotes":""},"class_list":["post-1336443","page","type-page","status-publish","hentry","description-off"],"_links":{"self":[{"href":"https:\/\/laboklin.de\/de-ch\/wp-json\/wp\/v2\/pages\/1336443","targetHints":{"allow":["GET"]}}],"collection":[{"href":"https:\/\/laboklin.de\/de-ch\/wp-json\/wp\/v2\/pages"}],"about":[{"href":"https:\/\/laboklin.de\/de-ch\/wp-json\/wp\/v2\/types\/page"}],"author":[{"embeddable":true,"href":"https:\/\/laboklin.de\/de-ch\/wp-json\/wp\/v2\/users\/1"}],"replies":[{"embeddable":true,"href":"https:\/\/laboklin.de\/de-ch\/wp-json\/wp\/v2\/comments?post=1336443"}],"version-history":[{"count":1,"href":"https:\/\/laboklin.de\/de-ch\/wp-json\/wp\/v2\/pages\/1336443\/revisions"}],"predecessor-version":[{"id":1509159,"href":"https:\/\/laboklin.de\/de-ch\/wp-json\/wp\/v2\/pages\/1336443\/revisions\/1509159"}],"up":[{"embeddable":true,"href":"https:\/\/laboklin.de\/de-ch\/wp-json\/wp\/v2\/pages\/1332702"}],"wp:attachment":[{"href":"https:\/\/laboklin.de\/de-ch\/wp-json\/wp\/v2\/media?parent=1336443"}],"curies":[{"name":"wp","href":"https:\/\/api.w.org\/{rel}","templated":true}]}}