{"id":1336441,"date":"2020-10-16T11:36:27","date_gmt":"2020-10-16T09:36:27","guid":{"rendered":"https:\/\/laboklin.de\/leistungen\/genetik\/erbkrankheiten\/hund\/retinale-dysplasie-osd-2\/"},"modified":"2025-12-17T14:53:01","modified_gmt":"2025-12-17T13:53:01","slug":"retinale-dysplasie-osd-2","status":"publish","type":"page","link":"https:\/\/laboklin.de\/de-ch\/leistungen\/genetik\/erbkrankheiten\/hund\/retinale-dysplasie-osd-2\/","title":{"rendered":"Retinale Dysplasie (OSD)"},"content":{"rendered":"<h3 class=\"csc-firstHeader\">Retinale Dysplasie (OSD) <\/h3><p><span>LABOKLIN Leistungs-ID: 8392<\/span><\/p><p class=\"bodytext\">Die retinale Dysplasie (RD) oder retinale Falten sind eine relativ h\u00e4ufige klinische Beobachtung bei vielen Hunderassen, die per se keine Zuchteinschr\u00e4nkung bedeutet. Beim Labrador Retriever jedoch kann die retinale Dysplasie mit einem ernsthaften Syndrom, der okulo-skeletalen Dysplasie, kurz OSD, verkn\u00fcpft sein. OSD geht einher mit Skelettmissbildungen, verk\u00fcrzten Gliedma\u00dfen (Zwergwuchs), sowie fr\u00fchzeitiger Erblindung. Die Erblindung resultiert aus einer generalisierten Missbildung der Retina, die eine teilweise oder vollst\u00e4ndige Abl\u00f6sung der Netzhaut und Katarakt verursacht. Der Erbgang ist bislang noch nicht v\u00f6llig gekl\u00e4rt.<\/p><table class=\"tx-laboklinleistung-table contenttable contenttable-2\" style=\"margin-top: 35px;\"><tr><td class=\"td-0\"><strong>Methode<\/strong><\/td><td class=\"td-1\"><p class=\"bodytext\">Sequenzierung<\/p><\/td><\/tr><tr><td class=\"td-0\"><strong>Rasse<\/strong><\/td><td class=\"td-1\"><p class=\"bodytext\">Australian-Labradoodle (Cobberdog), Labradoodle, Labrador Retriever<\/p><\/td><\/tr><tr><td class=\"td-0\"><strong>Erbgang<\/strong><\/td><td class=\"td-1\"><p class=\"bodytext\">autosomal-dominant mit unvollst\u00e4ndiger Penetranz<\/p><\/td><\/tr><tr><td class=\"td-0\"><strong>Dauer<\/strong><\/td><td class=\"td-1\"><p class=\"bodytext\">1 - 2 Wochen nach Erhalt der Probe<\/p><\/td><\/tr><\/table>\n","protected":false},"excerpt":{"rendered":"<p>Retinale Dysplasie (OSD) LABOKLIN Leistungs-ID: 8392Die retinale Dysplasie (RD) oder retinale Falten sind eine relativ h\u00e4ufige klinische Beobachtung bei vielen Hunderassen, die per se keine Zuchteinschr\u00e4nkung bedeutet. Beim Labrador Retriever jedoch kann die retinale Dysplasie mit einem ernsthaften Syndrom, der okulo-skeletalen Dysplasie, kurz OSD, verkn\u00fcpft sein. OSD geht einher mit Skelettmissbildungen, verk\u00fcrzten Gliedma\u00dfen (Zwergwuchs), sowie&hellip;<\/p>\n","protected":false},"author":1,"featured_media":0,"parent":1332702,"menu_order":66,"comment_status":"closed","ping_status":"closed","template":"","meta":{"_seopress_robots_primary_cat":"","_seopress_titles_title":"","_seopress_titles_desc":"","_seopress_robots_index":"","footnotes":""},"class_list":["post-1336441","page","type-page","status-publish","hentry","description-off"],"_links":{"self":[{"href":"https:\/\/laboklin.de\/de-ch\/wp-json\/wp\/v2\/pages\/1336441","targetHints":{"allow":["GET"]}}],"collection":[{"href":"https:\/\/laboklin.de\/de-ch\/wp-json\/wp\/v2\/pages"}],"about":[{"href":"https:\/\/laboklin.de\/de-ch\/wp-json\/wp\/v2\/types\/page"}],"author":[{"embeddable":true,"href":"https:\/\/laboklin.de\/de-ch\/wp-json\/wp\/v2\/users\/1"}],"replies":[{"embeddable":true,"href":"https:\/\/laboklin.de\/de-ch\/wp-json\/wp\/v2\/comments?post=1336441"}],"version-history":[{"count":2,"href":"https:\/\/laboklin.de\/de-ch\/wp-json\/wp\/v2\/pages\/1336441\/revisions"}],"predecessor-version":[{"id":1578648,"href":"https:\/\/laboklin.de\/de-ch\/wp-json\/wp\/v2\/pages\/1336441\/revisions\/1578648"}],"up":[{"embeddable":true,"href":"https:\/\/laboklin.de\/de-ch\/wp-json\/wp\/v2\/pages\/1332702"}],"wp:attachment":[{"href":"https:\/\/laboklin.de\/de-ch\/wp-json\/wp\/v2\/media?parent=1336441"}],"curies":[{"name":"wp","href":"https:\/\/api.w.org\/{rel}","templated":true}]}}