{"id":1336438,"date":"2020-10-16T11:36:27","date_gmt":"2020-10-16T09:36:27","guid":{"rendered":"https:\/\/laboklin.de\/leistungen\/genetik\/erbkrankheiten\/hund\/zwergwuchs-hypophysaere-form\/"},"modified":"2025-02-17T14:10:16","modified_gmt":"2025-02-17T13:10:16","slug":"zwergwuchs-hypophysaere-form","status":"publish","type":"page","link":"https:\/\/laboklin.de\/de-ch\/leistungen\/genetik\/erbkrankheiten\/hund\/zwergwuchs-hypophysaere-form\/","title":{"rendered":"Zwergwuchs (hypophys\u00e4re Form)"},"content":{"rendered":"<h3 class=\"csc-firstHeader\">Zwergwuchs (hypophys\u00e4re Form)<\/h3><p><span>LABOKLIN Leistungs-ID: 8142<\/span><\/p><p class=\"bodytext\">Zwergwuchs zeichnet sich normalerweise durch einen stark verkleinerten K\u00f6rperbau mit ver\u00e4nderten Proportionen bei den Gliedma\u00dfen aus. Bei Sch\u00e4ferhunden existiert hingegen eine Form des Zwergwuchses, bei der perfekt proportionierte jedoch stark miniaturisierte Hunde entstehen. Dem liegt ein genetischer Defekt zu Grunde, der zu einer Fehlfunktion der Hypophyse f\u00fchrt. Dadurch werden geringere Mengen Wachstumshormone und Thyroxin ins Blut abgegeben, was zum Stillstand des Wachstums mit etwa drei bis acht Lebenswochen f\u00fchrt. Betroffene Hunde zeigen ein Fuchs-\u00e4hnliches Aussehen mit weit auseinander stehenden Ohren, einer spitzen Schnauze und leichtem \u00dcberbiss, zus\u00e4tzlich blinzeln sie verst\u00e4rkt in hellem Sonnenlicht. Unbehandelte Hunde behalten ihren Welpen-flaum oder verlieren ihr Fell komplett. Deckfell bildet sich meist nur an Kopf- und Fu\u00dfregionen, was zum Aussehen eines chinesischen Schopfhundes f\u00fchrt. Das Fehlen oder die Missbildung der Geschlechtsorgane kann eine weitere Folge der ver\u00e4nderten Hormonzusammenstellung sein. Mit der Gabe von Wachstumshormonen und Thyroxin kann den Hunden ein relativ normales Leben erm\u00f6glicht werden. <br \/>\r\nBetroffene Karelische B\u00e4renhunde, Tibet-Terrier und Lappl\u00e4ndische Rentierhunde erscheinen bei der Geburt zun\u00e4chst normal, nehmen aber langsamer an Gewicht zu als ihre Wurfgeschwister. Die Hunde behalten ihr Welpenfell anstatt des typischen Erwachsenenfells. Andere leiden im Alter von 2-3 Jahren an starkem Haarausfall, zum Teil mit relativ d\u00fcnner Haut und Anzeichen von Hautentz\u00fcndungen. <\/p><table class=\"tx-laboklinleistung-table contenttable contenttable-2\" style=\"margin-top: 35px;\"><tr><td class=\"td-0\"><strong>Methode<\/strong><\/td><td class=\"td-1\"><p class=\"bodytext\">Fragmentl\u00e4ngenanalyse (Deutscher Sch\u00e4ferhund, Saarlooswolfhund, Tibet-Terrier, Tschechoslowakischer Wolfhund, Wei\u00dfer Schweizer Sch\u00e4ferhund) bzw. Sequenzierung (Karelischer B\u00e4renhund, Lappl\u00e4ndischer Rentierhund)<\/p><\/td><\/tr><tr><td class=\"td-0\"><strong>Rasse<\/strong><\/td><td class=\"td-1\"><p class=\"bodytext\">Deutscher Sch\u00e4ferhund, Karelischer B\u00e4renhund, Lappl\u00e4ndischer Rentierhund, Saarlooswolfhund, Tibet-Terrier, Tschechoslowakischer Wolfhund, Wei\u00dfer Schweizer Sch\u00e4ferhund<\/p><\/td><\/tr><tr><td class=\"td-0\"><strong>Erbgang<\/strong><\/td><td class=\"td-1\"><p class=\"bodytext\">autosomal-rezessiv<\/p><\/td><\/tr><tr><td class=\"td-0\"><strong>Dauer<\/strong><\/td><td class=\"td-1\"><p class=\"bodytext\">1 - 2 Wochen nach Erhalt der Probe<\/p><\/td><\/tr><\/table>\n","protected":false},"excerpt":{"rendered":"<p>Zwergwuchs (hypophys\u00e4re Form)LABOKLIN Leistungs-ID: 8142Zwergwuchs zeichnet sich normalerweise durch einen stark verkleinerten K\u00f6rperbau mit ver\u00e4nderten Proportionen bei den Gliedma\u00dfen aus. Bei Sch\u00e4ferhunden existiert hingegen eine Form des Zwergwuchses, bei der perfekt proportionierte jedoch stark miniaturisierte Hunde entstehen. Dem liegt ein genetischer Defekt zu Grunde, der zu einer Fehlfunktion der Hypophyse f\u00fchrt. Dadurch werden geringere Mengen&hellip;<\/p>\n","protected":false},"author":1,"featured_media":0,"parent":1332702,"menu_order":65,"comment_status":"closed","ping_status":"closed","template":"","meta":{"_seopress_robots_primary_cat":"","_seopress_titles_title":"","_seopress_titles_desc":"","_seopress_robots_index":"","footnotes":""},"class_list":["post-1336438","page","type-page","status-publish","hentry","description-off"],"_links":{"self":[{"href":"https:\/\/laboklin.de\/de-ch\/wp-json\/wp\/v2\/pages\/1336438","targetHints":{"allow":["GET"]}}],"collection":[{"href":"https:\/\/laboklin.de\/de-ch\/wp-json\/wp\/v2\/pages"}],"about":[{"href":"https:\/\/laboklin.de\/de-ch\/wp-json\/wp\/v2\/types\/page"}],"author":[{"embeddable":true,"href":"https:\/\/laboklin.de\/de-ch\/wp-json\/wp\/v2\/users\/1"}],"replies":[{"embeddable":true,"href":"https:\/\/laboklin.de\/de-ch\/wp-json\/wp\/v2\/comments?post=1336438"}],"version-history":[{"count":1,"href":"https:\/\/laboklin.de\/de-ch\/wp-json\/wp\/v2\/pages\/1336438\/revisions"}],"predecessor-version":[{"id":1509515,"href":"https:\/\/laboklin.de\/de-ch\/wp-json\/wp\/v2\/pages\/1336438\/revisions\/1509515"}],"up":[{"embeddable":true,"href":"https:\/\/laboklin.de\/de-ch\/wp-json\/wp\/v2\/pages\/1332702"}],"wp:attachment":[{"href":"https:\/\/laboklin.de\/de-ch\/wp-json\/wp\/v2\/media?parent=1336438"}],"curies":[{"name":"wp","href":"https:\/\/api.w.org\/{rel}","templated":true}]}}