{"id":1336436,"date":"2020-10-16T11:36:27","date_gmt":"2020-10-16T09:36:27","guid":{"rendered":"https:\/\/laboklin.de\/leistungen\/genetik\/erbkrankheiten\/hund\/progressive-retinaatrophie-crd1-pra\/"},"modified":"2025-02-17T09:59:54","modified_gmt":"2025-02-17T08:59:54","slug":"progressive-retinaatrophie-crd1-pra","status":"publish","type":"page","link":"https:\/\/laboklin.de\/de-ch\/leistungen\/genetik\/erbkrankheiten\/hund\/progressive-retinaatrophie-crd1-pra\/","title":{"rendered":"Progressive Retinaatrophie (crd1-PRA)"},"content":{"rendered":"<h3 class=\"csc-firstHeader\">Progressive Retinaatrophie (crd1-PRA)<\/h3><p><span>LABOKLIN Leistungs-ID: 8332<\/span><\/p><p class=\"bodytext\">Die crd-PRA ist eine progressive Erkrankung der Netzhaut (Retina) des Auges. Die Netzhaut ist eine Schicht von spezialisiertem Nervengewebe an der hinteren Innenseite des Auges. Man unterscheidet in der Netzhaut zwei Photorezeptortypen: St\u00e4bchen und Zapfen. Die St\u00e4bchen (rod) sind spezialisiert auf die Signalaufnahme im D\u00e4mmerlicht. Die Zapfen (cone) dagegen sind zust\u00e4ndig f\u00fcr die Verarbeitung des Tageslichts und f\u00fcr das Farbsehen. Eine Zerst\u00f6rung der Netzhaut f\u00fchrt zu einem fortschreitenden Verlust der Sehkraft und letztlich zu v\u00f6lliger Blindheit. F\u00fcr die crd-PRA ist der fr\u00fchzeitige Verlust der Zapfenzellen der Netzhaut charakteristisch. Durch diese Zerst\u00f6rung kommt es haupts\u00e4chlich zu einem Verlust des Farbsehens (Tagblindheit). Die Funktion der St\u00e4bchen (Nachsicht) bleibt zun\u00e4chst gr\u00f6\u00dftenteils erhalten. Die ersten klinischen Symptome der crd-PRA k\u00f6nnen im Alter von sechs Monaten auftreten. Nach ca. 1 bis 2 Jahren kommt es zur Auspr\u00e4gung des vollst\u00e4ndigen Krankheitsbildes (Blindheit).<\/p><table class=\"tx-laboklinleistung-table contenttable contenttable-2\" style=\"margin-top: 35px;\"><tr><td class=\"td-0\"><strong>Methode<\/strong><\/td><td class=\"td-1\"><p class=\"bodytext\">Sequenzierung<\/p><\/td><\/tr><tr><td class=\"td-0\"><strong>Rasse<\/strong><\/td><td class=\"td-1\"><p class=\"bodytext\">American Staffordshire Terrier<\/p><\/td><\/tr><tr><td class=\"td-0\"><strong>Erbgang<\/strong><\/td><td class=\"td-1\"><p class=\"bodytext\">autosomal-rezessiv<\/p><\/td><\/tr><tr><td class=\"td-0\"><strong>Dauer<\/strong><\/td><td class=\"td-1\"><p class=\"bodytext\">1 - 2 Wochen nach Erhalt der Probe<\/p><\/td><\/tr><\/table>\n","protected":false},"excerpt":{"rendered":"<p>Progressive Retinaatrophie (crd1-PRA)LABOKLIN Leistungs-ID: 8332Die crd-PRA ist eine progressive Erkrankung der Netzhaut (Retina) des Auges. Die Netzhaut ist eine Schicht von spezialisiertem Nervengewebe an der hinteren Innenseite des Auges. Man unterscheidet in der Netzhaut zwei Photorezeptortypen: St\u00e4bchen und Zapfen. Die St\u00e4bchen (rod) sind spezialisiert auf die Signalaufnahme im D\u00e4mmerlicht. Die Zapfen (cone) dagegen sind zust\u00e4ndig&hellip;<\/p>\n","protected":false},"author":1,"featured_media":0,"parent":1332702,"menu_order":64,"comment_status":"closed","ping_status":"closed","template":"","meta":{"_seopress_robots_primary_cat":"","_seopress_titles_title":"","_seopress_titles_desc":"","_seopress_robots_index":"","footnotes":""},"class_list":["post-1336436","page","type-page","status-publish","hentry","description-off"],"_links":{"self":[{"href":"https:\/\/laboklin.de\/de-ch\/wp-json\/wp\/v2\/pages\/1336436","targetHints":{"allow":["GET"]}}],"collection":[{"href":"https:\/\/laboklin.de\/de-ch\/wp-json\/wp\/v2\/pages"}],"about":[{"href":"https:\/\/laboklin.de\/de-ch\/wp-json\/wp\/v2\/types\/page"}],"author":[{"embeddable":true,"href":"https:\/\/laboklin.de\/de-ch\/wp-json\/wp\/v2\/users\/1"}],"replies":[{"embeddable":true,"href":"https:\/\/laboklin.de\/de-ch\/wp-json\/wp\/v2\/comments?post=1336436"}],"version-history":[{"count":1,"href":"https:\/\/laboklin.de\/de-ch\/wp-json\/wp\/v2\/pages\/1336436\/revisions"}],"predecessor-version":[{"id":1509323,"href":"https:\/\/laboklin.de\/de-ch\/wp-json\/wp\/v2\/pages\/1336436\/revisions\/1509323"}],"up":[{"embeddable":true,"href":"https:\/\/laboklin.de\/de-ch\/wp-json\/wp\/v2\/pages\/1332702"}],"wp:attachment":[{"href":"https:\/\/laboklin.de\/de-ch\/wp-json\/wp\/v2\/media?parent=1336436"}],"curies":[{"name":"wp","href":"https:\/\/api.w.org\/{rel}","templated":true}]}}