{"id":1336433,"date":"2020-10-16T11:36:27","date_gmt":"2020-10-16T09:36:27","guid":{"rendered":"https:\/\/laboklin.de\/leistungen\/genetik\/erbkrankheiten\/hund\/progressive-retinaatrophie-rcd1-pra\/"},"modified":"2025-02-17T11:13:50","modified_gmt":"2025-02-17T10:13:50","slug":"progressive-retinaatrophie-rcd1-pra","status":"publish","type":"page","link":"https:\/\/laboklin.de\/de-ch\/leistungen\/genetik\/erbkrankheiten\/hund\/progressive-retinaatrophie-rcd1-pra\/","title":{"rendered":"Progressive Retinaatrophie (rcd1-PRA)"},"content":{"rendered":"<h3 class=\"csc-firstHeader\">Progressive Retinaatrophie (rcd1-PRA)<\/h3><p><span>LABOKLIN Leistungs-ID: 8042<\/span><\/p><p class=\"bodytext\">Die progressive Retinaatrophie (PRA) steht f\u00fcr eine Gruppe von erblich bedingten Photorezeptor-St\u00f6rungen der Netzhaut, die bei verschiedenen Hunderassen durch unterschiedliche Mutationen hervorgerufen werden. Man unterscheidet sich sp\u00e4t entwickelnde degenerative Ver\u00e4nderungen von sich bereits im Welpenalter klinisch manifestierenden dysplastischen St\u00f6rungen. Abgesehen vom Lebensalter, in dem die Erkrankung in Erscheinung tritt, sind die klinischen und ophthalmologischen Symptome \u00e4hnlich. Betroffene Hunde zeigen eine bilaterale Mydriasis, das Tapetum lucidum reflektiert verst\u00e4rkt und das retinale Gef\u00e4\u00dfnetz erscheint atrophisch.<\/p><table class=\"tx-laboklinleistung-table contenttable contenttable-2\" style=\"margin-top: 35px;\"><tr><td class=\"td-0\"><strong>Methode<\/strong><\/td><td class=\"td-1\"><p class=\"bodytext\">TaqMan SNP Assay, ggf. Sequenzierung<\/p><\/td><\/tr><tr><td class=\"td-0\"><strong>Rasse<\/strong><\/td><td class=\"td-1\"><p class=\"bodytext\">Irish Red Setter, Irish Red and White Setter<\/p><\/td><\/tr><tr><td class=\"td-0\"><strong>Erbgang<\/strong><\/td><td class=\"td-1\"><p class=\"bodytext\">autosomal-rezessiv<\/p><\/td><\/tr><tr><td class=\"td-0\"><strong>Dauer<\/strong><\/td><td class=\"td-1\"><p class=\"bodytext\">3 - 5 Werktage nach Erhalt der Probe (bei Sequenzierung 1 - 2 Wochen)<\/p><\/td><\/tr><\/table>\n","protected":false},"excerpt":{"rendered":"<p>Progressive Retinaatrophie (rcd1-PRA)LABOKLIN Leistungs-ID: 8042Die progressive Retinaatrophie (PRA) steht f\u00fcr eine Gruppe von erblich bedingten Photorezeptor-St\u00f6rungen der Netzhaut, die bei verschiedenen Hunderassen durch unterschiedliche Mutationen hervorgerufen werden. Man unterscheidet sich sp\u00e4t entwickelnde degenerative Ver\u00e4nderungen von sich bereits im Welpenalter klinisch manifestierenden dysplastischen St\u00f6rungen. Abgesehen vom Lebensalter, in dem die Erkrankung in Erscheinung tritt, sind die&hellip;<\/p>\n","protected":false},"author":1,"featured_media":0,"parent":1332702,"menu_order":63,"comment_status":"closed","ping_status":"closed","template":"","meta":{"_seopress_robots_primary_cat":"","_seopress_titles_title":"","_seopress_titles_desc":"","_seopress_robots_index":"","footnotes":""},"class_list":["post-1336433","page","type-page","status-publish","hentry","description-off"],"_links":{"self":[{"href":"https:\/\/laboklin.de\/de-ch\/wp-json\/wp\/v2\/pages\/1336433","targetHints":{"allow":["GET"]}}],"collection":[{"href":"https:\/\/laboklin.de\/de-ch\/wp-json\/wp\/v2\/pages"}],"about":[{"href":"https:\/\/laboklin.de\/de-ch\/wp-json\/wp\/v2\/types\/page"}],"author":[{"embeddable":true,"href":"https:\/\/laboklin.de\/de-ch\/wp-json\/wp\/v2\/users\/1"}],"replies":[{"embeddable":true,"href":"https:\/\/laboklin.de\/de-ch\/wp-json\/wp\/v2\/comments?post=1336433"}],"version-history":[{"count":1,"href":"https:\/\/laboklin.de\/de-ch\/wp-json\/wp\/v2\/pages\/1336433\/revisions"}],"predecessor-version":[{"id":1336434,"href":"https:\/\/laboklin.de\/de-ch\/wp-json\/wp\/v2\/pages\/1336433\/revisions\/1336434"}],"up":[{"embeddable":true,"href":"https:\/\/laboklin.de\/de-ch\/wp-json\/wp\/v2\/pages\/1332702"}],"wp:attachment":[{"href":"https:\/\/laboklin.de\/de-ch\/wp-json\/wp\/v2\/media?parent=1336433"}],"curies":[{"name":"wp","href":"https:\/\/api.w.org\/{rel}","templated":true}]}}