{"id":1336431,"date":"2020-10-16T11:36:27","date_gmt":"2020-10-16T09:36:27","guid":{"rendered":"https:\/\/laboklin.de\/leistungen\/genetik\/erbkrankheiten\/hund\/progressive-retinaatrophie-gr-pra1\/"},"modified":"2025-02-17T10:11:43","modified_gmt":"2025-02-17T09:11:43","slug":"progressive-retinaatrophie-gr-pra1","status":"publish","type":"page","link":"https:\/\/laboklin.de\/de-ch\/leistungen\/genetik\/erbkrankheiten\/hund\/progressive-retinaatrophie-gr-pra1\/","title":{"rendered":"Progressive Retinaatrophie (GR-PRA1)"},"content":{"rendered":"<h3 class=\"csc-firstHeader\">Progressive Retinaatrophie (GR-PRA1)<\/h3><p><span>LABOKLIN Leistungs-ID: 8200<\/span><\/p><p class=\"bodytext\">Die progressive Retinaatrophie (PRA) ist eine fortschreitende Erkrankung der Netzhaut (Retina). Dabei werden die Photorezeptoren des Auges im Laufe der Zeit zerst\u00f6rt. Die Ver\u00e4nderungen verlaufen bilateral und symmetrisch. Zuerst verlieren die St\u00e4bchenzellen ihre normale Funktion. Dies f\u00fchrt zu zunehmenden Nachtblindheit sowie dem Verlust der Anpassung des Sehverm\u00f6gens. Durch die Degeneration der Zapfenzellen kommt es schlie\u00dflich zur v\u00f6lligen Erblindung des Hundes. Der Beginn der Erkrankung variiert innerhalb der Rasse, h\u00e4ufig erfolgt aber die Diagnose erst im Alter von ca. 5 Jahren. Bislang sind zwei f\u00fcr den Golden Retriever spezifische Mutationen bekannt, die als GR-PRA1 und GR-PRA2 bezeichnet werden. Klinisch unterscheiden sich die Symptome kaum voneinander, ebenso wie von der auch in der Rasse vorkommenden prcd-PRA.<\/p><table class=\"tx-laboklinleistung-table contenttable contenttable-2\" style=\"margin-top: 35px;\"><tr><td class=\"td-0\"><strong>Methode<\/strong><\/td><td class=\"td-1\"><p class=\"bodytext\">TaqMan SNP Assay<\/p><\/td><\/tr><tr><td class=\"td-0\"><strong>Rasse<\/strong><\/td><td class=\"td-1\"><p class=\"bodytext\">Golden Retriever, Goldendoodle<\/p><\/td><\/tr><tr><td class=\"td-0\"><strong>Erbgang<\/strong><\/td><td class=\"td-1\"><p class=\"bodytext\">autosomal-rezessiv<\/p><\/td><\/tr><tr><td class=\"td-0\"><strong>Dauer<\/strong><\/td><td class=\"td-1\"><p class=\"bodytext\">3 - 5 Werktage nach Erhalt der Probe<\/p><\/td><\/tr><\/table>\n","protected":false},"excerpt":{"rendered":"<p>Progressive Retinaatrophie (GR-PRA1)LABOKLIN Leistungs-ID: 8200Die progressive Retinaatrophie (PRA) ist eine fortschreitende Erkrankung der Netzhaut (Retina). Dabei werden die Photorezeptoren des Auges im Laufe der Zeit zerst\u00f6rt. Die Ver\u00e4nderungen verlaufen bilateral und symmetrisch. Zuerst verlieren die St\u00e4bchenzellen ihre normale Funktion. Dies f\u00fchrt zu zunehmenden Nachtblindheit sowie dem Verlust der Anpassung des Sehverm\u00f6gens. Durch die Degeneration der&hellip;<\/p>\n","protected":false},"author":1,"featured_media":0,"parent":1332702,"menu_order":62,"comment_status":"closed","ping_status":"closed","template":"","meta":{"_seopress_robots_primary_cat":"","_seopress_titles_title":"","_seopress_titles_desc":"","_seopress_robots_index":"","footnotes":""},"class_list":["post-1336431","page","type-page","status-publish","hentry","description-off"],"_links":{"self":[{"href":"https:\/\/laboklin.de\/de-ch\/wp-json\/wp\/v2\/pages\/1336431","targetHints":{"allow":["GET"]}}],"collection":[{"href":"https:\/\/laboklin.de\/de-ch\/wp-json\/wp\/v2\/pages"}],"about":[{"href":"https:\/\/laboklin.de\/de-ch\/wp-json\/wp\/v2\/types\/page"}],"author":[{"embeddable":true,"href":"https:\/\/laboklin.de\/de-ch\/wp-json\/wp\/v2\/users\/1"}],"replies":[{"embeddable":true,"href":"https:\/\/laboklin.de\/de-ch\/wp-json\/wp\/v2\/comments?post=1336431"}],"version-history":[{"count":1,"href":"https:\/\/laboklin.de\/de-ch\/wp-json\/wp\/v2\/pages\/1336431\/revisions"}],"predecessor-version":[{"id":1509336,"href":"https:\/\/laboklin.de\/de-ch\/wp-json\/wp\/v2\/pages\/1336431\/revisions\/1509336"}],"up":[{"embeddable":true,"href":"https:\/\/laboklin.de\/de-ch\/wp-json\/wp\/v2\/pages\/1332702"}],"wp:attachment":[{"href":"https:\/\/laboklin.de\/de-ch\/wp-json\/wp\/v2\/media?parent=1336431"}],"curies":[{"name":"wp","href":"https:\/\/api.w.org\/{rel}","templated":true}]}}