{"id":1336421,"date":"2020-10-16T11:36:27","date_gmt":"2020-10-16T09:36:27","guid":{"rendered":"https:\/\/laboklin.de\/leistungen\/genetik\/erbkrankheiten\/hund\/spinocerebellaere-ataxie-sca\/"},"modified":"2025-02-17T13:53:51","modified_gmt":"2025-02-17T12:53:51","slug":"spinocerebellaere-ataxie-sca","status":"publish","type":"page","link":"https:\/\/laboklin.de\/de-ch\/leistungen\/genetik\/erbkrankheiten\/hund\/spinocerebellaere-ataxie-sca\/","title":{"rendered":"Spinocerebell\u00e4re Ataxie (SCA)"},"content":{"rendered":"<h3 class=\"csc-firstHeader\">Spinocerebell\u00e4re Ataxie (SCA)<\/h3><p><span>LABOKLIN Leistungs-ID: 8537<\/span><\/p><p class=\"bodytext\">Durch eine Mutation kann es bei betroffenen Tieren zu einer sich stetig verschlimmernden St\u00f6rung des Bewegungsapparates kommen. Neben anf\u00e4nglichen Koordinations- und Gleichgewichtsproblemen kann dies bis zur v\u00f6lligen Bewegungsunf\u00e4higkeit f\u00fchren. Im Gegensatz zur \u201eLate-onset-Ataxie (LOA)\u201c haben SCA-betroffene Hunde oft Muskelzuckungen oder -versteifungen. Betroffene Tiere entwickeln erste Symptome in der Regel ab einem Alter von 3 Monaten. Diese k\u00f6nnen sich mit der Zeit verst\u00e4rken und erreichen meist im Alter zwischen 8 und 16 Monaten ihren H\u00f6hepunkt. Die Lebenserwartung betroffener Tiere liegt im Durchschnitt unter 3 Jahren.<\/p><table class=\"tx-laboklinleistung-table contenttable contenttable-2\" style=\"margin-top: 35px;\"><tr><td class=\"td-0\"><strong>Methode<\/strong><\/td><td class=\"td-1\"><p class=\"bodytext\">TaqMan SNP Assay; Sequenzierung (Alpenl\u00e4ndische Dachsbracke)<\/p><\/td><\/tr><tr><td class=\"td-0\"><strong>Rasse<\/strong><\/td><td class=\"td-1\"><p class=\"bodytext\">Alpenl\u00e4ndische Dachsbracke, Fox Terrier, Jack Russell Terrier, Parson Russell Terrier, Patterdale Terrier, Tenterfield Terrier, Toy Fox Terrier<\/p><\/td><\/tr><tr><td class=\"td-0\"><strong>Erbgang<\/strong><\/td><td class=\"td-1\"><p class=\"bodytext\">autosomal-rezessiv<\/p><\/td><\/tr><tr><td class=\"td-0\"><strong>Dauer<\/strong><\/td><td class=\"td-1\"><p class=\"bodytext\">3 - 5 Werktage nach Erhalt der Probe\r\n1 - 2 Wochen nach Erhalt der Probe (Alpenl\u00e4ndische Dachsbracke)<\/p><\/td><\/tr><\/table>\n","protected":false},"excerpt":{"rendered":"<p>Spinocerebell\u00e4re Ataxie (SCA)LABOKLIN Leistungs-ID: 8537Durch eine Mutation kann es bei betroffenen Tieren zu einer sich stetig verschlimmernden St\u00f6rung des Bewegungsapparates kommen. Neben anf\u00e4nglichen Koordinations- und Gleichgewichtsproblemen kann dies bis zur v\u00f6lligen Bewegungsunf\u00e4higkeit f\u00fchren. Im Gegensatz zur \u201eLate-onset-Ataxie (LOA)\u201c haben SCA-betroffene Hunde oft Muskelzuckungen oder -versteifungen. Betroffene Tiere entwickeln erste Symptome in der Regel ab einem&hellip;<\/p>\n","protected":false},"author":1,"featured_media":0,"parent":1332702,"menu_order":58,"comment_status":"closed","ping_status":"closed","template":"","meta":{"_seopress_robots_primary_cat":"","_seopress_titles_title":"","_seopress_titles_desc":"","_seopress_robots_index":"","footnotes":""},"class_list":["post-1336421","page","type-page","status-publish","hentry","description-off"],"_links":{"self":[{"href":"https:\/\/laboklin.de\/de-ch\/wp-json\/wp\/v2\/pages\/1336421","targetHints":{"allow":["GET"]}}],"collection":[{"href":"https:\/\/laboklin.de\/de-ch\/wp-json\/wp\/v2\/pages"}],"about":[{"href":"https:\/\/laboklin.de\/de-ch\/wp-json\/wp\/v2\/types\/page"}],"author":[{"embeddable":true,"href":"https:\/\/laboklin.de\/de-ch\/wp-json\/wp\/v2\/users\/1"}],"replies":[{"embeddable":true,"href":"https:\/\/laboklin.de\/de-ch\/wp-json\/wp\/v2\/comments?post=1336421"}],"version-history":[{"count":1,"href":"https:\/\/laboklin.de\/de-ch\/wp-json\/wp\/v2\/pages\/1336421\/revisions"}],"predecessor-version":[{"id":1336422,"href":"https:\/\/laboklin.de\/de-ch\/wp-json\/wp\/v2\/pages\/1336421\/revisions\/1336422"}],"up":[{"embeddable":true,"href":"https:\/\/laboklin.de\/de-ch\/wp-json\/wp\/v2\/pages\/1332702"}],"wp:attachment":[{"href":"https:\/\/laboklin.de\/de-ch\/wp-json\/wp\/v2\/media?parent=1336421"}],"curies":[{"name":"wp","href":"https:\/\/api.w.org\/{rel}","templated":true}]}}