{"id":1336417,"date":"2020-10-16T11:36:27","date_gmt":"2020-10-16T09:36:27","guid":{"rendered":"https:\/\/laboklin.de\/leistungen\/genetik\/erbkrankheiten\/hund\/van-den-ende-gupta-syndrom-vdegs\/"},"modified":"2025-02-17T14:02:41","modified_gmt":"2025-02-17T13:02:41","slug":"van-den-ende-gupta-syndrom-vdegs","status":"publish","type":"page","link":"https:\/\/laboklin.de\/de-ch\/leistungen\/genetik\/erbkrankheiten\/hund\/van-den-ende-gupta-syndrom-vdegs\/","title":{"rendered":"van den Ende-Gupta Syndrom (VDEGS)"},"content":{"rendered":"<h3 class=\"csc-firstHeader\">van den Ende-Gupta Syndrom (VDEGS)<\/h3><p><span>LABOKLIN Leistungs-ID: 8393<\/span><\/p><p class=\"bodytext\">Das van den Ende-Gupta Syndrome wurde beim Fox Terrier als rezessiv vererbte Krankheit beschrieben. Die Symptome sind analog zu denen, die f\u00fcr die craniomandibul\u00e4re Osteopathie (CMO) beschrieben sind. Alle betroffenen Hunde zeigten ohne Ausnahme einen deutlichen Unterbiss bei verk\u00fcrztem Oberkiefer. Zus\u00e4tzliche Symptome umfassen fehlende Mineralisierung der Knochen, geschwollene Kniegelenke und Ellebogen- wie auch Patellaluxationen.<\/p><table class=\"tx-laboklinleistung-table contenttable contenttable-2\" style=\"margin-top: 35px;\"><tr><td class=\"td-0\"><strong>Methode<\/strong><\/td><td class=\"td-1\"><p class=\"bodytext\">TaqMan SNP Assay<\/p><\/td><\/tr><tr><td class=\"td-0\"><strong>Rasse<\/strong><\/td><td class=\"td-1\"><p class=\"bodytext\">Fox Terrier, Toy Fox Terrier<\/p><\/td><\/tr><tr><td class=\"td-0\"><strong>Erbgang<\/strong><\/td><td class=\"td-1\"><p class=\"bodytext\">autosomal-rezessiv<\/p><\/td><\/tr><tr><td class=\"td-0\"><strong>Dauer<\/strong><\/td><td class=\"td-1\"><p class=\"bodytext\">3 - 5 Werktage nach Erhalt der Probe<\/p><\/td><\/tr><\/table>\n","protected":false},"excerpt":{"rendered":"<p>van den Ende-Gupta Syndrom (VDEGS)LABOKLIN Leistungs-ID: 8393Das van den Ende-Gupta Syndrome wurde beim Fox Terrier als rezessiv vererbte Krankheit beschrieben. Die Symptome sind analog zu denen, die f\u00fcr die craniomandibul\u00e4re Osteopathie (CMO) beschrieben sind. Alle betroffenen Hunde zeigten ohne Ausnahme einen deutlichen Unterbiss bei verk\u00fcrztem Oberkiefer. Zus\u00e4tzliche Symptome umfassen fehlende Mineralisierung der Knochen, geschwollene Kniegelenke&hellip;<\/p>\n","protected":false},"author":1,"featured_media":0,"parent":1332702,"menu_order":56,"comment_status":"closed","ping_status":"closed","template":"","meta":{"_seopress_robots_primary_cat":"","_seopress_titles_title":"","_seopress_titles_desc":"","_seopress_robots_index":"","footnotes":""},"class_list":["post-1336417","page","type-page","status-publish","hentry","description-off"],"_links":{"self":[{"href":"https:\/\/laboklin.de\/de-ch\/wp-json\/wp\/v2\/pages\/1336417","targetHints":{"allow":["GET"]}}],"collection":[{"href":"https:\/\/laboklin.de\/de-ch\/wp-json\/wp\/v2\/pages"}],"about":[{"href":"https:\/\/laboklin.de\/de-ch\/wp-json\/wp\/v2\/types\/page"}],"author":[{"embeddable":true,"href":"https:\/\/laboklin.de\/de-ch\/wp-json\/wp\/v2\/users\/1"}],"replies":[{"embeddable":true,"href":"https:\/\/laboklin.de\/de-ch\/wp-json\/wp\/v2\/comments?post=1336417"}],"version-history":[{"count":1,"href":"https:\/\/laboklin.de\/de-ch\/wp-json\/wp\/v2\/pages\/1336417\/revisions"}],"predecessor-version":[{"id":1509495,"href":"https:\/\/laboklin.de\/de-ch\/wp-json\/wp\/v2\/pages\/1336417\/revisions\/1509495"}],"up":[{"embeddable":true,"href":"https:\/\/laboklin.de\/de-ch\/wp-json\/wp\/v2\/pages\/1332702"}],"wp:attachment":[{"href":"https:\/\/laboklin.de\/de-ch\/wp-json\/wp\/v2\/media?parent=1336417"}],"curies":[{"name":"wp","href":"https:\/\/api.w.org\/{rel}","templated":true}]}}