{"id":1336414,"date":"2020-10-16T11:36:27","date_gmt":"2020-10-16T09:36:27","guid":{"rendered":"https:\/\/laboklin.de\/leistungen\/genetik\/erbkrankheiten\/hund\/trapped-neutrophil-syndrome-tns\/"},"modified":"2025-02-17T14:02:08","modified_gmt":"2025-02-17T13:02:08","slug":"trapped-neutrophil-syndrome-tns","status":"publish","type":"page","link":"https:\/\/laboklin.de\/de-ch\/leistungen\/genetik\/erbkrankheiten\/hund\/trapped-neutrophil-syndrome-tns\/","title":{"rendered":"Trapped neutrophil syndrome (TNS)"},"content":{"rendered":"<h3 class=\"csc-firstHeader\">Trapped Neutrophil Syndrom (TNS)<\/h3><p><span>LABOKLIN Leistungs-ID: 8143<\/span><\/p><p class=\"bodytext\">TNS ist eine Erbkrankheit, bei der das Knochenmark neutrophile Granulozyten (wei\u00dfe Blutk\u00f6rperchen) produziert, aber nicht in der Lage ist diese an den Blutkreislauf abzugeben. Demzufolge haben betroffene Welpen ein geschw\u00e4chtes Immunsystem und k\u00f6nnen Krankheitserreger nicht effektiv bek\u00e4mpfen. Die Welpen zeigen eine Vielzahl von Symptomen, je nach Art der Infektion von der sie befallen sind. Ebenso variieren Beginn und Schweregrad der Erkrankung, die meisten Hunde werden jedoch nicht \u00e4lter als 4 Monate. In seltenen F\u00e4llen k\u00f6nnen jedoch Antibiotika- und Steroid-Therapien betroffenen Hunden ein nahezu beschwerdefreies Leben erm\u00f6glichen.<\/p><table class=\"tx-laboklinleistung-table contenttable contenttable-2\" style=\"margin-top: 35px;\"><tr><td class=\"td-0\"><strong>Methode<\/strong><\/td><td class=\"td-1\"><p class=\"bodytext\">TaqMan SNP Assay<\/p><\/td><\/tr><tr><td class=\"td-0\"><strong>Rasse<\/strong><\/td><td class=\"td-1\"><p class=\"bodytext\">Border Collie<\/p><\/td><\/tr><tr><td class=\"td-0\"><strong>Erbgang<\/strong><\/td><td class=\"td-1\"><p class=\"bodytext\">autosomal-rezessiv<\/p><\/td><\/tr><tr><td class=\"td-0\"><strong>Dauer<\/strong><\/td><td class=\"td-1\"><p class=\"bodytext\">3 - 5 Werktage nach Erhalt der Probe<\/p><\/td><\/tr><\/table>\n","protected":false},"excerpt":{"rendered":"<p>Trapped Neutrophil Syndrom (TNS)LABOKLIN Leistungs-ID: 8143TNS ist eine Erbkrankheit, bei der das Knochenmark neutrophile Granulozyten (wei\u00dfe Blutk\u00f6rperchen) produziert, aber nicht in der Lage ist diese an den Blutkreislauf abzugeben. Demzufolge haben betroffene Welpen ein geschw\u00e4chtes Immunsystem und k\u00f6nnen Krankheitserreger nicht effektiv bek\u00e4mpfen. Die Welpen zeigen eine Vielzahl von Symptomen, je nach Art der Infektion von&hellip;<\/p>\n","protected":false},"author":1,"featured_media":0,"parent":1332702,"menu_order":55,"comment_status":"closed","ping_status":"closed","template":"","meta":{"_seopress_robots_primary_cat":"","_seopress_titles_title":"","_seopress_titles_desc":"","_seopress_robots_index":"","footnotes":""},"class_list":["post-1336414","page","type-page","status-publish","hentry","description-off"],"_links":{"self":[{"href":"https:\/\/laboklin.de\/de-ch\/wp-json\/wp\/v2\/pages\/1336414","targetHints":{"allow":["GET"]}}],"collection":[{"href":"https:\/\/laboklin.de\/de-ch\/wp-json\/wp\/v2\/pages"}],"about":[{"href":"https:\/\/laboklin.de\/de-ch\/wp-json\/wp\/v2\/types\/page"}],"author":[{"embeddable":true,"href":"https:\/\/laboklin.de\/de-ch\/wp-json\/wp\/v2\/users\/1"}],"replies":[{"embeddable":true,"href":"https:\/\/laboklin.de\/de-ch\/wp-json\/wp\/v2\/comments?post=1336414"}],"version-history":[{"count":1,"href":"https:\/\/laboklin.de\/de-ch\/wp-json\/wp\/v2\/pages\/1336414\/revisions"}],"predecessor-version":[{"id":1509491,"href":"https:\/\/laboklin.de\/de-ch\/wp-json\/wp\/v2\/pages\/1336414\/revisions\/1509491"}],"up":[{"embeddable":true,"href":"https:\/\/laboklin.de\/de-ch\/wp-json\/wp\/v2\/pages\/1332702"}],"wp:attachment":[{"href":"https:\/\/laboklin.de\/de-ch\/wp-json\/wp\/v2\/media?parent=1336414"}],"curies":[{"name":"wp","href":"https:\/\/api.w.org\/{rel}","templated":true}]}}