{"id":1336400,"date":"2020-10-16T11:36:27","date_gmt":"2020-10-16T09:36:27","guid":{"rendered":"https:\/\/laboklin.de\/leistungen\/genetik\/erbkrankheiten\/hund\/von-willebrand-erkrankung-typ-2-vwd2\/"},"modified":"2025-02-17T14:06:00","modified_gmt":"2025-02-17T13:06:00","slug":"von-willebrand-erkrankung-typ-2-vwd2","status":"publish","type":"page","link":"https:\/\/laboklin.de\/de-ch\/leistungen\/genetik\/erbkrankheiten\/hund\/von-willebrand-erkrankung-typ-2-vwd2\/","title":{"rendered":"von Willebrand Erkrankung Typ 2 (vWD2)"},"content":{"rendered":"<h3 class=\"csc-firstHeader\">von Willebrand Erkrankung Typ 2 (vWD2)<\/h3><p><span>LABOKLIN Leistungs-ID: 8014<\/span><\/p><p class=\"bodytext\">Die Von Willebrand Erkrankung (vWD) ist die h\u00e4ufigste vererbte Blutgerinnungs-st\u00f6rung von unterschiedlichem Schweregrad, die aus einem defekten oder gar fehlenden Von-Willebrand-Faktor (vWF) im Blut resultiert. Der vWF ist ein wichtiger Faktor der Blutgerinnung. Ein fehlender oder defekter vWF hat zur Folge, da\u00df betroffene Tiere bei Verletzungen sehr lange nachbluten und u.U. verbluten k\u00f6nnen. Die Blutungen betreffen Schleimhautoberfl\u00e4chen und werden bei physischem und psychischem Stress und anderen Krankheiten st\u00e4rker. Typische Anzeichen sind: Wiederholte Magen-Darm-Blutungen, mit oder ohne Durchfall, Nasenbluten, Zahnfleischbluten, verl\u00e4ngerte Blutung bei der L\u00e4ufigkeit, Lahmheiten durch Blutungen in den Gelenken, Bluterg\u00fcsse auf der K\u00f6rperoberfl\u00e4che, exzessive Blutungen von zu kurz geschnittenen N\u00e4geln oder nach Operationen. Man unterscheidet drei verschiedene Formen dieser Erkrankung (Typ 1, 2 und 3). Bisher wurden nur vWD Typ 2 betroffene Hunde bei den Rassen Deutsch Drahthaar und Deutsch Kurzhaar beschrieben.<\/p><table class=\"tx-laboklinleistung-table contenttable contenttable-2\" style=\"margin-top: 35px;\"><tr><td class=\"td-0\"><strong>Methode<\/strong><\/td><td class=\"td-1\"><p class=\"bodytext\">TaqMan SNP Assay<\/p><\/td><\/tr><tr><td class=\"td-0\"><strong>Rasse<\/strong><\/td><td class=\"td-1\"><p class=\"bodytext\">Deutsch Drahthaar, Deutsch Kurzhaar<\/p><\/td><\/tr><tr><td class=\"td-0\"><strong>Erbgang<\/strong><\/td><td class=\"td-1\"><p class=\"bodytext\">autosomal-rezessiv<\/p><\/td><\/tr><tr><td class=\"td-0\"><strong>Dauer<\/strong><\/td><td class=\"td-1\"><p class=\"bodytext\">3 - 5 Werktage nach Erhalt der Probe<\/p><\/td><\/tr><\/table>\n","protected":false},"excerpt":{"rendered":"<p>von Willebrand Erkrankung Typ 2 (vWD2)LABOKLIN Leistungs-ID: 8014Die Von Willebrand Erkrankung (vWD) ist die h\u00e4ufigste vererbte Blutgerinnungs-st\u00f6rung von unterschiedlichem Schweregrad, die aus einem defekten oder gar fehlenden Von-Willebrand-Faktor (vWF) im Blut resultiert. Der vWF ist ein wichtiger Faktor der Blutgerinnung. Ein fehlender oder defekter vWF hat zur Folge, da\u00df betroffene Tiere bei Verletzungen sehr lange&hellip;<\/p>\n","protected":false},"author":1,"featured_media":0,"parent":1332702,"menu_order":53,"comment_status":"closed","ping_status":"closed","template":"","meta":{"_seopress_robots_primary_cat":"","_seopress_titles_title":"","_seopress_titles_desc":"","_seopress_robots_index":"","footnotes":""},"class_list":["post-1336400","page","type-page","status-publish","hentry","description-off"],"_links":{"self":[{"href":"https:\/\/laboklin.de\/de-ch\/wp-json\/wp\/v2\/pages\/1336400","targetHints":{"allow":["GET"]}}],"collection":[{"href":"https:\/\/laboklin.de\/de-ch\/wp-json\/wp\/v2\/pages"}],"about":[{"href":"https:\/\/laboklin.de\/de-ch\/wp-json\/wp\/v2\/types\/page"}],"author":[{"embeddable":true,"href":"https:\/\/laboklin.de\/de-ch\/wp-json\/wp\/v2\/users\/1"}],"replies":[{"embeddable":true,"href":"https:\/\/laboklin.de\/de-ch\/wp-json\/wp\/v2\/comments?post=1336400"}],"version-history":[{"count":1,"href":"https:\/\/laboklin.de\/de-ch\/wp-json\/wp\/v2\/pages\/1336400\/revisions"}],"predecessor-version":[{"id":1509503,"href":"https:\/\/laboklin.de\/de-ch\/wp-json\/wp\/v2\/pages\/1336400\/revisions\/1509503"}],"up":[{"embeddable":true,"href":"https:\/\/laboklin.de\/de-ch\/wp-json\/wp\/v2\/pages\/1332702"}],"wp:attachment":[{"href":"https:\/\/laboklin.de\/de-ch\/wp-json\/wp\/v2\/media?parent=1336400"}],"curies":[{"name":"wp","href":"https:\/\/api.w.org\/{rel}","templated":true}]}}