{"id":1336395,"date":"2020-10-16T11:36:27","date_gmt":"2020-10-16T09:36:27","guid":{"rendered":"https:\/\/laboklin.de\/leistungen\/genetik\/erbkrankheiten\/hund\/collie-eye-anomalie-cea\/"},"modified":"2025-12-17T14:36:54","modified_gmt":"2025-12-17T13:36:54","slug":"collie-eye-anomalie-cea","status":"publish","type":"page","link":"https:\/\/laboklin.de\/de-ch\/leistungen\/genetik\/erbkrankheiten\/hund\/collie-eye-anomalie-cea\/","title":{"rendered":"Collie eye Anomalie (CEA)"},"content":{"rendered":"<div class=\"wpb-content-wrapper\"><p>[vc_row][vc_column][vc_column_text css=&#187;&#187;]<h3 class=\"csc-firstHeader\">Collie eye Anomalie (CEA)<\/h3><p><span>LABOKLIN Leistungs-ID: 8304<\/span><\/p><p class=\"bodytext\">Bei der CEA handelt es sich um eine Erbkrankheit, bei der es zu Ver\u00e4nderungen an der Netzhaut des Auges kommt. CEA kann in verschiedenen Schweregraden ausgepr\u00e4gt sein. In manchen F\u00e4llen sind die Ver\u00e4nderungen der Netzhaut nur gering, die Krankheit verl\u00e4uft unbemerkt. Es kann auch zur Ausbildung sogenannter Kolobomen (Spaltbildungen) an der Eintrittstelle des Sehnervs, zur Dysplasie der Netzhaut und der Aderhaut und zu Netzhautfalten kommen. Die Sehkraft kann beeintr\u00e4chtigt werden. Bei der schlimmsten Form der CEA kommt es durch Blutgef\u00e4\u00df-Ver\u00e4nderung zu Blutungen an der Netzhaut. Dies kann eine Netzhautabl\u00f6sung zur Folge haben, was zur Erblindung des Hundes f\u00fchrt. Der Schweregrad der Erkrankung ver\u00e4ndert sich bei der CEA im Laufe des Lebens nicht, ein betroffener Hund erblindet also nicht erst im Alter. Die mildeste Form der CEA, die sogenannte CRH (chorioretinale Hypoplasie) ist beim Welpen nur bis zu einem Alter von ca. 9 Wochen erkennbar, danach wird sie durch Pigment-Einlagerung \u00fcberdeckt. Hunde, deren CEA-Erkrankung im Alter nicht mehr festgestellt werden kann, nennt man \u201cgo normals\u201d. Die f\u00fcr die CEA verantwortliche Mutation wurde von der Arbeitsgruppe von Elaine A. Ostrander an der University von Pennsylvania, USA ver\u00f6ffentlicht. Sequenzstudien zeigten, dass bei allen betroffenen Hunden ein 7,8 kb gro\u00dfer Bereich in den NHEJ1 Genen deletiert ist. Hierbei handelt es sich um einen hochkonservierten Bereich, an den verschiedene f\u00fcr eine korrekte Entwicklung wichtige Regulatorproteine binden k\u00f6nnen.<\/p><table class=\"tx-laboklinleistung-table contenttable contenttable-2\" style=\"margin-top: 35px;\"><tr><td class=\"td-0\"><strong>Rasse<\/strong><\/td><td class=\"td-1\"><p class=\"bodytext\">Australian Kelpie, Australian Shepherd, Bearded Collie, Border Collie, Boykin Spaniel, Collie (Kurzhaar\/Langhaar), Hokkaido, Lancashire Heeler, Miniature American Shepherd, Nova Scotia Duck Tolling Retriever, Shetland Sheepdog (Sheltie) , Silken Windhound, Silken Windsprite (Langhaar-Whippet)<\/p><\/td><\/tr><tr><td class=\"td-0\"><strong>Erbgang<\/strong><\/td><td class=\"td-1\"><p class=\"bodytext\">autosomal-rezessiv<\/p><\/td><\/tr><tr><td class=\"td-0\"><strong>Dauer<\/strong><\/td><td class=\"td-1\"><p class=\"bodytext\">1 - 2 Wochen nach Erhalt der Probe<\/p><\/td><\/tr><\/table>[\/vc_column_text][\/vc_column][\/vc_row]<\/p>\n<\/div>","protected":false},"excerpt":{"rendered":"<p>[vc_row][vc_column][vc_column_text css=&#187;&#187;][\/vc_column_text][\/vc_column][\/vc_row]<\/p>\n","protected":false},"author":1,"featured_media":0,"parent":1332702,"menu_order":52,"comment_status":"closed","ping_status":"closed","template":"","meta":{"_seopress_robots_primary_cat":"","_seopress_titles_title":"","_seopress_titles_desc":"","_seopress_robots_index":"","footnotes":""},"class_list":["post-1336395","page","type-page","status-publish","hentry","description-off"],"_links":{"self":[{"href":"https:\/\/laboklin.de\/de-ch\/wp-json\/wp\/v2\/pages\/1336395","targetHints":{"allow":["GET"]}}],"collection":[{"href":"https:\/\/laboklin.de\/de-ch\/wp-json\/wp\/v2\/pages"}],"about":[{"href":"https:\/\/laboklin.de\/de-ch\/wp-json\/wp\/v2\/types\/page"}],"author":[{"embeddable":true,"href":"https:\/\/laboklin.de\/de-ch\/wp-json\/wp\/v2\/users\/1"}],"replies":[{"embeddable":true,"href":"https:\/\/laboklin.de\/de-ch\/wp-json\/wp\/v2\/comments?post=1336395"}],"version-history":[{"count":4,"href":"https:\/\/laboklin.de\/de-ch\/wp-json\/wp\/v2\/pages\/1336395\/revisions"}],"predecessor-version":[{"id":1578642,"href":"https:\/\/laboklin.de\/de-ch\/wp-json\/wp\/v2\/pages\/1336395\/revisions\/1578642"}],"up":[{"embeddable":true,"href":"https:\/\/laboklin.de\/de-ch\/wp-json\/wp\/v2\/pages\/1332702"}],"wp:attachment":[{"href":"https:\/\/laboklin.de\/de-ch\/wp-json\/wp\/v2\/media?parent=1336395"}],"curies":[{"name":"wp","href":"https:\/\/api.w.org\/{rel}","templated":true}]}}