{"id":1336390,"date":"2020-10-16T11:36:27","date_gmt":"2020-10-16T09:36:27","guid":{"rendered":"https:\/\/laboklin.de\/leistungen\/genetik\/erbkrankheiten\/hund\/congenitales-myasthenes-syndrom-cms\/"},"modified":"2025-02-05T11:48:43","modified_gmt":"2025-02-05T10:48:43","slug":"congenitales-myasthenes-syndrom-cms","status":"publish","type":"page","link":"https:\/\/laboklin.de\/de-ch\/leistungen\/genetik\/erbkrankheiten\/hund\/congenitales-myasthenes-syndrom-cms\/","title":{"rendered":"Congenitales myasthenes Syndrom (CMS)"},"content":{"rendered":"<h3 class=\"csc-firstHeader\">Congenitales myasthenes Syndrom (CMS)<\/h3><p><span>LABOKLIN Leistungs-ID: 8206<\/span><\/p><p class=\"bodytext\">Das congenitale myasthene Syndrom (CMS) wird beim Labrador Retriever durch eine Mutation im COLQ-Gen ausgel\u00f6st, w\u00e4hrend beim Jack Russell Terrier eine Mutation im CHRNE-Gen verantwortlich ist. Eine Mutation im CHAT-Gen ist beim Altd\u00e4nischen Vorstehhund die Ursache. Die Symptome der Krankheit sind insbesondere eine generalisierte Muskelschw\u00e4che, vor allem nach Stress oder Aufregung. Diese zeigt sich bereits ab einem Alter von zwei Wochen. Die Bewegungsf\u00e4higkeit der Extremit\u00e4ten ist stark eingeschr\u00e4nkt, auch das Tragen des eigenen K\u00f6rpergewichts wird mit der Zeit erschwert. In allen Bereichen der Extremit\u00e4ten sind Reflexe messbar vermindert.<\/p><table class=\"tx-laboklinleistung-table contenttable contenttable-2\" style=\"margin-top: 35px;\"><tr><td class=\"td-0\"><strong>Methode<\/strong><\/td><td class=\"td-1\"><p class=\"bodytext\">Sequenzierung<\/p><\/td><\/tr><tr><td class=\"td-0\"><strong>Rasse<\/strong><\/td><td class=\"td-1\"><p class=\"bodytext\">Altd\u00e4nischer Vorstehhund, Australian-Labradoodle (Cobberdog), Golden Retriever, Goldendoodle, Heideterrier, Jack Russell Terrier, Labradoodle, Labrador Retriever, Parson Russell Terrier<\/p><\/td><\/tr><tr><td class=\"td-0\"><strong>Erbgang<\/strong><\/td><td class=\"td-1\"><p class=\"bodytext\">autosomal-rezessiv<\/p><\/td><\/tr><tr><td class=\"td-0\"><strong>Dauer<\/strong><\/td><td class=\"td-1\"><p class=\"bodytext\">1 - 2 Wochen nach Erhalt der Probe<\/p><\/td><\/tr><\/table>\n","protected":false},"excerpt":{"rendered":"<p>Congenitales myasthenes Syndrom (CMS)LABOKLIN Leistungs-ID: 8206Das congenitale myasthene Syndrom (CMS) wird beim Labrador Retriever durch eine Mutation im COLQ-Gen ausgel\u00f6st, w\u00e4hrend beim Jack Russell Terrier eine Mutation im CHRNE-Gen verantwortlich ist. Eine Mutation im CHAT-Gen ist beim Altd\u00e4nischen Vorstehhund die Ursache. Die Symptome der Krankheit sind insbesondere eine generalisierte Muskelschw\u00e4che, vor allem nach Stress oder&hellip;<\/p>\n","protected":false},"author":1,"featured_media":0,"parent":1332702,"menu_order":51,"comment_status":"closed","ping_status":"closed","template":"","meta":{"_seopress_robots_primary_cat":"","_seopress_titles_title":"","_seopress_titles_desc":"","_seopress_robots_index":"","footnotes":""},"class_list":["post-1336390","page","type-page","status-publish","hentry","description-off"],"_links":{"self":[{"href":"https:\/\/laboklin.de\/de-ch\/wp-json\/wp\/v2\/pages\/1336390","targetHints":{"allow":["GET"]}}],"collection":[{"href":"https:\/\/laboklin.de\/de-ch\/wp-json\/wp\/v2\/pages"}],"about":[{"href":"https:\/\/laboklin.de\/de-ch\/wp-json\/wp\/v2\/types\/page"}],"author":[{"embeddable":true,"href":"https:\/\/laboklin.de\/de-ch\/wp-json\/wp\/v2\/users\/1"}],"replies":[{"embeddable":true,"href":"https:\/\/laboklin.de\/de-ch\/wp-json\/wp\/v2\/comments?post=1336390"}],"version-history":[{"count":1,"href":"https:\/\/laboklin.de\/de-ch\/wp-json\/wp\/v2\/pages\/1336390\/revisions"}],"predecessor-version":[{"id":1506947,"href":"https:\/\/laboklin.de\/de-ch\/wp-json\/wp\/v2\/pages\/1336390\/revisions\/1506947"}],"up":[{"embeddable":true,"href":"https:\/\/laboklin.de\/de-ch\/wp-json\/wp\/v2\/pages\/1332702"}],"wp:attachment":[{"href":"https:\/\/laboklin.de\/de-ch\/wp-json\/wp\/v2\/media?parent=1336390"}],"curies":[{"name":"wp","href":"https:\/\/api.w.org\/{rel}","templated":true}]}}