{"id":1336201,"date":"2020-10-16T11:36:27","date_gmt":"2020-10-16T09:36:27","guid":{"rendered":"https:\/\/laboklin.de\/leistungen\/genetik\/erbkrankheiten\/hund\/juvenile-larynx-paralyse-polyneuropathie-jlpp\/"},"modified":"2025-02-17T09:11:26","modified_gmt":"2025-02-17T08:11:26","slug":"juvenile-larynx-paralyse-polyneuropathie-jlpp","status":"publish","type":"page","link":"https:\/\/laboklin.de\/de-ch\/leistungen\/genetik\/erbkrankheiten\/hund\/juvenile-larynx-paralyse-polyneuropathie-jlpp\/","title":{"rendered":"Juvenile Larynx Paralyse &#038; Polyneuropathie (JLPP)"},"content":{"rendered":"<h3 class=\"csc-firstHeader\">Juvenile Larynx Paralyse & Polyneuropathie (JLPP)<\/h3><p><span>LABOKLIN Leistungs-ID: 8271<\/span><\/p><p class=\"bodytext\">Die juvenile Larynxparalyse und Polyneuropathie (JLPP) ist eine Erbkrankheit, die bei betroffenen Tieren bereits ab einem Alter von 3 Monaten zu Atemschwierigkeiten bei Aufregung oder k\u00f6rperlicher Anstrengung f\u00fchrt. Ebenso f\u00e4llt eine Ver\u00e4nderung des Bellens auf. Im weiteren Verlauf der Krankheit entwickeln sich Schw\u00e4che und Koordinationsprobleme der Hinterl\u00e4ufe, was sich langsam auch auf die Vorderl\u00e4ufe ausweitet. Schwierigkeiten beim Schlucken treten ebenso auf, was die Gefahr von Ersticken oder Lungenentz\u00fcndungen birgt. Die Krankheit ist nicht heilbar und f\u00fchrt bereits wenigen Monaten nach Auftreten der Symptome zum Tod.<\/p><table class=\"tx-laboklinleistung-table contenttable contenttable-2\" style=\"margin-top: 35px;\"><tr><td class=\"td-0\"><strong>Methode<\/strong><\/td><td class=\"td-1\"><p class=\"bodytext\">TaqMan SNP Assay<\/p><\/td><\/tr><tr><td class=\"td-0\"><strong>Rasse<\/strong><\/td><td class=\"td-1\"><p class=\"bodytext\">Rottweiler, Russischer Schwarzer Terrier<\/p><\/td><\/tr><tr><td class=\"td-0\"><strong>Erbgang<\/strong><\/td><td class=\"td-1\"><p class=\"bodytext\">autosomal-rezessiv<\/p><\/td><\/tr><tr><td class=\"td-0\"><strong>Dauer<\/strong><\/td><td class=\"td-1\"><p class=\"bodytext\">3 - 5 Werktage nach Erhalt der Probe<\/p><\/td><\/tr><\/table>\n","protected":false},"excerpt":{"rendered":"<p>Juvenile Larynx Paralyse &#038; Polyneuropathie (JLPP)LABOKLIN Leistungs-ID: 8271Die juvenile Larynxparalyse und Polyneuropathie (JLPP) ist eine Erbkrankheit, die bei betroffenen Tieren bereits ab einem Alter von 3 Monaten zu Atemschwierigkeiten bei Aufregung oder k\u00f6rperlicher Anstrengung f\u00fchrt. Ebenso f\u00e4llt eine Ver\u00e4nderung des Bellens auf. Im weiteren Verlauf der Krankheit entwickeln sich Schw\u00e4che und Koordinationsprobleme der Hinterl\u00e4ufe, was&hellip;<\/p>\n","protected":false},"author":1,"featured_media":0,"parent":1332702,"menu_order":35,"comment_status":"closed","ping_status":"closed","template":"","meta":{"_seopress_robots_primary_cat":"","_seopress_titles_title":"","_seopress_titles_desc":"","_seopress_robots_index":"","footnotes":""},"class_list":["post-1336201","page","type-page","status-publish","hentry","description-off"],"_links":{"self":[{"href":"https:\/\/laboklin.de\/de-ch\/wp-json\/wp\/v2\/pages\/1336201","targetHints":{"allow":["GET"]}}],"collection":[{"href":"https:\/\/laboklin.de\/de-ch\/wp-json\/wp\/v2\/pages"}],"about":[{"href":"https:\/\/laboklin.de\/de-ch\/wp-json\/wp\/v2\/types\/page"}],"author":[{"embeddable":true,"href":"https:\/\/laboklin.de\/de-ch\/wp-json\/wp\/v2\/users\/1"}],"replies":[{"embeddable":true,"href":"https:\/\/laboklin.de\/de-ch\/wp-json\/wp\/v2\/comments?post=1336201"}],"version-history":[{"count":1,"href":"https:\/\/laboklin.de\/de-ch\/wp-json\/wp\/v2\/pages\/1336201\/revisions"}],"predecessor-version":[{"id":1509062,"href":"https:\/\/laboklin.de\/de-ch\/wp-json\/wp\/v2\/pages\/1336201\/revisions\/1509062"}],"up":[{"embeddable":true,"href":"https:\/\/laboklin.de\/de-ch\/wp-json\/wp\/v2\/pages\/1332702"}],"wp:attachment":[{"href":"https:\/\/laboklin.de\/de-ch\/wp-json\/wp\/v2\/media?parent=1336201"}],"curies":[{"name":"wp","href":"https:\/\/api.w.org\/{rel}","templated":true}]}}