{"id":1336177,"date":"2020-10-16T11:36:27","date_gmt":"2020-10-16T09:36:27","guid":{"rendered":"https:\/\/laboklin.de\/leistungen\/genetik\/erbkrankheiten\/hund\/lagotto-speicherkrankheit-lsd\/"},"modified":"2025-02-17T09:16:07","modified_gmt":"2025-02-17T08:16:07","slug":"lagotto-speicherkrankheit-lsd","status":"publish","type":"page","link":"https:\/\/laboklin.de\/de-ch\/leistungen\/genetik\/erbkrankheiten\/hund\/lagotto-speicherkrankheit-lsd\/","title":{"rendered":"Lagotto Speicherkrankheit (LSD)"},"content":{"rendered":"<h3 class=\"csc-firstHeader\">Lagotto Speicherkrankheit (LSD)<\/h3><p><span>LABOKLIN Leistungs-ID: 8270<\/span><\/p><p class=\"bodytext\">Die Lagotto Speicherkrankheit (LSD) ist eine Speichererkrankung mit neurodegenerativer Symptomatik, die bei betroffenen Tieren zu zerebell\u00e4ren Sch\u00e4den f\u00fchrt. Diese sind die Ursache f\u00fcr St\u00f6rungen der Bewegungskontrolle und Balance. Bei manchen betroffenen Hunden sind auch abnormale Augenbewegungen (Nystagmus) sowie Verhaltens\u00e4nderungen wie Aggressivit\u00e4t oder Rastlosigkeit erkennbar. Erste Symptome zeigen sich im Alter zwischen 4 Monaten und 4 Jahren.<\/p><table class=\"tx-laboklinleistung-table contenttable contenttable-2\" style=\"margin-top: 35px;\"><tr><td class=\"td-0\"><strong>Methode<\/strong><\/td><td class=\"td-1\"><p class=\"bodytext\">TaqMan SNP Assay<\/p><\/td><\/tr><tr><td class=\"td-0\"><strong>Rasse<\/strong><\/td><td class=\"td-1\"><p class=\"bodytext\">Lagotto Romagnolo<\/p><\/td><\/tr><tr><td class=\"td-0\"><strong>Erbgang<\/strong><\/td><td class=\"td-1\"><p class=\"bodytext\">autosomal-rezessiv mit unvollst\u00e4ndiger Penetranz<\/p><\/td><\/tr><tr><td class=\"td-0\"><strong>Dauer<\/strong><\/td><td class=\"td-1\"><p class=\"bodytext\">3 - 5 Werktage nach Erhalt der Probe<\/p><\/td><\/tr><\/table>\n","protected":false},"excerpt":{"rendered":"<p>Lagotto Speicherkrankheit (LSD)LABOKLIN Leistungs-ID: 8270Die Lagotto Speicherkrankheit (LSD) ist eine Speichererkrankung mit neurodegenerativer Symptomatik, die bei betroffenen Tieren zu zerebell\u00e4ren Sch\u00e4den f\u00fchrt. Diese sind die Ursache f\u00fcr St\u00f6rungen der Bewegungskontrolle und Balance. Bei manchen betroffenen Hunden sind auch abnormale Augenbewegungen (Nystagmus) sowie Verhaltens\u00e4nderungen wie Aggressivit\u00e4t oder Rastlosigkeit erkennbar. Erste Symptome zeigen sich im Alter zwischen&hellip;<\/p>\n","protected":false},"author":1,"featured_media":0,"parent":1332702,"menu_order":33,"comment_status":"closed","ping_status":"closed","template":"","meta":{"_seopress_robots_primary_cat":"","_seopress_titles_title":"","_seopress_titles_desc":"","_seopress_robots_index":"","footnotes":""},"class_list":["post-1336177","page","type-page","status-publish","hentry","description-off"],"_links":{"self":[{"href":"https:\/\/laboklin.de\/de-ch\/wp-json\/wp\/v2\/pages\/1336177","targetHints":{"allow":["GET"]}}],"collection":[{"href":"https:\/\/laboklin.de\/de-ch\/wp-json\/wp\/v2\/pages"}],"about":[{"href":"https:\/\/laboklin.de\/de-ch\/wp-json\/wp\/v2\/types\/page"}],"author":[{"embeddable":true,"href":"https:\/\/laboklin.de\/de-ch\/wp-json\/wp\/v2\/users\/1"}],"replies":[{"embeddable":true,"href":"https:\/\/laboklin.de\/de-ch\/wp-json\/wp\/v2\/comments?post=1336177"}],"version-history":[{"count":1,"href":"https:\/\/laboklin.de\/de-ch\/wp-json\/wp\/v2\/pages\/1336177\/revisions"}],"predecessor-version":[{"id":1509073,"href":"https:\/\/laboklin.de\/de-ch\/wp-json\/wp\/v2\/pages\/1336177\/revisions\/1509073"}],"up":[{"embeddable":true,"href":"https:\/\/laboklin.de\/de-ch\/wp-json\/wp\/v2\/pages\/1332702"}],"wp:attachment":[{"href":"https:\/\/laboklin.de\/de-ch\/wp-json\/wp\/v2\/media?parent=1336177"}],"curies":[{"name":"wp","href":"https:\/\/api.w.org\/{rel}","templated":true}]}}