{"id":1336165,"date":"2020-10-16T11:36:27","date_gmt":"2020-10-16T09:36:27","guid":{"rendered":"https:\/\/laboklin.de\/leistungen\/genetik\/erbkrankheiten\/hund\/late-onset-ataxie-loa\/"},"modified":"2025-02-17T09:17:57","modified_gmt":"2025-02-17T08:17:57","slug":"late-onset-ataxie-loa","status":"publish","type":"page","link":"https:\/\/laboklin.de\/de-ch\/leistungen\/genetik\/erbkrankheiten\/hund\/late-onset-ataxie-loa\/","title":{"rendered":"Late onset Ataxie (LOA)"},"content":{"rendered":"<h3 class=\"csc-firstHeader\">Late onset Ataxie (LOA)<\/h3><p><span>LABOKLIN Leistungs-ID: 8493<\/span><\/p><p class=\"bodytext\">Durch eine Mutation im calcium activated neutral proteinase (CAPN1)-Gen kann es bei betroffenen Tieren zu einer sich stetig verschlimmernden St\u00f6rung des Bewegungsapparates kommen. Neben anf\u00e4nglichen Koordinationsproblemen und Gleichgewichtsst\u00f6rungen kann dies bis zur v\u00f6lligen Bewegungsunf\u00e4higkeit f\u00fchren. Betroffene Tiere entwickeln die Symptome in der Regel zwischen dem 6. und 12. Lebensmonat.<\/p><table class=\"tx-laboklinleistung-table contenttable contenttable-2\" style=\"margin-top: 35px;\"><tr><td class=\"td-0\"><strong>Methode<\/strong><\/td><td class=\"td-1\"><p class=\"bodytext\">TaqMan SNP Assay<\/p><\/td><\/tr><tr><td class=\"td-0\"><strong>Rasse<\/strong><\/td><td class=\"td-1\"><p class=\"bodytext\">Jack Russell Terrier, Parson Russell Terrier<\/p><\/td><\/tr><tr><td class=\"td-0\"><strong>Erbgang<\/strong><\/td><td class=\"td-1\"><p class=\"bodytext\">autosomal-rezessiv<\/p><\/td><\/tr><tr><td class=\"td-0\"><strong>Dauer<\/strong><\/td><td class=\"td-1\"><p class=\"bodytext\">3 - 5 Werktage nach Erhalt der Probe<\/p><\/td><\/tr><\/table>\n","protected":false},"excerpt":{"rendered":"<p>Late onset Ataxie (LOA)LABOKLIN Leistungs-ID: 8493Durch eine Mutation im calcium activated neutral proteinase (CAPN1)-Gen kann es bei betroffenen Tieren zu einer sich stetig verschlimmernden St\u00f6rung des Bewegungsapparates kommen. Neben anf\u00e4nglichen Koordinationsproblemen und Gleichgewichtsst\u00f6rungen kann dies bis zur v\u00f6lligen Bewegungsunf\u00e4higkeit f\u00fchren. Betroffene Tiere entwickeln die Symptome in der Regel zwischen dem 6. und 12. Lebensmonat.MethodeTaqMan SNP&hellip;<\/p>\n","protected":false},"author":1,"featured_media":0,"parent":1332702,"menu_order":32,"comment_status":"closed","ping_status":"closed","template":"","meta":{"_seopress_robots_primary_cat":"","_seopress_titles_title":"","_seopress_titles_desc":"","_seopress_robots_index":"","footnotes":""},"class_list":["post-1336165","page","type-page","status-publish","hentry","description-off"],"_links":{"self":[{"href":"https:\/\/laboklin.de\/de-ch\/wp-json\/wp\/v2\/pages\/1336165","targetHints":{"allow":["GET"]}}],"collection":[{"href":"https:\/\/laboklin.de\/de-ch\/wp-json\/wp\/v2\/pages"}],"about":[{"href":"https:\/\/laboklin.de\/de-ch\/wp-json\/wp\/v2\/types\/page"}],"author":[{"embeddable":true,"href":"https:\/\/laboklin.de\/de-ch\/wp-json\/wp\/v2\/users\/1"}],"replies":[{"embeddable":true,"href":"https:\/\/laboklin.de\/de-ch\/wp-json\/wp\/v2\/comments?post=1336165"}],"version-history":[{"count":1,"href":"https:\/\/laboklin.de\/de-ch\/wp-json\/wp\/v2\/pages\/1336165\/revisions"}],"predecessor-version":[{"id":1509081,"href":"https:\/\/laboklin.de\/de-ch\/wp-json\/wp\/v2\/pages\/1336165\/revisions\/1509081"}],"up":[{"embeddable":true,"href":"https:\/\/laboklin.de\/de-ch\/wp-json\/wp\/v2\/pages\/1332702"}],"wp:attachment":[{"href":"https:\/\/laboklin.de\/de-ch\/wp-json\/wp\/v2\/media?parent=1336165"}],"curies":[{"name":"wp","href":"https:\/\/api.w.org\/{rel}","templated":true}]}}