{"id":1336157,"date":"2020-03-18T13:10:39","date_gmt":"2020-03-18T12:10:39","guid":{"rendered":"https:\/\/laboklin.de\/asit-allergen-spezifische-immuntherapie\/"},"modified":"2025-12-31T14:11:54","modified_gmt":"2025-12-31T13:11:54","slug":"asit-allergen-spezifische-immuntherapie","status":"publish","type":"page","link":"https:\/\/laboklin.de\/de-ch\/asit-allergen-spezifische-immuntherapie\/","title":{"rendered":"ASIT &#8211; Allergen-spezifische Immuntherapie"},"content":{"rendered":"<div class=\"wpb-content-wrapper\"><p>[vc_row][vc_column]<div class=\"dt-fancy-separator title-left h3-size accent-title-color\" style=\"width: 100%;\"><div class=\"dt-fancy-title bg-on\"><span class=\"separator-holder separator-left\"><\/span>ASIT - Allergen-spezifische Immuntherapie, Hyposensibilisierung<span class=\"separator-holder separator-right\"><\/span><\/div><\/div>[\/vc_column][\/vc_row][vc_row type=&#187;vc_default&#187; css=&#187;.vc_custom_1612785877729{margin-top: 30px !important;}&#187;][vc_column][vc_accordion active_tab=&#187;false&#187; collapsible=&#187;yes&#187; style=&#187;2&#8243;][vc_accordion_tab title=&#187; ASIT &#8211; Was ist neu, was ist anders? (1.1.2026) &#171;][vc_column_text css=&#187;.vc_custom_1767186685358{padding-top: 20px !important;padding-right: 20px !important;padding-bottom: 20px !important;padding-left: 20px !important;}&#187;]Antworten finden Sie <a href=\"https:\/\/laboklin.de\/de-ch\/fachinformationen\/allergie-dermatologie\/#!\/ASIT\"><strong>hier<\/strong><\/a>[\/vc_column_text][\/vc_accordion_tab][vc_accordion_tab title=&#187;Wie funktioniert eine ASIT im Immunsystem und welche Vorteile hat eine lebenslange Therapie?&#187;][vc_column_text css=&#187;.vc_custom_1613115707796{padding: 20px !important;}&#187;]Der Pathomechanismus einer ASIT beinhaltet eine Modulation einer Th2- zu einer Th1- Zellantwort und ver\u00e4ndert das Immunsystem dahingehend, dass eine allergische Reaktion des Organismus ausbleibt.<\/p>\n<p>Allergische Erkrankungen sind<b>\u00a0nicht heilbar,\u00a0<\/b>jedoch in 70-80 % der F\u00e4lle mit Hilfe der Allergen-spezifischen Immuntherapie gut<b>\u00a0kontrollierbar.\u00a0<\/b>In manchen F\u00e4llen kommt es bereits nach einigen Wochen zu einer deutlichen Verbesserung, in anderen F\u00e4llen jedoch dauert es 10 Monate oder l\u00e4nger, bis eine klinische Verbesserung sichtbar wird. Bei gutem Ansprechen auf die Therapie empfiehlt es sich, diese unbedingt lebenslang durchzuf\u00fchren. Die Immuntherapie sollte daher auch nach Symptombesserung oder Symptomfreiheit unbedingt fortgesetzt werden.[\/vc_column_text][\/vc_accordion_tab][vc_accordion_tab title=&#187;Muss die ASIT injiziert werden? Gibt es entsprechend der Humanmedizin auch eine orale ASIT?&#187;][vc_column_text css=&#187;.vc_custom_1613115729024{padding: 20px !important;}&#187;]Ja, die gibt es. Aber die sublinguale immunspezifische Therapie (SLIT) wird momentan noch nicht in Deutschland angeboten.[\/vc_column_text][\/vc_accordion_tab][vc_accordion_tab title=&#187;Wann sollte eine ASIT begonnen werden?&#187;][vc_column_text css=&#187;.vc_custom_1613115743673{padding: 20px !important;}&#187;]<\/p>\n<ul>\n<li>Bei Tieren, die \u00e4lter als 1 Jahr sind<\/li>\n<li>Bei saisonal auftretenden Allergenen wie Pollen und Insekten \u25ba nach der Saison<\/li>\n<li>Bei ganzj\u00e4hrig auftretenden Allergenen wie Milben und Schimmelpilze \u25ba ganzj\u00e4hrig<\/li>\n<\/ul>\n<p>[\/vc_column_text][\/vc_accordion_tab][vc_accordion_tab title=&#187;Bestellung: Muss man nach einer durchgef\u00fchrten Ausdifferenzierung (Einzelallergenbestimmung)<br \/>\ndie ASIT sofort bestellen bzw. wie lange kann man warten?&#187;][vc_column_text css=&#187;.vc_custom_1613115760904{padding: 20px !important;}&#187;]Man kann bis zu einigen Monaten warten. Nach einem l\u00e4ngeren Zeitraum (halbes bis zu einem Jahr oder l\u00e4nger) sollte aber eine neuerliche Austestung stattfinden, da sich die Sensibilisierung bzw. das Allergenspektrum ge\u00e4ndert haben kann, und man ja eine aktuelle, individuelle, allergenspezifische L\u00f6sung spritzen m\u00f6chte.[\/vc_column_text][\/vc_accordion_tab][vc_accordion_tab title=&#187;Bestellung: Kann ich auch eine ASIT bestellen, wenn der Test (Blut- oder Intrakutantest)<br \/>\nnicht bei Laboklin durchgef\u00fchrt wurde?&#187;][vc_column_text css=&#187;.vc_custom_1613115840702{padding: 20px !important;}&#187;]Prinzipiell muss der Test nicht bei Laboklin durchgef\u00fchrt worden sein.[\/vc_column_text][\/vc_accordion_tab][vc_accordion_tab title=&#187;&#171;Standard-ASIT&#171;? &#8211; Kann eine ASIT mit Standard-Allergenmischungen durchgef\u00fchrt werden?&#187;][vc_column_text css=&#187;.vc_custom_1613115861344{padding: 20px !important;}&#187;]Jedes Tier \u2013 genauso wie jeder Mensch \u2013 reagiert gerade im Fall einer Allergie sehr individuell auf bekannte Allergene. Es gibt auch Studien, die belegen, dass eine \u201eStandard\u201c-ASIT, welche die g\u00e4ngigsten ganzj\u00e4hrigen bzw. saisonalen Allergene enth\u00e4lt, wesentlich schlechtere Erfolgsquoten (30 %, Placebo) aufweist als eine auf den Patienten individuell zugeschnittene L\u00f6sung. Deshalb sollte immer eine Einzelallergenbestimmung (Ausdifferenzierung) erfolgen, um eine patientengerechte individuelle ASIT zusammenstellen zu k\u00f6nnen.[\/vc_column_text][\/vc_accordion_tab][vc_accordion_tab title=&#187;Prophylaktische Durchf\u00fchrung der ASIT: Ist das sinnvoll (Beispiel: Pferd soll aus Island<br \/>\neingef\u00fchrt werden oder Fohlen soll schon in Island hyposensibilisiert werden \u2026)?&#187;][vc_column_text css=&#187;.vc_custom_1613115876233{padding: 20px !important;}&#187;]Nein, wenn keine Symptomatik vorliegt, macht es wenig Sinn, einen Allergietest bzw. eine ASIT durchzuf\u00fchren. Allergie ist eine klinische Diagnose. Ein positiver Allergietest liefert in diesem Fall nur eine Aussage \u00fcber eine Sensibilisierung. Aber eine Sensibilisierung bedingt nicht zwangsl\u00e4ufig eine klinische Symptomatik und ohne Klinik keine Erkrankung. Ein positiver Allergietest kann zwar bedeuten, dass sich ein Tier unter dem Schwellenwert befindet, es kann jedoch auch hei\u00dfen, dass es nie allergische Symptomatik entwickeln muss.[\/vc_column_text][\/vc_accordion_tab][vc_accordion_tab title=&#187;Tr\u00e4chtigkeit: Das Tier ist tr\u00e4chtig geworden, was ist zu beachten?&#187;][vc_column_text css=&#187;.vc_custom_1613115891393{padding: 20px !important;}&#187;]Leider liegen diesbez\u00fcglich noch keine zuverl\u00e4ssigen Daten vor, daher ist es empfehlenswert, diese Therapie nicht bei tr\u00e4chtigen Tieren anzuwenden.[\/vc_column_text][\/vc_accordion_tab][vc_accordion_tab title=&#187;Therapieunterbrechung: Der Besitzer hat einige Wochen vergessen \/ es nicht geschafft,<br \/>\ndie ASIT zu applizieren \u2013 wie bzw. mit welcher Dosis steige ich nach einer l\u00e4ngeren Pause wieder ein?&#187;][vc_column_text css=&#187;.vc_custom_1613115905585{padding: 20px !important;}&#187;]Das h\u00e4ngt von der Dauer der Therapieunterbrechung ab. Bitte wenden Sie sich an unser Allergie-Team.[\/vc_column_text][\/vc_accordion_tab][vc_accordion_tab title=&#187;Impfungen: Darf ich sie gleichzeitig mit der ASIT durchf\u00fchren?&#187;][vc_column_text css=&#187;.vc_custom_1613115919729{padding: 20px !important;}&#187;]Routineimpfungen sollten nicht gleichzeitig mit der Injektion der Allergen-spezifischen Immuntherapie appliziert werden, sondern fr\u00fchestens drei Tage nach der Injektion und bei bereits l\u00e4ngeren Intervallen in der Mitte zwischen den Injektionen erfolgen.[\/vc_column_text][\/vc_accordion_tab][\/vc_accordion][\/vc_column][\/vc_row][vc_row type=&#187;vc_default&#187; css=&#187;.vc_custom_1612785825951{margin-top: 30px !important;}&#187;][vc_column][vc_column_text]<\/p>\n<hr \/>\n<h4><\/h4>\n<h4>Abk\u00fcrzungen<\/h4>\n<p style=\"font-weight: 300;\"><b><strong>FAQ<\/strong><\/b>\u00a0= frequently asked questions<\/p>\n<p style=\"font-weight: 300;\"><b><strong>ASIT<\/strong><\/b>\u00a0= Allergen-spezifische Immuntherapie (neu) = Hyposensibilisierung (alt)<\/p>\n<p style=\"font-weight: 300;\"><b><strong>RK<\/strong><\/b>\u00a0= Reaktionsklasse<\/p>\n<p>[\/vc_column_text][\/vc_column][\/vc_row]<\/p>\n<\/div>","protected":false},"excerpt":{"rendered":"<p>[vc_row][vc_column][\/vc_column][\/vc_row][vc_row type=&#187;vc_default&#187; css=&#187;.vc_custom_1612785877729{margin-top: 30px !important;}&#187;][vc_column][vc_accordion active_tab=&#187;false&#187; collapsible=&#187;yes&#187; style=&#187;2&#8243;][vc_accordion_tab title=&#187; ASIT &#8211; Was ist neu, was ist anders? (1.1.2026) &#171;][vc_column_text css=&#187;.vc_custom_1767186685358{padding-top: 20px !important;padding-right: 20px !important;padding-bottom: 20px !important;padding-left: 20px !important;}&#187;]Antworten finden Sie hier[\/vc_column_text][\/vc_accordion_tab][vc_accordion_tab title=&#187;Wie funktioniert eine ASIT im Immunsystem und welche Vorteile hat eine lebenslange Therapie?&#187;][vc_column_text css=&#187;.vc_custom_1613115707796{padding: 20px !important;}&#187;]Der Pathomechanismus einer ASIT beinhaltet eine Modulation einer Th2-&hellip;<\/p>\n","protected":false},"author":1,"featured_media":0,"parent":0,"menu_order":31,"comment_status":"closed","ping_status":"closed","template":"","meta":{"_seopress_robots_primary_cat":"","_seopress_titles_title":"","_seopress_titles_desc":"","_seopress_robots_index":"","footnotes":""},"class_list":["post-1336157","page","type-page","status-publish","hentry","description-off"],"_links":{"self":[{"href":"https:\/\/laboklin.de\/de-ch\/wp-json\/wp\/v2\/pages\/1336157","targetHints":{"allow":["GET"]}}],"collection":[{"href":"https:\/\/laboklin.de\/de-ch\/wp-json\/wp\/v2\/pages"}],"about":[{"href":"https:\/\/laboklin.de\/de-ch\/wp-json\/wp\/v2\/types\/page"}],"author":[{"embeddable":true,"href":"https:\/\/laboklin.de\/de-ch\/wp-json\/wp\/v2\/users\/1"}],"replies":[{"embeddable":true,"href":"https:\/\/laboklin.de\/de-ch\/wp-json\/wp\/v2\/comments?post=1336157"}],"version-history":[{"count":2,"href":"https:\/\/laboklin.de\/de-ch\/wp-json\/wp\/v2\/pages\/1336157\/revisions"}],"predecessor-version":[{"id":1579644,"href":"https:\/\/laboklin.de\/de-ch\/wp-json\/wp\/v2\/pages\/1336157\/revisions\/1579644"}],"wp:attachment":[{"href":"https:\/\/laboklin.de\/de-ch\/wp-json\/wp\/v2\/media?parent=1336157"}],"curies":[{"name":"wp","href":"https:\/\/api.w.org\/{rel}","templated":true}]}}