{"id":1336141,"date":"2020-10-16T11:36:27","date_gmt":"2020-10-16T09:36:27","guid":{"rendered":"https:\/\/laboklin.de\/leistungen\/genetik\/erbkrankheiten\/katze\/myotonia-congenita\/"},"modified":"2025-02-25T12:21:57","modified_gmt":"2025-02-25T11:21:57","slug":"myotonia-congenita","status":"publish","type":"page","link":"https:\/\/laboklin.de\/de-ch\/leistungen\/genetik\/erbkrankheiten\/katze\/myotonia-congenita\/","title":{"rendered":"Myotonia congenita"},"content":{"rendered":"<h3 class=\"csc-firstHeader\">Myotonia congenita<\/h3><p><span>LABOKLIN Leistungs-ID: 8461<\/span><\/p><p class=\"bodytext\">Myotonia congenita ist eine Krankheit, die die Skelettmuskulatur betrifft. Verursacht wird sie von einer Genmutation, die die Funktion der Chlorid-Kan\u00e4le beeinflusst und autosomal-rezessiv vererbt wird. Symptome der Krankheit sind vor allem ein steifer, staksiger Gang, der sich allerdings durch \u00dcbung wieder verbessern l\u00e4sst. Sichtbar ist auch eine hervortretende Zunge und ein kaum zu \u00f6ffnender Unterkiefer. Oft werden Schwierigkeiten beim Schlucken, ebenso wie \u00fcberm\u00e4\u00dfiges Speicheln beobachtet. <\/p><table class=\"tx-laboklinleistung-table contenttable contenttable-2\" style=\"margin-top: 35px;\"><tr><td class=\"td-0\"><strong>Methode<\/strong><\/td><td class=\"td-1\"><p class=\"bodytext\">Sequenzierung<\/p><\/td><\/tr><tr><td class=\"td-0\"><strong>Erbgang<\/strong><\/td><td class=\"td-1\"><p class=\"bodytext\">autosomal-rezessiv<\/p><\/td><\/tr><tr><td class=\"td-0\"><strong>Dauer<\/strong><\/td><td class=\"td-1\"><p class=\"bodytext\">1 - 2 Wochen nach Erhalt der Probe<\/p><\/td><\/tr><\/table>\n","protected":false},"excerpt":{"rendered":"<p>Myotonia congenitaLABOKLIN Leistungs-ID: 8461Myotonia congenita ist eine Krankheit, die die Skelettmuskulatur betrifft. Verursacht wird sie von einer Genmutation, die die Funktion der Chlorid-Kan\u00e4le beeinflusst und autosomal-rezessiv vererbt wird. Symptome der Krankheit sind vor allem ein steifer, staksiger Gang, der sich allerdings durch \u00dcbung wieder verbessern l\u00e4sst. Sichtbar ist auch eine hervortretende Zunge und ein kaum&hellip;<\/p>\n","protected":false},"author":1,"featured_media":0,"parent":1332704,"menu_order":30,"comment_status":"closed","ping_status":"closed","template":"","meta":{"_seopress_robots_primary_cat":"","_seopress_titles_title":"","_seopress_titles_desc":"","_seopress_robots_index":"","footnotes":""},"class_list":["post-1336141","page","type-page","status-publish","hentry","description-off"],"_links":{"self":[{"href":"https:\/\/laboklin.de\/de-ch\/wp-json\/wp\/v2\/pages\/1336141","targetHints":{"allow":["GET"]}}],"collection":[{"href":"https:\/\/laboklin.de\/de-ch\/wp-json\/wp\/v2\/pages"}],"about":[{"href":"https:\/\/laboklin.de\/de-ch\/wp-json\/wp\/v2\/types\/page"}],"author":[{"embeddable":true,"href":"https:\/\/laboklin.de\/de-ch\/wp-json\/wp\/v2\/users\/1"}],"replies":[{"embeddable":true,"href":"https:\/\/laboklin.de\/de-ch\/wp-json\/wp\/v2\/comments?post=1336141"}],"version-history":[{"count":1,"href":"https:\/\/laboklin.de\/de-ch\/wp-json\/wp\/v2\/pages\/1336141\/revisions"}],"predecessor-version":[{"id":1510691,"href":"https:\/\/laboklin.de\/de-ch\/wp-json\/wp\/v2\/pages\/1336141\/revisions\/1510691"}],"up":[{"embeddable":true,"href":"https:\/\/laboklin.de\/de-ch\/wp-json\/wp\/v2\/pages\/1332704"}],"wp:attachment":[{"href":"https:\/\/laboklin.de\/de-ch\/wp-json\/wp\/v2\/media?parent=1336141"}],"curies":[{"name":"wp","href":"https:\/\/api.w.org\/{rel}","templated":true}]}}